{"id":20774,"date":"2024-11-25T05:45:09","date_gmt":"2024-11-25T05:45:09","guid":{"rendered":"https:\/\/www.nogometnionline.com\/?post_type=product&#038;p=20774"},"modified":"2025-03-11T02:28:20","modified_gmt":"2025-03-11T02:28:20","slug":"otroski-nogometni-dresi-kompleti-fc-bayern-munich-tretji-2024-25-raphael-guerreiro-22","status":"publish","type":"product","link":"https:\/\/www.nogometnizaotroke.com\/nb\/product\/otroski-nogometni-dresi-kompleti-fc-bayern-munich-tretji-2024-25-raphael-guerreiro-22\/","title":{"rendered":"Kj\u00f8p fotballtr\u00f8yer for barn Paris Saint-Germain PSG m\u00e5lvakt tredje 2024-25 Gianluigi Donnarumma 1"},"content":{"rendered":"<p>FC Bayern M\u00fcnchens tredjetr\u00f8ye 2024-25 har en enest\u00e5ende stil som kombinerer klubbens ironiske r\u00f8de og hvite farger over subtil diamantgrafikk. I tillegg til det ironiske treblad-designet, har tr\u00f8yen det klassiske klubbmerket fra 1970-tallet tilbake, som en hyllest til de gylne \u00e5rene i klubbens historie. Tr\u00f8yen f\u00e5r en siste detalj, en flatstrikket polokrage med FCB-emblemet bak i nakken.<\/p>\n<p>Tips for sokker: T-skjorten inkluderer ikke sokker som standard. Hvis du vil ha sokker, velger du sokkealternativene for \u00e5 betale for dem.<\/p>\n<p>Utskriftstips: Hvis navnet og nummeret i bildet er n\u00f8yaktig det du vil ha, trenger du ikke \u00e5 skrive det inn p\u00e5 nytt. Hvis det ikke er det, skriver du inn det navnet og nummeret du vil ha.<\/p>\n<p>Vasketips: Det anbefales \u00e5 vaske fotballtr\u00f8yene for h\u00e5nd. Hvis du vil bruke vaskemaskin, m\u00e5 du huske \u00e5 snu tr\u00f8yen og deretter vaske den. Fyll maskinen med kaldt vann og bruk en sk\u00e5nsom vaskesyklus for \u00e5 beskytte fargene bedre.<\/p>","protected":false},"excerpt":{"rendered":"<p>FC Bayern Munich Tretji 2024-25 dresi ima neprimerljiv slog, ki zdru\u017euje ironi\u010dne rde\u010de in bele barve kluba preko subtilne diamantne grafike. Poleg ironi\u010dnega trilistnima je na dresu vrnjena klasi\u010dna klubska zna\u010dka iz sedemdesetih let prej\u0161njega stoletja, ki slavi zlata leta v zgodovini kluba. Komplet dobi \u0161e zadnji dotik, ravno pleten polo ovratnik z oznako FCB [&hellip;]<\/p>","protected":false},"featured_media":23823,"comment_status":"open","ping_status":"closed","template":"","meta":[],"product_brand":[],"product_cat":[73,40],"product_tag":[153,1725,1682,1726,1727,1680,1683,147],"class_list":{"0":"post-20774","1":"product","2":"type-product","3":"status-publish","4":"has-post-thumbnail","6":"product_cat-otroski","7":"product_cat-nogometni-dresi-bayern-munich","8":"product_tag-nogometni-dresi","9":"product_tag-nogometni-dresi-psg-za-otroke","10":"product_tag-nogometni-dresi-trgovina","11":"product_tag-otroski-dresi-psg-z-lastnim-imenom","12":"product_tag-otroski-nogometni-dresi-psg","13":"product_tag-poceni-nogometni-dresi-kompleti","14":"product_tag-poceni-nogometni-dresi-za-otroke","15":"product_tag-slovenski-nogometni-dresi","17":"first","18":"instock","19":"shipping-taxable","20":"purchasable","21":"product-type-variable"},"_links":{"self":[{"href":"https:\/\/www.nogometnizaotroke.com\/nb\/wp-json\/wp\/v2\/product\/20774","targetHints":{"allow":["GET"]}}],"collection":[{"href":"https:\/\/www.nogometnizaotroke.com\/nb\/wp-json\/wp\/v2\/product"}],"about":[{"href":"https:\/\/www.nogometnizaotroke.com\/nb\/wp-json\/wp\/v2\/types\/product"}],"replies":[{"embeddable":true,"href":"https:\/\/www.nogometnizaotroke.com\/nb\/wp-json\/wp\/v2\/comments?post=20774"}],"wp:featuredmedia":[{"embeddable":true,"href":"https:\/\/www.nogometnizaotroke.com\/nb\/wp-json\/wp\/v2\/media\/23823"}],"wp:attachment":[{"href":"https:\/\/www.nogometnizaotroke.com\/nb\/wp-json\/wp\/v2\/media?parent=20774"}],"wp:term":[{"taxonomy":"product_brand","embeddable":true,"href":"https:\/\/www.nogometnizaotroke.com\/nb\/wp-json\/wp\/v2\/product_brand?post=20774"},{"taxonomy":"product_cat","embeddable":true,"href":"https:\/\/www.nogometnizaotroke.com\/nb\/wp-json\/wp\/v2\/product_cat?post=20774"},{"taxonomy":"product_tag","embeddable":true,"href":"https:\/\/www.nogometnizaotroke.com\/nb\/wp-json\/wp\/v2\/product_tag?post=20774"}],"curies":[{"name":"wp","href":"https:\/\/api.w.org\/{rel}","templated":true}]}}