{"id":20636,"date":"2024-11-22T02:35:52","date_gmt":"2024-11-22T02:35:52","guid":{"rendered":"https:\/\/www.nogometnionline.com\/?post_type=product&#038;p=20636"},"modified":"2024-11-22T02:35:55","modified_gmt":"2024-11-22T02:35:55","slug":"otroski-nogometni-dresi-kompleti-fc-bayern-munich-domaci-2024-25-konrad-laimer-27","status":"publish","type":"product","link":"https:\/\/www.nogometnizaotroke.com\/nb\/product\/otroski-nogometni-dresi-kompleti-fc-bayern-munich-domaci-2024-25-konrad-laimer-27\/","title":{"rendered":"Fotballtr\u00f8yer for barn FC Bayern M\u00fcnchen Hjem 2024-25 Konrad Laimer 27"},"content":{"rendered":"<p>FC Bayern M\u00fcnchen Hjemmebanetr\u00f8yene for 2024-25 er en hyllest til identiteten, f\u00f8lelsene og dramatikken i spillet vi elsker. Tre nyanser av r\u00f8dt dekker tr\u00f8yen, med dypere r\u00f8dt p\u00e5 v\u00e5penskjoldet og sponsorene. Denne sesongens drakt fortsetter de tre temaene, og er en subtil hyllest til klubbens trippelvinnere - klubben har vunnet Bundesliga, DFB-Pokal og UEFA Champions League - en bragd ingen annen klubb noen gang har oppn\u00e5dd.<\/p>\n<p>Tips for sokker: T-skjorten inkluderer ikke sokker som standard. Hvis du vil ha sokker, velger du sokkealternativene for \u00e5 betale for dem.<\/p>\n<p>Utskriftstips: Hvis navnet og nummeret i bildet er n\u00f8yaktig det du vil ha, trenger du ikke \u00e5 skrive det inn p\u00e5 nytt. Hvis det ikke er det, skriver du inn det navnet og nummeret du vil ha.<\/p>\n<p>Vasketips: Det anbefales \u00e5 vaske fotballtr\u00f8yene for h\u00e5nd. Hvis du vil bruke vaskemaskin, m\u00e5 du huske \u00e5 snu tr\u00f8yen og deretter vaske den. Fyll maskinen med kaldt vann og bruk en sk\u00e5nsom vaskesyklus for \u00e5 beskytte fargene bedre.<\/p>","protected":false},"excerpt":{"rendered":"<p>FC Bayern Munich Doma\u010di 2024-25 dresi so poklon identiteti, \u010dustvom in drami igre, ki jo imamo radi. Trije odtenki rde\u010de prekrivajo dres, z globljo rde\u010do na grbu in sponzorjih. V nadaljevanju treh tem komplet to sezono prevzame subtilen poklon klubskim na\u010dinom osvajanja trojnih zmagovalk \u2013 osvojil je Bundesligo, DFB-Pokal in UEFA Ligo prvakov \u2013 podvig, [&hellip;]<\/p>","protected":false},"featured_media":20638,"comment_status":"open","ping_status":"closed","template":"","meta":[],"product_brand":[],"product_cat":[73,40],"product_tag":[881,1512,153,882,159,560,148,374,315,147],"class_list":{"0":"post-20636","1":"product","2":"type-product","3":"status-publish","4":"has-post-thumbnail","6":"product_cat-otroski","7":"product_cat-nogometni-dresi-bayern-munich","8":"product_tag-dresi-bayern-munich-za-otroski","9":"product_tag-konrad-laimer-dresi","10":"product_tag-nogometni-dresi","11":"product_tag-nogometni-dresi-bayern-munich-za-otroski-z-lastnim-tiskom","12":"product_tag-otroski-nogometni-dresi","13":"product_tag-otroski-nogometni-dresi-bayern-munich-z-lastnim-imenom","14":"product_tag-poceni-nogometni-dresi","15":"product_tag-poceni-nogometni-dresi-bayern-munich-z-lastnim-imenom-online","16":"product_tag-poceni-otroski-nogometni-dresi-bayern-munich-z-lastnim-imenom","17":"product_tag-slovenski-nogometni-dresi","19":"first","20":"instock","21":"shipping-taxable","22":"purchasable","23":"product-type-variable"},"_links":{"self":[{"href":"https:\/\/www.nogometnizaotroke.com\/nb\/wp-json\/wp\/v2\/product\/20636","targetHints":{"allow":["GET"]}}],"collection":[{"href":"https:\/\/www.nogometnizaotroke.com\/nb\/wp-json\/wp\/v2\/product"}],"about":[{"href":"https:\/\/www.nogometnizaotroke.com\/nb\/wp-json\/wp\/v2\/types\/product"}],"replies":[{"embeddable":true,"href":"https:\/\/www.nogometnizaotroke.com\/nb\/wp-json\/wp\/v2\/comments?post=20636"}],"wp:featuredmedia":[{"embeddable":true,"href":"https:\/\/www.nogometnizaotroke.com\/nb\/wp-json\/wp\/v2\/media\/20638"}],"wp:attachment":[{"href":"https:\/\/www.nogometnizaotroke.com\/nb\/wp-json\/wp\/v2\/media?parent=20636"}],"wp:term":[{"taxonomy":"product_brand","embeddable":true,"href":"https:\/\/www.nogometnizaotroke.com\/nb\/wp-json\/wp\/v2\/product_brand?post=20636"},{"taxonomy":"product_cat","embeddable":true,"href":"https:\/\/www.nogometnizaotroke.com\/nb\/wp-json\/wp\/v2\/product_cat?post=20636"},{"taxonomy":"product_tag","embeddable":true,"href":"https:\/\/www.nogometnizaotroke.com\/nb\/wp-json\/wp\/v2\/product_tag?post=20636"}],"curies":[{"name":"wp","href":"https:\/\/api.w.org\/{rel}","templated":true}]}}