{"id":20234,"date":"2024-11-17T05:25:44","date_gmt":"2024-11-17T05:25:44","guid":{"rendered":"https:\/\/www.nogometnionline.com\/?post_type=product&#038;p=20234"},"modified":"2025-03-11T02:25:37","modified_gmt":"2025-03-11T02:25:37","slug":"otroski-nogometni-dresi-za-otroke-paris-saint-germain-psg-tretji-2024-25-achraf-hakimi-2","status":"publish","type":"product","link":"https:\/\/www.nogometnizaotroke.com\/nb\/product\/otroski-nogometni-dresi-za-otroke-paris-saint-germain-psg-tretji-2024-25-achraf-hakimi-2\/","title":{"rendered":"Poceni Otro\u0161ki Nogometni Dresi kompleti AC Milan Vratar Tretji 2024-25 Mike Maignan 16"},"content":{"rendered":"<p>Tretji dres PSG 24-25 ima povezovalno temo, ki se osredoto\u010da na vzpon \u017eenskega nogometa. Logotip, ki spreminja barvo na sprednji strani, simbolizira povezavo med obema ekipama in predstavlja rasto\u010de gibanje v nogometu. Novi dres utele\u0161a sporo\u010dilo \u201cTogether We Rise\u201d \u2013 naklon napredku in krepitvi mo\u010di v nogometu.\u201dNovo Tretji Nogometni dresi PSG 2024-25 je ve\u010dinoma \u201crjavo ro\u017enata\u201d v kombinaciji s \u010drnimi poudarki. Poleg barvne sheme obstajata \u0161e dva elementa, zaradi katerih PSG 24-25 third izstopa. Logotipi in sredinska \u010drta.<\/p>\n<p>Tips for sokker: T-skjorten inkluderer ikke sokker som standard. Hvis du vil ha sokker, velger du sokkealternativene for \u00e5 betale for dem.<\/p>\n<p>Utskriftstips: Hvis navnet og nummeret i bildet er n\u00f8yaktig det du vil ha, trenger du ikke \u00e5 skrive det inn p\u00e5 nytt. Hvis det ikke er det, skriver du inn det navnet og nummeret du vil ha.<\/p>\n<p>Vasketips: Det anbefales \u00e5 vaske fotballtr\u00f8yene for h\u00e5nd. Hvis du vil bruke vaskemaskin, m\u00e5 du huske \u00e5 snu tr\u00f8yen og deretter vaske den. Fyll maskinen med kaldt vann og bruk en sk\u00e5nsom vaskesyklus for \u00e5 beskytte fargene bedre.<\/p>","protected":false},"excerpt":{"rendered":"<p>Tretji dres PSG 24-25 ima povezovalno temo, ki se osredoto\u010da na vzpon \u017eenskega nogometa. Logotip, ki spreminja barvo na sprednji strani, simbolizira povezavo med obema ekipama in predstavlja rasto\u010de gibanje v nogometu. Novi dres utele\u0161a sporo\u010dilo \u201cTogether We Rise\u201d \u2013 naklon napredku in krepitvi mo\u010di v nogometu.\u201dNovo Tretji Nogometni dresi PSG 2024-25 je ve\u010dinoma \u201crjavo [&hellip;]<\/p>","protected":false},"featured_media":23793,"comment_status":"open","ping_status":"closed","template":"","meta":[],"product_brand":[],"product_cat":[73,37],"product_tag":[1676,1674,1677,1678,1679,159,188,1680],"class_list":{"0":"post-20234","1":"product","2":"type-product","3":"status-publish","4":"has-post-thumbnail","6":"product_cat-otroski","7":"product_cat-nogometni-dresi-psg","8":"product_tag-mike-maignan-dresi","9":"product_tag-nogometni-dres-slovenija","10":"product_tag-nogometni-dresi-za-otroke-ac-milan","11":"product_tag-nogometni-otroski-dresi","12":"product_tag-otroski-dres-za-nogomet","13":"product_tag-otroski-nogometni-dresi","14":"product_tag-poceni-nogometni-dresi-ac-milan-z-lastnim-imenom-online","15":"product_tag-poceni-nogometni-dresi-kompleti","17":"first","18":"instock","19":"shipping-taxable","20":"purchasable","21":"product-type-variable"},"_links":{"self":[{"href":"https:\/\/www.nogometnizaotroke.com\/nb\/wp-json\/wp\/v2\/product\/20234","targetHints":{"allow":["GET"]}}],"collection":[{"href":"https:\/\/www.nogometnizaotroke.com\/nb\/wp-json\/wp\/v2\/product"}],"about":[{"href":"https:\/\/www.nogometnizaotroke.com\/nb\/wp-json\/wp\/v2\/types\/product"}],"replies":[{"embeddable":true,"href":"https:\/\/www.nogometnizaotroke.com\/nb\/wp-json\/wp\/v2\/comments?post=20234"}],"wp:featuredmedia":[{"embeddable":true,"href":"https:\/\/www.nogometnizaotroke.com\/nb\/wp-json\/wp\/v2\/media\/23793"}],"wp:attachment":[{"href":"https:\/\/www.nogometnizaotroke.com\/nb\/wp-json\/wp\/v2\/media?parent=20234"}],"wp:term":[{"taxonomy":"product_brand","embeddable":true,"href":"https:\/\/www.nogometnizaotroke.com\/nb\/wp-json\/wp\/v2\/product_brand?post=20234"},{"taxonomy":"product_cat","embeddable":true,"href":"https:\/\/www.nogometnizaotroke.com\/nb\/wp-json\/wp\/v2\/product_cat?post=20234"},{"taxonomy":"product_tag","embeddable":true,"href":"https:\/\/www.nogometnizaotroke.com\/nb\/wp-json\/wp\/v2\/product_tag?post=20234"}],"curies":[{"name":"wp","href":"https:\/\/api.w.org\/{rel}","templated":true}]}}