{"id":19959,"date":"2024-11-12T05:49:56","date_gmt":"2024-11-12T05:49:56","guid":{"rendered":"https:\/\/www.nogometnionline.com\/?post_type=product&#038;p=19959"},"modified":"2024-11-12T05:50:01","modified_gmt":"2024-11-12T05:50:01","slug":"otroski-nogometni-dresi-kompleti-za-otroke-inter-milan-tretji-2024-25-joaquin-correa-11","status":"publish","type":"product","link":"https:\/\/www.nogometnizaotroke.com\/nb\/product\/otroski-nogometni-dresi-kompleti-za-otroke-inter-milan-tretji-2024-25-joaquin-correa-11\/","title":{"rendered":"Fotballtr\u00f8yer for barn Inter Milan Third 2024-25 Joaquin Correa 11"},"content":{"rendered":"<p>Tretji komplet Inter Milan 24-25 dresi se zgleduje po tretjem kompletu ekipe Umbro 96-97.Tretji nogometni dresi Inter 2024-2025 ima edinstven in poseben dizajn z glavno barvo \u201cUniversity Gold\u201d v kombinaciji z zgornjim Swoosh in Interjevim grbom na sredini prsnega ko\u0161a.\u201dNotranji ponos\u201d na ovratniku slavi tudi Interjevo \u017eensko ekipo z letnico ustanovitve 1908 in letom 2018, v katerem je bilo ustanovljeno Inter Women.Tretji dres Inter Milan 24-25 ima dizajn z dvojnimi \u010drtami ob straneh z grafiko, ki jo je navdihnila milanska katedrala \u2013 arhitekturna znamenitost mesta Milano. Ta oblika spominja na tretji dres 96-97.<\/p>\n<p>Tips for sokker: T-skjorten inkluderer ikke sokker som standard. Hvis du vil ha sokker, velger du sokkealternativene for \u00e5 betale for dem.<\/p>\n<p>Utskriftstips: Hvis navnet og nummeret i bildet er n\u00f8yaktig det du vil ha, trenger du ikke \u00e5 skrive det inn p\u00e5 nytt. Hvis det ikke er det, skriver du inn det navnet og nummeret du vil ha.<\/p>\n<p>Vasketips: Det anbefales \u00e5 vaske fotballtr\u00f8yene for h\u00e5nd. Hvis du vil bruke vaskemaskin, m\u00e5 du huske \u00e5 snu tr\u00f8yen og deretter vaske den. Fyll maskinen med kaldt vann og bruk en sk\u00e5nsom vaskesyklus for \u00e5 beskytte fargene bedre.<\/p>","protected":false},"excerpt":{"rendered":"<p>Tretji komplet Inter Milan 24-25 dresi se zgleduje po tretjem kompletu ekipe Umbro 96-97.Tretji nogometni dresi Inter 2024-2025 ima edinstven in poseben dizajn z glavno barvo \u201cUniversity Gold\u201d v kombinaciji z zgornjim Swoosh in Interjevim grbom na sredini prsnega ko\u0161a.\u201dNotranji ponos\u201d na ovratniku slavi tudi Interjevo \u017eensko ekipo z letnico ustanovitve 1908 in letom 2018, [&hellip;]<\/p>","protected":false},"featured_media":19961,"comment_status":"open","ping_status":"closed","template":"","meta":[],"product_brand":[],"product_cat":[73,47],"product_tag":[1228,1477,153,480,479,1229,1227,148,197,147],"class_list":{"0":"post-19959","1":"product","2":"type-product","3":"status-publish","4":"has-post-thumbnail","6":"product_cat-otroski","7":"product_cat-nogometni-dresi-inter-milan","8":"product_tag-dresi-inter-milan-za-otroke","9":"product_tag-joaquin-correa-dresi","10":"product_tag-nogometni-dresi","11":"product_tag-nogometni-dresi-inter-milan-prodaja","12":"product_tag-nogometni-dresi-inter-milan-z-lastnim-tiskom","13":"product_tag-otroski-dresi-inter-milan-z-lastnim-imenom","14":"product_tag-otroski-nogometni-dresi-inter-milan","15":"product_tag-poceni-nogometni-dresi","16":"product_tag-poceni-nogometni-dresi-inter-milan-z-lastnim-imenom-online","17":"product_tag-slovenski-nogometni-dresi","19":"first","20":"instock","21":"shipping-taxable","22":"purchasable","23":"product-type-variable"},"_links":{"self":[{"href":"https:\/\/www.nogometnizaotroke.com\/nb\/wp-json\/wp\/v2\/product\/19959","targetHints":{"allow":["GET"]}}],"collection":[{"href":"https:\/\/www.nogometnizaotroke.com\/nb\/wp-json\/wp\/v2\/product"}],"about":[{"href":"https:\/\/www.nogometnizaotroke.com\/nb\/wp-json\/wp\/v2\/types\/product"}],"replies":[{"embeddable":true,"href":"https:\/\/www.nogometnizaotroke.com\/nb\/wp-json\/wp\/v2\/comments?post=19959"}],"wp:featuredmedia":[{"embeddable":true,"href":"https:\/\/www.nogometnizaotroke.com\/nb\/wp-json\/wp\/v2\/media\/19961"}],"wp:attachment":[{"href":"https:\/\/www.nogometnizaotroke.com\/nb\/wp-json\/wp\/v2\/media?parent=19959"}],"wp:term":[{"taxonomy":"product_brand","embeddable":true,"href":"https:\/\/www.nogometnizaotroke.com\/nb\/wp-json\/wp\/v2\/product_brand?post=19959"},{"taxonomy":"product_cat","embeddable":true,"href":"https:\/\/www.nogometnizaotroke.com\/nb\/wp-json\/wp\/v2\/product_cat?post=19959"},{"taxonomy":"product_tag","embeddable":true,"href":"https:\/\/www.nogometnizaotroke.com\/nb\/wp-json\/wp\/v2\/product_tag?post=19959"}],"curies":[{"name":"wp","href":"https:\/\/api.w.org\/{rel}","templated":true}]}}