{"id":19928,"date":"2024-11-11T02:44:26","date_gmt":"2024-11-11T02:44:26","guid":{"rendered":"https:\/\/www.nogometnionline.com\/?post_type=product&#038;p=19928"},"modified":"2024-11-11T03:04:31","modified_gmt":"2024-11-11T03:04:31","slug":"poceni-moski-nogometni-dresi-ajax-tretji-2024-25-bela-z-lastnim-imenom-online","status":"publish","type":"product","link":"https:\/\/www.nogometnizaotroke.com\/nb\/product\/poceni-moski-nogometni-dresi-ajax-tretji-2024-25-bela-z-lastnim-imenom-online\/","title":{"rendered":"Poceni Mo\u0161ki Nogometni dresi Ajax Tretji 2024-25 bela z lastnim imenom online"},"content":{"rendered":"<p>Nova tretji nogometni dresi majica AFC Ajax 2024-25 je prete\u017eno \u201cClear Grey\u201d v kombinaciji s temno poudarjeno barvo.\u0160e en klju\u010dni oblikovni element novega dresa Ajax 24-25 za tretje gostovanje je seveda subtilen geometrijski vzorec na sprednji in zadnji strani. Na vzorcu so znameniti trije kri\u017ei amsterdamske zastave. Kri\u017e se v manj\u0161i obliki pojavlja tudi na zgornjem delu hrbta dresa, pod ovratnikom.Tretji dres Ajax 24-25 ima na sprednji strani geometrijski vzorec, ki ga navdihuje arhitekturni slog amsterdamske \u0161ole. Arhitekturni slog, ki ga lahko opazimo po vsem mestu in je, tako kot \u0161ola Ajax, za katerega je zna\u010dilna uporaba ekspresivnih in domiselnih oblik.<\/p>\n<p>Tips for sokker: T-skjorten inkluderer ikke sokker som standard. Hvis du vil ha sokker, velger du sokkealternativene for \u00e5 betale for dem.<\/p>\n<p>Utskriftstips: Hvis navnet og nummeret i bildet er n\u00f8yaktig det du vil ha, trenger du ikke \u00e5 skrive det inn p\u00e5 nytt. Hvis det ikke er det, skriver du inn det navnet og nummeret du vil ha.<\/p>\n<p>Vasketips: Det anbefales \u00e5 vaske fotballtr\u00f8yene for h\u00e5nd. Hvis du vil bruke vaskemaskin, m\u00e5 du huske \u00e5 snu tr\u00f8yen og deretter vaske den. Fyll maskinen med kaldt vann og bruk en sk\u00e5nsom vaskesyklus for \u00e5 beskytte fargene bedre.<\/p>","protected":false},"excerpt":{"rendered":"<p>Nova tretji nogometni dresi majica AFC Ajax 2024-25 je prete\u017eno \u201cClear Grey\u201d v kombinaciji s temno poudarjeno barvo.\u0160e en klju\u010dni oblikovni element novega dresa Ajax 24-25 za tretje gostovanje je seveda subtilen geometrijski vzorec na sprednji in zadnji strani. Na vzorcu so znameniti trije kri\u017ei amsterdamske zastave. Kri\u017e se v manj\u0161i obliki pojavlja tudi na [&hellip;]<\/p>","protected":false},"featured_media":19930,"comment_status":"open","ping_status":"closed","template":"","meta":[],"product_brand":[],"product_cat":[140,57],"product_tag":[1022,150,1023,153,1028,148,1027,147],"class_list":{"0":"post-19928","1":"product","2":"type-product","3":"status-publish","4":"has-post-thumbnail","6":"product_cat-moski","7":"product_cat-nogometni-dresi-ajax","8":"product_tag-moski-dresi-ajax-z-lastnim-imenom","9":"product_tag-moski-nogometni-dresi","10":"product_tag-moski-nogometni-dresi-ajax","11":"product_tag-nogometni-dresi","12":"product_tag-nogometni-dresi-ajax-z-lastnim-imenom","13":"product_tag-poceni-nogometni-dresi","14":"product_tag-poceni-nogometni-dresi-ajax","15":"product_tag-slovenski-nogometni-dresi","17":"first","18":"instock","19":"shipping-taxable","20":"purchasable","21":"product-type-variable"},"_links":{"self":[{"href":"https:\/\/www.nogometnizaotroke.com\/nb\/wp-json\/wp\/v2\/product\/19928","targetHints":{"allow":["GET"]}}],"collection":[{"href":"https:\/\/www.nogometnizaotroke.com\/nb\/wp-json\/wp\/v2\/product"}],"about":[{"href":"https:\/\/www.nogometnizaotroke.com\/nb\/wp-json\/wp\/v2\/types\/product"}],"replies":[{"embeddable":true,"href":"https:\/\/www.nogometnizaotroke.com\/nb\/wp-json\/wp\/v2\/comments?post=19928"}],"wp:featuredmedia":[{"embeddable":true,"href":"https:\/\/www.nogometnizaotroke.com\/nb\/wp-json\/wp\/v2\/media\/19930"}],"wp:attachment":[{"href":"https:\/\/www.nogometnizaotroke.com\/nb\/wp-json\/wp\/v2\/media?parent=19928"}],"wp:term":[{"taxonomy":"product_brand","embeddable":true,"href":"https:\/\/www.nogometnizaotroke.com\/nb\/wp-json\/wp\/v2\/product_brand?post=19928"},{"taxonomy":"product_cat","embeddable":true,"href":"https:\/\/www.nogometnizaotroke.com\/nb\/wp-json\/wp\/v2\/product_cat?post=19928"},{"taxonomy":"product_tag","embeddable":true,"href":"https:\/\/www.nogometnizaotroke.com\/nb\/wp-json\/wp\/v2\/product_tag?post=19928"}],"curies":[{"name":"wp","href":"https:\/\/api.w.org\/{rel}","templated":true}]}}