{"id":19683,"date":"2024-11-07T08:52:08","date_gmt":"2024-11-07T08:52:08","guid":{"rendered":"https:\/\/www.nogometnionline.com\/?post_type=product&#038;p=19683"},"modified":"2025-03-11T02:23:55","modified_gmt":"2025-03-11T02:23:55","slug":"moski-nogometni-dresi-za-ekipe-tottenham-hotspur-gostujoci-2024-25-ivan-perisic-14","status":"publish","type":"product","link":"https:\/\/www.nogometnizaotroke.com\/nb\/product\/moski-nogometni-dresi-za-ekipe-tottenham-hotspur-gostujoci-2024-25-ivan-perisic-14\/","title":{"rendered":"Tottenham Hotspur bortefotballtr\u00f8yer for menn 2024-25 Ivan Perisic 14"},"content":{"rendered":"<p>Denne er en tilbakevending til 1980-tallet. Denne Tottenham Hotspur-banetr\u00f8yen 2024-2025 er en kopi av noen av de beste og mest ironiske draktene fra tidlig 80-tall, og er en umiddelbar vinner med en fargepalett og designmal som fanger stilglamouren samtidig som den er lavm\u00e6lt. Tidlig p\u00e5 80-tallet var en periode da Tottenham tok i bruk lysebl\u00e5tt som klubbfarge, ofte p\u00e5 andre- og tredjetr\u00f8yene, og disse ber\u00f8mte draktene inkluderte det minneverdige Bosporus-sponsoratet stolt p\u00e5 forsiden - et sponsorat som ble med klubben i over et ti\u00e5r. To FA-cuper, et Community Shield og en europacupseier fra '80 til '85 oppsummerer en vellykket \u00e6ra og forblir i lysebl\u00e5tt n\u00e5r Spurs \u00f8nsker \u00e5 gjenta suksessen denne sesongen. Tottenham Hotspurs 2024\/25-banedrakt har et elegant, moderne design med en dyp marinebl\u00e5 base som fremheves av dristige, livlige bl\u00e5 og brune detaljer. Tr\u00f8yen har et sl\u00e5ende diagonalt stripem\u00f8nster som gir et dynamisk og moderne preg.<\/p>\n<p>Tips for sokker: T-skjorten inkluderer ikke sokker som standard. Hvis du vil ha sokker, velger du sokkealternativene for \u00e5 betale for dem.<\/p>\n<p>Utskriftstips: Hvis navnet og nummeret i bildet er n\u00f8yaktig det du vil ha, trenger du ikke \u00e5 skrive det inn p\u00e5 nytt. Hvis det ikke er det, skriver du inn det navnet og nummeret du vil ha.<\/p>\n<p>Vasketips: Det anbefales \u00e5 vaske fotballtr\u00f8yene for h\u00e5nd. Hvis du vil bruke vaskemaskin, m\u00e5 du huske \u00e5 snu tr\u00f8yen og deretter vaske den. Fyll maskinen med kaldt vann og bruk en sk\u00e5nsom vaskesyklus for \u00e5 beskytte fargene bedre.<\/p>","protected":false},"excerpt":{"rendered":"<p>Ta je vrnitev v 80. leta. Ta Nogometni dresi Tottenham Hotspur Gostujo\u010di 2024-2025, ki posnema nekatere izmed najbolj\u0161ih in najbolj ironi\u010dnih kompletov iz zgodnjih 80-ih, je takoj\u0161en zmagovalec z barvno paleto in oblikovno predlogo, ki ujame slogovni bli\u0161\u010d, hkrati pa ga ohranja nizko. Zgodnja 80. leta je obdobje, ko je Tottenham sprejel svetlo modro kot [&hellip;]<\/p>","protected":false},"featured_media":19685,"comment_status":"open","ping_status":"closed","template":"","meta":[],"product_brand":[],"product_cat":[42],"product_tag":[1420,545,547,546,768,148,952],"class_list":{"0":"post-19683","1":"product","2":"type-product","3":"status-publish","4":"has-post-thumbnail","6":"product_cat-nogometni-dresi-tottenham-hotspur","7":"product_tag-ivan-perisic-dresi","8":"product_tag-nogometni-dresi-slovenija","9":"product_tag-nogometni-dresi-tottenham-hotspur-prodaja","10":"product_tag-nogometni-dresi-tottenham-hotspur-z-lastnim-tiskom","11":"product_tag-poceni-moski-nogometni-dresi","12":"product_tag-poceni-nogometni-dresi","13":"product_tag-poceni-nogometni-dresi-tottenham-hotspur","15":"first","16":"instock","17":"shipping-taxable","18":"purchasable","19":"product-type-variable"},"_links":{"self":[{"href":"https:\/\/www.nogometnizaotroke.com\/nb\/wp-json\/wp\/v2\/product\/19683","targetHints":{"allow":["GET"]}}],"collection":[{"href":"https:\/\/www.nogometnizaotroke.com\/nb\/wp-json\/wp\/v2\/product"}],"about":[{"href":"https:\/\/www.nogometnizaotroke.com\/nb\/wp-json\/wp\/v2\/types\/product"}],"replies":[{"embeddable":true,"href":"https:\/\/www.nogometnizaotroke.com\/nb\/wp-json\/wp\/v2\/comments?post=19683"}],"wp:featuredmedia":[{"embeddable":true,"href":"https:\/\/www.nogometnizaotroke.com\/nb\/wp-json\/wp\/v2\/media\/19685"}],"wp:attachment":[{"href":"https:\/\/www.nogometnizaotroke.com\/nb\/wp-json\/wp\/v2\/media?parent=19683"}],"wp:term":[{"taxonomy":"product_brand","embeddable":true,"href":"https:\/\/www.nogometnizaotroke.com\/nb\/wp-json\/wp\/v2\/product_brand?post=19683"},{"taxonomy":"product_cat","embeddable":true,"href":"https:\/\/www.nogometnizaotroke.com\/nb\/wp-json\/wp\/v2\/product_cat?post=19683"},{"taxonomy":"product_tag","embeddable":true,"href":"https:\/\/www.nogometnizaotroke.com\/nb\/wp-json\/wp\/v2\/product_tag?post=19683"}],"curies":[{"name":"wp","href":"https:\/\/api.w.org\/{rel}","templated":true}]}}