{"id":18917,"date":"2024-10-24T09:20:00","date_gmt":"2024-10-24T09:20:00","guid":{"rendered":"https:\/\/www.nogometnionline.com\/?post_type=product&#038;p=18917"},"modified":"2024-10-24T09:20:05","modified_gmt":"2024-10-24T09:20:05","slug":"otroski-nogometni-dresi-kompleti-za-otroke-barcelona-tretji-2024-25-inigo-martinez-5","status":"publish","type":"product","link":"https:\/\/www.nogometnizaotroke.com\/nb\/product\/otroski-nogometni-dresi-kompleti-za-otroke-barcelona-tretji-2024-25-inigo-martinez-5\/","title":{"rendered":"Fotballtr\u00f8yesett for barn Barcelona Third 2024-25 Inigo Martinez 5"},"content":{"rendered":"<p>Das Barcelona 2024-25 dritte Trikot besticht durch ein modernes Farbschema. Es kombiniert ein helles Volt mit Blau f\u00fcr Logos und Applikationen. Offiziell lauten die Farben \u201cBarely Volt \/ Old Royal\u201d.Das Bar\u00e7a 2024-2025 dritte Trikot ist mit einem weiblichen Geschlechtssymbol gestaltet \u2013 ein Zwitter, ein Kreis \u00fcber einem Kreuz.<\/p>\n<p>Tips for sokker: T-skjorten inkluderer ikke sokker som standard. Hvis du vil ha sokker, velger du sokkealternativene for \u00e5 betale for dem.<\/p>\n<p>Utskriftstips: Hvis navnet og nummeret i bildet er n\u00f8yaktig det du vil ha, trenger du ikke \u00e5 skrive det inn p\u00e5 nytt. Hvis det ikke er det, skriver du inn det navnet og nummeret du vil ha.<\/p>\n<p>Vasketips: Det anbefales \u00e5 vaske fotballtr\u00f8yene for h\u00e5nd. Hvis du vil bruke vaskemaskin, m\u00e5 du huske \u00e5 snu tr\u00f8yen og deretter vaske den. Fyll maskinen med kaldt vann og bruk en sk\u00e5nsom vaskesyklus for \u00e5 beskytte fargene bedre.<\/p>","protected":false},"excerpt":{"rendered":"<p>Das Barcelona 2024-25 dritte Trikot besticht durch ein modernes Farbschema. Es kombiniert ein helles Volt mit Blau f\u00fcr Logos und Applikationen. Offiziell lauten die Farben \u201cBarely Volt \/ Old Royal\u201d.Das Bar\u00e7a 2024-2025 dritte Trikot ist mit einem weiblichen Geschlechtssymbol gestaltet \u2013 ein Zwitter, ein Kreis \u00fcber einem Kreuz. Nasveti za nogavice: Majica ne vsebuje nogavic [&hellip;]<\/p>","protected":false},"featured_media":18919,"comment_status":"open","ping_status":"closed","template":"","meta":[],"product_brand":[],"product_cat":[73,34],"product_tag":[843,992,1432,191,993,159,991,148,161,147],"class_list":{"0":"post-18917","1":"product","2":"type-product","3":"status-publish","4":"has-post-thumbnail","6":"product_cat-otroski","7":"product_cat-nogometni-dresi-barcelona","8":"product_tag-2024-25-nogometni-dresi","9":"product_tag-dresi-barcelona-za-otroke","10":"product_tag-inigo-martinez-dresi","11":"product_tag-nogometni-dresi-kompleti","12":"product_tag-otroski-dresi-barcelona-z-lastnim-imenom","13":"product_tag-otroski-nogometni-dresi","14":"product_tag-otroski-nogometni-dresi-barcelona","15":"product_tag-poceni-nogometni-dresi","16":"product_tag-poceni-nogometni-dresi-barcelona-z-lastnim-imenom-online","17":"product_tag-slovenski-nogometni-dresi","19":"first","20":"instock","21":"shipping-taxable","22":"purchasable","23":"product-type-variable"},"_links":{"self":[{"href":"https:\/\/www.nogometnizaotroke.com\/nb\/wp-json\/wp\/v2\/product\/18917","targetHints":{"allow":["GET"]}}],"collection":[{"href":"https:\/\/www.nogometnizaotroke.com\/nb\/wp-json\/wp\/v2\/product"}],"about":[{"href":"https:\/\/www.nogometnizaotroke.com\/nb\/wp-json\/wp\/v2\/types\/product"}],"replies":[{"embeddable":true,"href":"https:\/\/www.nogometnizaotroke.com\/nb\/wp-json\/wp\/v2\/comments?post=18917"}],"wp:featuredmedia":[{"embeddable":true,"href":"https:\/\/www.nogometnizaotroke.com\/nb\/wp-json\/wp\/v2\/media\/18919"}],"wp:attachment":[{"href":"https:\/\/www.nogometnizaotroke.com\/nb\/wp-json\/wp\/v2\/media?parent=18917"}],"wp:term":[{"taxonomy":"product_brand","embeddable":true,"href":"https:\/\/www.nogometnizaotroke.com\/nb\/wp-json\/wp\/v2\/product_brand?post=18917"},{"taxonomy":"product_cat","embeddable":true,"href":"https:\/\/www.nogometnizaotroke.com\/nb\/wp-json\/wp\/v2\/product_cat?post=18917"},{"taxonomy":"product_tag","embeddable":true,"href":"https:\/\/www.nogometnizaotroke.com\/nb\/wp-json\/wp\/v2\/product_tag?post=18917"}],"curies":[{"name":"wp","href":"https:\/\/api.w.org\/{rel}","templated":true}]}}