{"id":18857,"date":"2024-10-23T12:45:57","date_gmt":"2024-10-23T12:45:57","guid":{"rendered":"https:\/\/www.nogometnionline.com\/?post_type=product&#038;p=18857"},"modified":"2024-10-23T12:46:02","modified_gmt":"2024-10-23T12:46:02","slug":"otroski-nogometni-dresi-kompleti-barcelona-gostujoci-2024-25-dani-olmo-20","status":"publish","type":"product","link":"https:\/\/www.nogometnizaotroke.com\/nb\/product\/otroski-nogometni-dresi-kompleti-barcelona-gostujoci-2024-25-dani-olmo-20\/","title":{"rendered":"Barnefotballtr\u00f8yer sett Barcelona borte 2024-25 Dani Olmo 20"},"content":{"rendered":"<p>Bortetr\u00f8yen Barcelona 2024-25 kommer tilbake i hovedfargen svart. Dette er klubbens f\u00f8rste svarte drakt siden den svarte og gullfargede drakten i sesongen 2020-21. Den svarte bortetr\u00f8yen 24-25 fokuserer p\u00e5 klubbens farger. B\u00e5de kragen og sidestripene er i klubbfargene til Blaugrana. Det som gj\u00f8r Barcelona 24-25-banetr\u00f8yen enda mer spesiell er Swoosh og v\u00e5penskjoldet. Begge er svarte tone-i-tone, omgitt av et r\u00f8dt\/bl\u00e5tt overlegg.<\/p>\n<p>Tips for sokker: T-skjorten inkluderer ikke sokker som standard. Hvis du vil ha sokker, velger du sokkealternativene for \u00e5 betale for dem.<\/p>\n<p>Utskriftstips: Hvis navnet og nummeret i bildet er n\u00f8yaktig det du vil ha, trenger du ikke \u00e5 skrive det inn p\u00e5 nytt. Hvis det ikke er det, skriver du inn det navnet og nummeret du vil ha.<\/p>\n<p>Vasketips: Det anbefales \u00e5 vaske fotballtr\u00f8yene for h\u00e5nd. Hvis du vil bruke vaskemaskin, m\u00e5 du huske \u00e5 snu tr\u00f8yen og deretter vaske den. Fyll maskinen med kaldt vann og bruk en sk\u00e5nsom vaskesyklus for \u00e5 beskytte fargene bedre.<\/p>","protected":false},"excerpt":{"rendered":"<p>Gostujo\u010di dresi kompleti Barcelona 2024-25 se vra\u010da v glavno \u010drno barvo. To je prvi \u010drni dres kluba po \u010drno-zlatem dresu v sezoni 2020-21.Pri \u010drnem gostujo\u010dem dresu 24-25 se osredoto\u010da na klubske barve. Tako ovratnik kot stranske \u010drte so v klubskih barvah Blaugrana.Zaradi \u010desar je gostujo\u010di dres Barcelone 24-25 \u0161e bolj poseben, sta Swoosh in grb. [&hellip;]<\/p>","protected":false},"featured_media":18859,"comment_status":"open","ping_status":"closed","template":"","meta":[],"product_brand":[],"product_cat":[73,34],"product_tag":[843,937,992,191,993,159,991,148,161,147],"class_list":{"0":"post-18857","1":"product","2":"type-product","3":"status-publish","4":"has-post-thumbnail","6":"product_cat-otroski","7":"product_cat-nogometni-dresi-barcelona","8":"product_tag-2024-25-nogometni-dresi","9":"product_tag-dani-olmo-dresi","10":"product_tag-dresi-barcelona-za-otroke","11":"product_tag-nogometni-dresi-kompleti","12":"product_tag-otroski-dresi-barcelona-z-lastnim-imenom","13":"product_tag-otroski-nogometni-dresi","14":"product_tag-otroski-nogometni-dresi-barcelona","15":"product_tag-poceni-nogometni-dresi","16":"product_tag-poceni-nogometni-dresi-barcelona-z-lastnim-imenom-online","17":"product_tag-slovenski-nogometni-dresi","19":"first","20":"instock","21":"shipping-taxable","22":"purchasable","23":"product-type-variable"},"_links":{"self":[{"href":"https:\/\/www.nogometnizaotroke.com\/nb\/wp-json\/wp\/v2\/product\/18857","targetHints":{"allow":["GET"]}}],"collection":[{"href":"https:\/\/www.nogometnizaotroke.com\/nb\/wp-json\/wp\/v2\/product"}],"about":[{"href":"https:\/\/www.nogometnizaotroke.com\/nb\/wp-json\/wp\/v2\/types\/product"}],"replies":[{"embeddable":true,"href":"https:\/\/www.nogometnizaotroke.com\/nb\/wp-json\/wp\/v2\/comments?post=18857"}],"wp:featuredmedia":[{"embeddable":true,"href":"https:\/\/www.nogometnizaotroke.com\/nb\/wp-json\/wp\/v2\/media\/18859"}],"wp:attachment":[{"href":"https:\/\/www.nogometnizaotroke.com\/nb\/wp-json\/wp\/v2\/media?parent=18857"}],"wp:term":[{"taxonomy":"product_brand","embeddable":true,"href":"https:\/\/www.nogometnizaotroke.com\/nb\/wp-json\/wp\/v2\/product_brand?post=18857"},{"taxonomy":"product_cat","embeddable":true,"href":"https:\/\/www.nogometnizaotroke.com\/nb\/wp-json\/wp\/v2\/product_cat?post=18857"},{"taxonomy":"product_tag","embeddable":true,"href":"https:\/\/www.nogometnizaotroke.com\/nb\/wp-json\/wp\/v2\/product_tag?post=18857"}],"curies":[{"name":"wp","href":"https:\/\/api.w.org\/{rel}","templated":true}]}}