{"id":18725,"date":"2024-10-21T07:39:16","date_gmt":"2024-10-21T07:39:16","guid":{"rendered":"https:\/\/www.nogometnionline.com\/?post_type=product&#038;p=18725"},"modified":"2024-10-21T07:39:21","modified_gmt":"2024-10-21T07:39:21","slug":"otroski-nogometni-dresi-komplet-za-otroke-arsenal-gostujoci-2024-25-riccardo-calafiori-33","status":"publish","type":"product","link":"https:\/\/www.nogometnizaotroke.com\/nb\/product\/otroski-nogometni-dresi-komplet-za-otroke-arsenal-gostujoci-2024-25-riccardo-calafiori-33\/","title":{"rendered":"Otro\u0161ki Nogometni dresi komplet za otroke Arsenal Gostujo\u010di 2024-25 Riccardo Calafiori 33"},"content":{"rendered":"<p>Gostujo\u010di dres Arsenal 2024-25 ima \u010drno osnovno barvo v kombinaciji z rde\u010do in zeleno kot poklon nekdanjima igralcema Arsenal Davidu Rocastlu in Ianu Wrightu.Te barve so \u017ee bile predstavljene na dresu iz omejene izdaje, ki je bil zasnovan za praznovanje prijateljstva med klubskima legendama Wrightyjem in Rockyjem Rocastlom (Ian Wright &amp; David Rocastle). Trenerjevo ime, Honor Oak, namiguje na obmo\u010dje Londona, kjer sta oba igralca odra\u0161\u010dala.Top gostujo\u010dega dresi Arsenal 2024\u20132025 je rde\u010d, logotip je zelen, logotip Emirates Fly Better pa bel. Gostujo\u010di dres Arsenal 2024-25 ima bel grafi\u010dni vzorec na zgornjem sprednjem in spodnjem delu.<\/p>\n<p>Tips for sokker: T-skjorten inkluderer ikke sokker som standard. Hvis du vil ha sokker, velger du sokkealternativene for \u00e5 betale for dem.<\/p>\n<p>Utskriftstips: Hvis navnet og nummeret i bildet er n\u00f8yaktig det du vil ha, trenger du ikke \u00e5 skrive det inn p\u00e5 nytt. Hvis det ikke er det, skriver du inn det navnet og nummeret du vil ha.<\/p>\n<p>Vasketips: Det anbefales \u00e5 vaske fotballtr\u00f8yene for h\u00e5nd. Hvis du vil bruke vaskemaskin, m\u00e5 du huske \u00e5 snu tr\u00f8yen og deretter vaske den. Fyll maskinen med kaldt vann og bruk en sk\u00e5nsom vaskesyklus for \u00e5 beskytte fargene bedre.<\/p>","protected":false},"excerpt":{"rendered":"<p>Gostujo\u010di dres Arsenal 2024-25 ima \u010drno osnovno barvo v kombinaciji z rde\u010do in zeleno kot poklon nekdanjima igralcema Arsenal Davidu Rocastlu in Ianu Wrightu.Te barve so \u017ee bile predstavljene na dresu iz omejene izdaje, ki je bil zasnovan za praznovanje prijateljstva med klubskima legendama Wrightyjem in Rockyjem Rocastlom (Ian Wright &amp; David Rocastle). Trenerjevo ime, [&hellip;]<\/p>","protected":false},"featured_media":18727,"comment_status":"open","ping_status":"closed","template":"","meta":[],"product_brand":[],"product_cat":[73,38],"product_tag":[996,153,220,997,159,995,148,189,1430,147],"class_list":{"0":"post-18725","1":"product","2":"type-product","3":"status-publish","4":"has-post-thumbnail","6":"product_cat-otroski","7":"product_cat-nogometni-dresi-arsenal","8":"product_tag-dresi-arsenal-za-otroke","9":"product_tag-nogometni-dresi","10":"product_tag-nogometni-dresi-za-otroke","11":"product_tag-otroski-dresi-arsenal-z-lastnim-imenom","12":"product_tag-otroski-nogometni-dresi","13":"product_tag-otroski-nogometni-dresi-arsenal","14":"product_tag-poceni-nogometni-dresi","15":"product_tag-poceni-nogometni-dresi-arsenal-z-lastnim-imenom-online","16":"product_tag-riccardo-calafiori-dresi","17":"product_tag-slovenski-nogometni-dresi","19":"first","20":"instock","21":"shipping-taxable","22":"purchasable","23":"product-type-variable"},"_links":{"self":[{"href":"https:\/\/www.nogometnizaotroke.com\/nb\/wp-json\/wp\/v2\/product\/18725","targetHints":{"allow":["GET"]}}],"collection":[{"href":"https:\/\/www.nogometnizaotroke.com\/nb\/wp-json\/wp\/v2\/product"}],"about":[{"href":"https:\/\/www.nogometnizaotroke.com\/nb\/wp-json\/wp\/v2\/types\/product"}],"replies":[{"embeddable":true,"href":"https:\/\/www.nogometnizaotroke.com\/nb\/wp-json\/wp\/v2\/comments?post=18725"}],"wp:featuredmedia":[{"embeddable":true,"href":"https:\/\/www.nogometnizaotroke.com\/nb\/wp-json\/wp\/v2\/media\/18727"}],"wp:attachment":[{"href":"https:\/\/www.nogometnizaotroke.com\/nb\/wp-json\/wp\/v2\/media?parent=18725"}],"wp:term":[{"taxonomy":"product_brand","embeddable":true,"href":"https:\/\/www.nogometnizaotroke.com\/nb\/wp-json\/wp\/v2\/product_brand?post=18725"},{"taxonomy":"product_cat","embeddable":true,"href":"https:\/\/www.nogometnizaotroke.com\/nb\/wp-json\/wp\/v2\/product_cat?post=18725"},{"taxonomy":"product_tag","embeddable":true,"href":"https:\/\/www.nogometnizaotroke.com\/nb\/wp-json\/wp\/v2\/product_tag?post=18725"}],"curies":[{"name":"wp","href":"https:\/\/api.w.org\/{rel}","templated":true}]}}