{"id":18364,"date":"2024-10-12T09:45:18","date_gmt":"2024-10-12T09:45:18","guid":{"rendered":"https:\/\/www.nogometnionline.com\/?post_type=product&#038;p=18364"},"modified":"2024-10-12T09:45:23","modified_gmt":"2024-10-12T09:45:23","slug":"moski-nogometni-dresi-kompleti-chelsea-gostujoci-2024-2025-bela-joao-felix-14","status":"publish","type":"product","link":"https:\/\/www.nogometnizaotroke.com\/nb\/product\/moski-nogometni-dresi-kompleti-chelsea-gostujoci-2024-2025-bela-joao-felix-14\/","title":{"rendered":"Herrer fotballtr\u00f8yer drakter Chelsea borte 2024-2025 hvit Jo\u00e3o F\u00e9lix 14"},"content":{"rendered":"<p>\"Blue Blame\"-temaet p\u00e5 denne hjemmebanetr\u00f8yen til Chelsea FC 24\/25 strekker seg til bortetr\u00f8yen, og fremhever klubbens felles ambisjoner, brennende lidenskap og vilje til \u00e5 lykkes. Den sl\u00e5ende oransje aksentfargen symboliserer ilden som representerer den kollektive drivkraften til alle som er tilknyttet Chelsea, b\u00e5de p\u00e5 og utenfor banen. Slagordet \"Together, We Burn Blue\" oppsummerer dette etoset, og gjenspeiler samholdet og intensiteten klubben \u00f8nsker \u00e5 ta med seg inn i den nye sesongen.Chelsea 2024\/25 Replacement Shirt har et vevd stoff i \"guava ice\", en lysere nyanse av oransje som introduserer en ren, ungdommelig og trendy estetikk. Dette fargevalget gir ikke bare et friskt utseende, men utfyller ogs\u00e5 de mer tradisjonelle fargene som forbindes med Chelsea. Designet har som m\u00e5l \u00e5 appellere til b\u00e5de spillere og fans, og tilbyr et moderne, men tidl\u00f8st utseende som er i tr\u00e5d med dagens motetrender.<\/p>\n<p>Tips for sokker: T-skjorten inkluderer ikke sokker som standard. Hvis du vil ha sokker, velger du sokkealternativene for \u00e5 betale for dem.<\/p>\n<p>Utskriftstips: Hvis navnet og nummeret i bildet er n\u00f8yaktig det du vil ha, trenger du ikke \u00e5 skrive det inn p\u00e5 nytt. Hvis det ikke er det, skriver du inn det navnet og nummeret du vil ha.<\/p>\n<p>Vasketips: Det anbefales \u00e5 vaske fotballtr\u00f8yene for h\u00e5nd. Hvis du vil bruke vaskemaskin, m\u00e5 du huske \u00e5 snu tr\u00f8yen og deretter vaske den. Fyll maskinen med kaldt vann og bruk en sk\u00e5nsom vaskesyklus for \u00e5 beskytte fargene bedre.<\/p>","protected":false},"excerpt":{"rendered":"<p>Tema \u2018Blue Blame\u2019 iz tega doma\u010dega dresa FC Chelsea 24\/25 se raz\u0161iri na gostujo\u010do majico in poudarja skupno ambicioznost kluba, gore\u010do strast in odlo\u010denost za uspeh. Osupljiva oran\u017ena poudarjena barva simbolizira ogenj, ki predstavlja kolektivni zagon vseh, ki so povezani s Chelseajem, tako na igri\u0161\u010du kot izven njega. Slogan \u00bbTogether, We Burn Blue\u00ab povzema ta [&hellip;]<\/p>","protected":false},"featured_media":18366,"comment_status":"open","ping_status":"closed","template":"","meta":[],"product_brand":[],"product_cat":[140,43],"product_tag":[281,1328,150,282,1036,148,647,165,147],"class_list":{"0":"post-18364","1":"product","2":"type-product","3":"status-publish","4":"has-post-thumbnail","6":"product_cat-moski","7":"product_cat-nogometni-dresi-chelsea","8":"product_tag-dresi-chelsea-za-otroke","9":"product_tag-joao-felix-dresi","10":"product_tag-moski-nogometni-dresi","11":"product_tag-otroski-dresi-chelsea-z-lastnim-imenom","12":"product_tag-otroski-nogometni-dresi-chelsea","13":"product_tag-poceni-nogometni-dresi","14":"product_tag-poceni-nogometni-dresi-otroski-z-lastnim-imenom-online","15":"product_tag-poceni-otroski-nogometni-dresi-chelsea-z-lastnim-imenom","16":"product_tag-slovenski-nogometni-dresi","18":"first","19":"instock","20":"shipping-taxable","21":"purchasable","22":"product-type-variable"},"_links":{"self":[{"href":"https:\/\/www.nogometnizaotroke.com\/nb\/wp-json\/wp\/v2\/product\/18364","targetHints":{"allow":["GET"]}}],"collection":[{"href":"https:\/\/www.nogometnizaotroke.com\/nb\/wp-json\/wp\/v2\/product"}],"about":[{"href":"https:\/\/www.nogometnizaotroke.com\/nb\/wp-json\/wp\/v2\/types\/product"}],"replies":[{"embeddable":true,"href":"https:\/\/www.nogometnizaotroke.com\/nb\/wp-json\/wp\/v2\/comments?post=18364"}],"wp:featuredmedia":[{"embeddable":true,"href":"https:\/\/www.nogometnizaotroke.com\/nb\/wp-json\/wp\/v2\/media\/18366"}],"wp:attachment":[{"href":"https:\/\/www.nogometnizaotroke.com\/nb\/wp-json\/wp\/v2\/media?parent=18364"}],"wp:term":[{"taxonomy":"product_brand","embeddable":true,"href":"https:\/\/www.nogometnizaotroke.com\/nb\/wp-json\/wp\/v2\/product_brand?post=18364"},{"taxonomy":"product_cat","embeddable":true,"href":"https:\/\/www.nogometnizaotroke.com\/nb\/wp-json\/wp\/v2\/product_cat?post=18364"},{"taxonomy":"product_tag","embeddable":true,"href":"https:\/\/www.nogometnizaotroke.com\/nb\/wp-json\/wp\/v2\/product_tag?post=18364"}],"curies":[{"name":"wp","href":"https:\/\/api.w.org\/{rel}","templated":true}]}}