{"id":18251,"date":"2024-10-11T00:57:14","date_gmt":"2024-10-11T00:57:14","guid":{"rendered":"https:\/\/www.nogometnionline.com\/?post_type=product&#038;p=18251"},"modified":"2024-10-11T01:00:04","modified_gmt":"2024-10-11T01:00:04","slug":"moski-nogometni-dresi-kompleti-chelsea-domaci-2024-25-modra-robert-sanchez-1","status":"publish","type":"product","link":"https:\/\/www.nogometnizaotroke.com\/nb\/product\/moski-nogometni-dresi-kompleti-chelsea-domaci-2024-25-modra-robert-sanchez-1\/","title":{"rendered":"Mo\u0161ki Nogometni dresi kompleti Chelsea Doma\u010di 2024-25 modra Robert Sanchez 1"},"content":{"rendered":"<p>Chelsea FC 24-25-tr\u00f8yen er den f\u00f8rste i klubbens historie som kombinerer de tradisjonelle bl\u00e5 og oransje og hvite fargene. Logoene p\u00e5 Chelsea 24-25-hjemmedraktene er lysebl\u00e5 og omkranset av \"Team Orange\". Begge har en 3D-effekt, og det b\u00f8lgede designet skiller seg ut og minner litt om en skumb\u00f8lgeeffekt.<\/p>\n<p>Tips for sokker: T-skjorten inkluderer ikke sokker som standard. Hvis du vil ha sokker, velger du sokkealternativene for \u00e5 betale for dem.<\/p>\n<p>Utskriftstips: Hvis navnet og nummeret i bildet er n\u00f8yaktig det du vil ha, trenger du ikke \u00e5 skrive det inn p\u00e5 nytt. Hvis det ikke er det, skriver du inn det navnet og nummeret du vil ha.<\/p>\n<p>Vasketips: Det anbefales \u00e5 vaske fotballtr\u00f8yene for h\u00e5nd. Hvis du vil bruke vaskemaskin, m\u00e5 du huske \u00e5 snu tr\u00f8yen og deretter vaske den. Fyll maskinen med kaldt vann og bruk en sk\u00e5nsom vaskesyklus for \u00e5 beskytte fargene bedre.<\/p>","protected":false},"excerpt":{"rendered":"<p>Dres Chelsea FC 24-25 je prvi v zgodovini kluba, ki zdru\u017euje tradicionalno modro in belo-oran\u017eno barvo. Logotipi doma\u010de opreme Chelsea 24-25 so svetlo modri in obrobljeni z \u201cTeam Orange\u201d. Oba imata 3D u\u010dinek.Izstopa valovit dizajn, ki nekoliko spominja na u\u010dinek penastega vala. Nasveti za nogavice: Majica ne vsebuje nogavic privzeto. \u010ce \u017eelite nogavice, izberite mo\u017enosti [&hellip;]<\/p>","protected":false},"featured_media":18254,"comment_status":"open","ping_status":"closed","template":"","meta":[],"product_brand":[],"product_cat":[140,43],"product_tag":[281,150,282,159,1036,148,647,165,1406,147],"class_list":{"0":"post-18251","1":"product","2":"type-product","3":"status-publish","4":"has-post-thumbnail","6":"product_cat-moski","7":"product_cat-nogometni-dresi-chelsea","8":"product_tag-dresi-chelsea-za-otroke","9":"product_tag-moski-nogometni-dresi","10":"product_tag-otroski-dresi-chelsea-z-lastnim-imenom","11":"product_tag-otroski-nogometni-dresi","12":"product_tag-otroski-nogometni-dresi-chelsea","13":"product_tag-poceni-nogometni-dresi","14":"product_tag-poceni-nogometni-dresi-otroski-z-lastnim-imenom-online","15":"product_tag-poceni-otroski-nogometni-dresi-chelsea-z-lastnim-imenom","16":"product_tag-robert-sanchez-dresi","17":"product_tag-slovenski-nogometni-dresi","19":"first","20":"instock","21":"shipping-taxable","22":"purchasable","23":"product-type-variable"},"_links":{"self":[{"href":"https:\/\/www.nogometnizaotroke.com\/nb\/wp-json\/wp\/v2\/product\/18251","targetHints":{"allow":["GET"]}}],"collection":[{"href":"https:\/\/www.nogometnizaotroke.com\/nb\/wp-json\/wp\/v2\/product"}],"about":[{"href":"https:\/\/www.nogometnizaotroke.com\/nb\/wp-json\/wp\/v2\/types\/product"}],"replies":[{"embeddable":true,"href":"https:\/\/www.nogometnizaotroke.com\/nb\/wp-json\/wp\/v2\/comments?post=18251"}],"wp:featuredmedia":[{"embeddable":true,"href":"https:\/\/www.nogometnizaotroke.com\/nb\/wp-json\/wp\/v2\/media\/18254"}],"wp:attachment":[{"href":"https:\/\/www.nogometnizaotroke.com\/nb\/wp-json\/wp\/v2\/media?parent=18251"}],"wp:term":[{"taxonomy":"product_brand","embeddable":true,"href":"https:\/\/www.nogometnizaotroke.com\/nb\/wp-json\/wp\/v2\/product_brand?post=18251"},{"taxonomy":"product_cat","embeddable":true,"href":"https:\/\/www.nogometnizaotroke.com\/nb\/wp-json\/wp\/v2\/product_cat?post=18251"},{"taxonomy":"product_tag","embeddable":true,"href":"https:\/\/www.nogometnizaotroke.com\/nb\/wp-json\/wp\/v2\/product_tag?post=18251"}],"curies":[{"name":"wp","href":"https:\/\/api.w.org\/{rel}","templated":true}]}}