{"id":18228,"date":"2024-10-10T09:00:01","date_gmt":"2024-10-10T09:00:01","guid":{"rendered":"https:\/\/www.nogometnionline.com\/?post_type=product&#038;p=18228"},"modified":"2024-10-10T09:00:08","modified_gmt":"2024-10-10T09:00:08","slug":"moski-nogometni-dresi-kompleti-manchester-city-domaci-2024-2025-bernardo-silva-20","status":"publish","type":"product","link":"https:\/\/www.nogometnizaotroke.com\/nb\/product\/moski-nogometni-dresi-kompleti-manchester-city-domaci-2024-2025-bernardo-silva-20\/","title":{"rendered":"Manchester City Hjemmedrakter 2024-2025 Bernardo Silva 20 fotballtr\u00f8yer for menn"},"content":{"rendered":"<p>Tr\u00f8yen er designet i himmelbl\u00e5tt, ironisk nok basert p\u00e5 Man Citys hjemmefarger, og har et nytt design inspirert av \"0161\"-anropssignalet som dekker Manchester City sentrum. Den himmelbl\u00e5 tr\u00f8yen har marinebl\u00e5 innsatser og en unik kamuflasjegrafikk i graffitistil som bruker tallene \"0161\" rundt kragen og mansjettene p\u00e5 ermene. Manchester City-merket og Puma-logoen er brodert p\u00e5 forsiden av tr\u00f8yen, og sponsorlogoen er ogs\u00e5 trykt.<\/p>\n<p>Denne hjemmebanetr\u00f8yen er perfekt for alle unge Man City-fans, og er ideell for \u00e5 vise din lojalitet til laget. Den har korte ermer, ribbestrikket krage og en standard passform for optimal komfort. Tr\u00f8yen er laget av minst 95 % resirkulert polyester (%), har ventilasjonskanaler i netting og et karakteristisk Duracell-svettemiddel som holder de unge spillerne kj\u00f8lige og t\u00f8rre.<\/p>\n<p>Tips for sokker: T-skjorten inkluderer ikke sokker som standard. Hvis du vil ha sokker, velger du sokkealternativene for \u00e5 betale for dem.<\/p>\n<p>Utskriftstips: Hvis navnet og nummeret i bildet er n\u00f8yaktig det du vil ha, trenger du ikke \u00e5 skrive det inn p\u00e5 nytt. Hvis det ikke er det, skriver du inn det navnet og nummeret du vil ha.<\/p>\n<p>Vasketips: Det anbefales \u00e5 vaske fotballtr\u00f8yene for h\u00e5nd. Hvis du vil bruke vaskemaskin, m\u00e5 du huske \u00e5 snu tr\u00f8yen og deretter vaske den. Fyll maskinen med kaldt vann og bruk en sk\u00e5nsom vaskesyklus for \u00e5 beskytte fargene bedre.<\/p>","protected":false},"excerpt":{"rendered":"<p>Ta majica, oblikovana v nebesno modri barvi po ironi\u010dni doma\u010di barvni shemi Man City, ima nov dizajn, ki ga je navdihnila klicna koda \u20180161\u2019, ki pokriva sredi\u0161\u010de Manchester City. Nebe\u0161ko moder dres je poudarjen z mornarskimi vstavki in edinstveno maskirno grafiko v slogu grafitov, ki uporablja \u0161tevilke \u20180161\u2019 okoli ovratnika in man\u0161et na rokavih. Na [&hellip;]<\/p>","protected":false},"featured_media":18230,"comment_status":"open","ping_status":"closed","template":"","meta":[],"product_brand":[],"product_cat":[140,44],"product_tag":[1214,483,883,938,150,153,1176,148,1175,147],"class_list":{"0":"post-18228","1":"product","2":"type-product","3":"status-publish","4":"has-post-thumbnail","6":"product_cat-moski","7":"product_cat-nogometni-dresi-manchester-city","8":"product_tag-bernardo-silva-dresi","9":"product_tag-dresi-manchester-city-za-otroke","10":"product_tag-manchester-city-dresi-2024","11":"product_tag-manchester-city-z-lastnim-imenom-online","12":"product_tag-moski-nogometni-dresi","13":"product_tag-nogometni-dresi","14":"product_tag-nogometni-dresi-manchester-city-z-lastnim-imenom","15":"product_tag-poceni-nogometni-dresi","16":"product_tag-poceni-nogometni-dresi-manchester-city","17":"product_tag-slovenski-nogometni-dresi","19":"first","20":"instock","21":"shipping-taxable","22":"purchasable","23":"product-type-variable"},"_links":{"self":[{"href":"https:\/\/www.nogometnizaotroke.com\/nb\/wp-json\/wp\/v2\/product\/18228","targetHints":{"allow":["GET"]}}],"collection":[{"href":"https:\/\/www.nogometnizaotroke.com\/nb\/wp-json\/wp\/v2\/product"}],"about":[{"href":"https:\/\/www.nogometnizaotroke.com\/nb\/wp-json\/wp\/v2\/types\/product"}],"replies":[{"embeddable":true,"href":"https:\/\/www.nogometnizaotroke.com\/nb\/wp-json\/wp\/v2\/comments?post=18228"}],"wp:featuredmedia":[{"embeddable":true,"href":"https:\/\/www.nogometnizaotroke.com\/nb\/wp-json\/wp\/v2\/media\/18230"}],"wp:attachment":[{"href":"https:\/\/www.nogometnizaotroke.com\/nb\/wp-json\/wp\/v2\/media?parent=18228"}],"wp:term":[{"taxonomy":"product_brand","embeddable":true,"href":"https:\/\/www.nogometnizaotroke.com\/nb\/wp-json\/wp\/v2\/product_brand?post=18228"},{"taxonomy":"product_cat","embeddable":true,"href":"https:\/\/www.nogometnizaotroke.com\/nb\/wp-json\/wp\/v2\/product_cat?post=18228"},{"taxonomy":"product_tag","embeddable":true,"href":"https:\/\/www.nogometnizaotroke.com\/nb\/wp-json\/wp\/v2\/product_tag?post=18228"}],"curies":[{"name":"wp","href":"https:\/\/api.w.org\/{rel}","templated":true}]}}