{"id":17896,"date":"2024-10-04T03:39:31","date_gmt":"2024-10-04T03:39:31","guid":{"rendered":"https:\/\/www.nogometnionline.com\/?post_type=product&#038;p=17896"},"modified":"2024-10-04T03:39:36","modified_gmt":"2024-10-04T03:39:36","slug":"otroski-nogometni-dresi-za-otroke-argentina-gostujoci-copa-america-2024-alexis-mac-allister-20","status":"publish","type":"product","link":"https:\/\/www.nogometnizaotroke.com\/nb\/product\/otroski-nogometni-dresi-za-otroke-argentina-gostujoci-copa-america-2024-alexis-mac-allister-20\/","title":{"rendered":"Fotballtr\u00f8yer for barn Argentina borte Copa America 2024 Alexis Mac Allister 20"},"content":{"rendered":"<p>Argentina dres 2024 za gostovanje na Copa America ima kraljevsko modro osnovo in barve argentinske zastave. Nebe\u0161ko modra izstopa, majica pa spominja na svetovno prvenstvo 2006 in stare argentinske drese, pri \u010demer je osnovna modra barva podobna tistim iz 90. let. Tako kot drugi leto\u0161nji kompleti je tudi plo\u0161\u010da, podobna solzivcu ob strani, videti kot vrh gostujo\u010dega dresa za prvake svetovnega pokala.<\/p>\n<p>Tips for sokker: T-skjorten inkluderer ikke sokker som standard. Hvis du vil ha sokker, velger du sokkealternativene for \u00e5 betale for dem.<\/p>\n<p>Utskriftstips: Hvis navnet og nummeret i bildet er n\u00f8yaktig det du vil ha, trenger du ikke \u00e5 skrive det inn p\u00e5 nytt. Hvis det ikke er det, skriver du inn det navnet og nummeret du vil ha.<\/p>\n<p>Vasketips: Det anbefales \u00e5 vaske fotballtr\u00f8yene for h\u00e5nd. Hvis du vil bruke vaskemaskin, m\u00e5 du huske \u00e5 snu tr\u00f8yen og deretter vaske den. Fyll maskinen med kaldt vann og bruk en sk\u00e5nsom vaskesyklus for \u00e5 beskytte fargene bedre.<\/p>","protected":false},"excerpt":{"rendered":"<p>Argentina dres 2024 za gostovanje na Copa America ima kraljevsko modro osnovo in barve argentinske zastave. Nebe\u0161ko modra izstopa, majica pa spominja na svetovno prvenstvo 2006 in stare argentinske drese, pri \u010demer je osnovna modra barva podobna tistim iz 90. let. Tako kot drugi leto\u0161nji kompleti je tudi plo\u0161\u010da, podobna solzivcu ob strani, videti kot [&hellip;]<\/p>","protected":false},"featured_media":17898,"comment_status":"open","ping_status":"closed","template":"","meta":[],"product_brand":[],"product_cat":[73,81],"product_tag":[1346,816,153,220,159,148,147],"class_list":{"0":"post-17896","1":"product","2":"type-product","3":"status-publish","4":"has-post-thumbnail","6":"product_cat-otroski","7":"product_cat-dresi-argentina-reprezentance","8":"product_tag-alexis-mac-allister-dresi","9":"product_tag-argentina-copa-america-2024-dresi","10":"product_tag-nogometni-dresi","11":"product_tag-nogometni-dresi-za-otroke","12":"product_tag-otroski-nogometni-dresi","13":"product_tag-poceni-nogometni-dresi","14":"product_tag-slovenski-nogometni-dresi","16":"first","17":"instock","18":"shipping-taxable","19":"purchasable","20":"product-type-variable"},"_links":{"self":[{"href":"https:\/\/www.nogometnizaotroke.com\/nb\/wp-json\/wp\/v2\/product\/17896","targetHints":{"allow":["GET"]}}],"collection":[{"href":"https:\/\/www.nogometnizaotroke.com\/nb\/wp-json\/wp\/v2\/product"}],"about":[{"href":"https:\/\/www.nogometnizaotroke.com\/nb\/wp-json\/wp\/v2\/types\/product"}],"replies":[{"embeddable":true,"href":"https:\/\/www.nogometnizaotroke.com\/nb\/wp-json\/wp\/v2\/comments?post=17896"}],"wp:featuredmedia":[{"embeddable":true,"href":"https:\/\/www.nogometnizaotroke.com\/nb\/wp-json\/wp\/v2\/media\/17898"}],"wp:attachment":[{"href":"https:\/\/www.nogometnizaotroke.com\/nb\/wp-json\/wp\/v2\/media?parent=17896"}],"wp:term":[{"taxonomy":"product_brand","embeddable":true,"href":"https:\/\/www.nogometnizaotroke.com\/nb\/wp-json\/wp\/v2\/product_brand?post=17896"},{"taxonomy":"product_cat","embeddable":true,"href":"https:\/\/www.nogometnizaotroke.com\/nb\/wp-json\/wp\/v2\/product_cat?post=17896"},{"taxonomy":"product_tag","embeddable":true,"href":"https:\/\/www.nogometnizaotroke.com\/nb\/wp-json\/wp\/v2\/product_tag?post=17896"}],"curies":[{"name":"wp","href":"https:\/\/api.w.org\/{rel}","templated":true}]}}