{"id":17830,"date":"2024-10-03T03:10:08","date_gmt":"2024-10-03T03:10:08","guid":{"rendered":"https:\/\/www.nogometnionline.com\/?post_type=product&#038;p=17830"},"modified":"2024-10-03T03:10:13","modified_gmt":"2024-10-03T03:10:13","slug":"poceni-moski-nogometni-dresi-argentina-gostujoci-copa-america-2024-modra-enzo-fernandez-8","status":"publish","type":"product","link":"https:\/\/www.nogometnizaotroke.com\/nb\/product\/poceni-moski-nogometni-dresi-argentina-gostujoci-copa-america-2024-modra-enzo-fernandez-8\/","title":{"rendered":"Billige fotballtr\u00f8yer for menn Argentina Away Copa America 2024 Blue Enzo Fernandez 8"},"content":{"rendered":"<p>Argentina 2024-banetr\u00f8yen kombinerer den kongebl\u00e5 grunnfargen med fargene i det argentinske flagget, hvitt og himmelbl\u00e5tt. De tre stripene er sannsynligvis lysebl\u00e5, og AFA-v\u00e5penet er himmelbl\u00e5tt og hvitt. Den bl\u00e5 fargen p\u00e5 bortetr\u00f8yen til Argentina 2024 er lik fargen p\u00e5 Argentinas bortedrakter frem til slutten av 1990-tallet, f\u00f8r marinebl\u00e5tt ble det vanlige valget. Det som gj\u00f8r Argentina 2024-banetr\u00f8yen unik, er en detalj som vekker minner fra VM i 2006 - en lag\u00e5nd-lignende plakett p\u00e5 siden med de himmelbl\u00e5 og hvite fargene til det argentinske flagget. Argentina 2006-banetr\u00f8yen ble brukt av Messi da han debuterte i VM, og 2024-banetr\u00f8yen er en tydelig hyllest til det designet.<\/p>\n<p>Tips for sokker: T-skjorten inkluderer ikke sokker som standard. Hvis du vil ha sokker, velger du sokkealternativene for \u00e5 betale for dem.<\/p>\n<p>Utskriftstips: Hvis navnet og nummeret i bildet er n\u00f8yaktig det du vil ha, trenger du ikke \u00e5 skrive det inn p\u00e5 nytt. Hvis det ikke er det, skriver du inn det navnet og nummeret du vil ha.<\/p>\n<p>Vasketips: Det anbefales \u00e5 vaske fotballtr\u00f8yene for h\u00e5nd. Hvis du vil bruke vaskemaskin, m\u00e5 du huske \u00e5 snu tr\u00f8yen og deretter vaske den. Fyll maskinen med kaldt vann og bruk en sk\u00e5nsom vaskesyklus for \u00e5 beskytte fargene bedre.<\/p>","protected":false},"excerpt":{"rendered":"<p>Gostujo\u010di dresi Argentina reprezentance 2024 zdru\u017euje kraljevsko modro osnovno barvo z barvami argentinske zastave, belo in nebesno modro. Tri proge so verjetno svetlo modre, grb AFA je nebesno moder in bel.Modra barva dresa za goste Argentina 2024 je podobna barvi kompletov za goste Argentine do poznih 90. let, preden je mornarsko modra postala obi\u010dajna izbira. [&hellip;]<\/p>","protected":false},"featured_media":17832,"comment_status":"open","ping_status":"closed","template":"","meta":[],"product_brand":[],"product_cat":[140,81],"product_tag":[840,1038,150,153,545,148,147],"class_list":{"0":"post-17830","1":"product","2":"type-product","3":"status-publish","4":"has-post-thumbnail","6":"product_cat-moski","7":"product_cat-dresi-argentina-reprezentance","8":"product_tag-argentina-2024-25-dresi","9":"product_tag-enzo-fernandez-dresi","10":"product_tag-moski-nogometni-dresi","11":"product_tag-nogometni-dresi","12":"product_tag-nogometni-dresi-slovenija","13":"product_tag-poceni-nogometni-dresi","14":"product_tag-slovenski-nogometni-dresi","16":"first","17":"instock","18":"shipping-taxable","19":"purchasable","20":"product-type-variable"},"_links":{"self":[{"href":"https:\/\/www.nogometnizaotroke.com\/nb\/wp-json\/wp\/v2\/product\/17830","targetHints":{"allow":["GET"]}}],"collection":[{"href":"https:\/\/www.nogometnizaotroke.com\/nb\/wp-json\/wp\/v2\/product"}],"about":[{"href":"https:\/\/www.nogometnizaotroke.com\/nb\/wp-json\/wp\/v2\/types\/product"}],"replies":[{"embeddable":true,"href":"https:\/\/www.nogometnizaotroke.com\/nb\/wp-json\/wp\/v2\/comments?post=17830"}],"wp:featuredmedia":[{"embeddable":true,"href":"https:\/\/www.nogometnizaotroke.com\/nb\/wp-json\/wp\/v2\/media\/17832"}],"wp:attachment":[{"href":"https:\/\/www.nogometnizaotroke.com\/nb\/wp-json\/wp\/v2\/media?parent=17830"}],"wp:term":[{"taxonomy":"product_brand","embeddable":true,"href":"https:\/\/www.nogometnizaotroke.com\/nb\/wp-json\/wp\/v2\/product_brand?post=17830"},{"taxonomy":"product_cat","embeddable":true,"href":"https:\/\/www.nogometnizaotroke.com\/nb\/wp-json\/wp\/v2\/product_cat?post=17830"},{"taxonomy":"product_tag","embeddable":true,"href":"https:\/\/www.nogometnizaotroke.com\/nb\/wp-json\/wp\/v2\/product_tag?post=17830"}],"curies":[{"name":"wp","href":"https:\/\/api.w.org\/{rel}","templated":true}]}}