{"id":17781,"date":"2024-09-30T07:49:19","date_gmt":"2024-09-30T07:49:19","guid":{"rendered":"https:\/\/www.nogometnionline.com\/?post_type=product&#038;p=17781"},"modified":"2024-09-30T07:49:24","modified_gmt":"2024-09-30T07:49:24","slug":"poceni-moski-nogometni-dresi-argentina-domaci-copa-america-2024-emiliano-martinez-23","status":"publish","type":"product","link":"https:\/\/www.nogometnizaotroke.com\/nb\/product\/poceni-moski-nogometni-dresi-argentina-domaci-copa-america-2024-emiliano-martinez-23\/","title":{"rendered":"Billige fotballtr\u00f8yer for menn Argentina Hjem Copa America 2024 Emiliano Martinez 23"},"content":{"rendered":"<p>Hjemmebanetr\u00f8yen for Argentina 2024 har de tradisjonelle hvite og himmelbl\u00e5 stripene kombinert med gull-logoer, -applikasjoner og -bokstaver i gull. Argentina vant Copa Am\u00e9rica 2021 og VM 2022, s\u00e5 gullelementene er en passende hyllest.Stripene p\u00e5 Argentina 2024-tr\u00f8yen er klassiske, med en bl\u00e5 stripe i midten og hvite striper med AFA-logoen. Argentina bruker en litt oppdatert trestjerners logo, der den tredje stjernen er litt h\u00f8yere enn de to fra de f\u00f8rste verdensmesterskapene.<\/p>\n<p>Tips for sokker: T-skjorten inkluderer ikke sokker som standard. Hvis du vil ha sokker, velger du sokkealternativene for \u00e5 betale for dem.<\/p>\n<p>Utskriftstips: Hvis navnet og nummeret i bildet er n\u00f8yaktig det du vil ha, trenger du ikke \u00e5 skrive det inn p\u00e5 nytt. Hvis det ikke er det, skriver du inn det navnet og nummeret du vil ha.<\/p>\n<p>Vasketips: Det anbefales \u00e5 vaske fotballtr\u00f8yene for h\u00e5nd. Hvis du vil bruke vaskemaskin, m\u00e5 du huske \u00e5 snu tr\u00f8yen og deretter vaske den. Fyll maskinen med kaldt vann og bruk en sk\u00e5nsom vaskesyklus for \u00e5 beskytte fargene bedre.<\/p>","protected":false},"excerpt":{"rendered":"<p>Doma\u010di dres Argentina 2024 ima tradicionalne bele in nebesno modre \u010drte v kombinaciji z zlatimi logotipi, aplikacijami in zlatimi napisi.Argentina je osvojila Copa Am\u00e9rica 2021 in svetovno prvenstvo 2022, zato so zlati elementi primeren poklon.Proge na dresu Argentine 2024 so klasi\u010dne, z modro \u010drto na sredini in belimi \u010drtami z logotipom AFA.Argentina uporablja nekoliko posodobljen [&hellip;]<\/p>","protected":false},"featured_media":17783,"comment_status":"open","ping_status":"closed","template":"","meta":[],"product_brand":[],"product_cat":[140,81],"product_tag":[840,816,1392,150,153,545,148,147],"class_list":{"0":"post-17781","1":"product","2":"type-product","3":"status-publish","4":"has-post-thumbnail","6":"product_cat-moski","7":"product_cat-dresi-argentina-reprezentance","8":"product_tag-argentina-2024-25-dresi","9":"product_tag-argentina-copa-america-2024-dresi","10":"product_tag-emiliano-martinez-dresi","11":"product_tag-moski-nogometni-dresi","12":"product_tag-nogometni-dresi","13":"product_tag-nogometni-dresi-slovenija","14":"product_tag-poceni-nogometni-dresi","15":"product_tag-slovenski-nogometni-dresi","17":"first","18":"instock","19":"shipping-taxable","20":"purchasable","21":"product-type-variable"},"_links":{"self":[{"href":"https:\/\/www.nogometnizaotroke.com\/nb\/wp-json\/wp\/v2\/product\/17781","targetHints":{"allow":["GET"]}}],"collection":[{"href":"https:\/\/www.nogometnizaotroke.com\/nb\/wp-json\/wp\/v2\/product"}],"about":[{"href":"https:\/\/www.nogometnizaotroke.com\/nb\/wp-json\/wp\/v2\/types\/product"}],"replies":[{"embeddable":true,"href":"https:\/\/www.nogometnizaotroke.com\/nb\/wp-json\/wp\/v2\/comments?post=17781"}],"wp:featuredmedia":[{"embeddable":true,"href":"https:\/\/www.nogometnizaotroke.com\/nb\/wp-json\/wp\/v2\/media\/17783"}],"wp:attachment":[{"href":"https:\/\/www.nogometnizaotroke.com\/nb\/wp-json\/wp\/v2\/media?parent=17781"}],"wp:term":[{"taxonomy":"product_brand","embeddable":true,"href":"https:\/\/www.nogometnizaotroke.com\/nb\/wp-json\/wp\/v2\/product_brand?post=17781"},{"taxonomy":"product_cat","embeddable":true,"href":"https:\/\/www.nogometnizaotroke.com\/nb\/wp-json\/wp\/v2\/product_cat?post=17781"},{"taxonomy":"product_tag","embeddable":true,"href":"https:\/\/www.nogometnizaotroke.com\/nb\/wp-json\/wp\/v2\/product_tag?post=17781"}],"curies":[{"name":"wp","href":"https:\/\/api.w.org\/{rel}","templated":true}]}}