{"id":17638,"date":"2024-09-26T11:51:08","date_gmt":"2024-09-26T11:51:08","guid":{"rendered":"https:\/\/www.nogometnionline.com\/?post_type=product&#038;p=17638"},"modified":"2024-09-26T11:53:35","modified_gmt":"2024-09-26T11:53:35","slug":"zenski-nogometni-dresi-belgija-domaci-ep-2024-rdeca-leandro-trossard-9","status":"publish","type":"product","link":"https:\/\/www.nogometnizaotroke.com\/nb\/product\/zenski-nogometni-dresi-belgija-domaci-ep-2024-rdeca-leandro-trossard-9\/","title":{"rendered":"Fotballtr\u00f8yer for kvinner Belgia Hjem EP 2024 R\u00f8d Leandro Trossard 9"},"content":{"rendered":"<p>De nye EM 2024-tr\u00f8yene til Belgia inneb\u00e6rer en stor endring i forhold til lagets tidligere hjemmebanetr\u00f8yer. I stedet for knallr\u00f8d er Belgia 2024-tr\u00f8yen hovedsakelig vinr\u00f8d. Offisielt er fargen p\u00e5 Belgias nye hjemmebanetr\u00f8ye for 2024 \"Team College Burgundy\". Denne fargen har allerede blitt brukt av lag som N\u00fcrnberg og Atlanta United, og den kombinerer den nye hjemmebanetr\u00f8yen til Belgia 2024 med gull-logoer, noe som skaper et stilig utseende. Svart\/gull shorts og r\u00f8dbrune\/gull sokker kompletterer Belgias hjemmebanedrakt for Euro 2024.<\/p>\n<p>Tips for sokker: T-skjorten inkluderer ikke sokker som standard. Hvis du vil ha sokker, velger du sokkealternativene for \u00e5 betale for dem.<\/p>\n<p>Utskriftstips: Hvis navnet og nummeret i bildet er n\u00f8yaktig det du vil ha, trenger du ikke \u00e5 skrive det inn p\u00e5 nytt. Hvis det ikke er det, skriver du inn det navnet og nummeret du vil ha.<\/p>\n<p>Vasketips: Det anbefales \u00e5 vaske fotballtr\u00f8yene for h\u00e5nd. Hvis du vil bruke vaskemaskin, m\u00e5 du huske \u00e5 snu tr\u00f8yen og deretter vaske den. Fyll maskinen med kaldt vann og bruk en sk\u00e5nsom vaskesyklus for \u00e5 beskytte fargene bedre.<\/p>","protected":false},"excerpt":{"rendered":"<p>Novi Belgija Doma\u010di Euro 2024 dresi uvaja veliko spremembo prej\u0161njih doma\u010dih dresov ekipe. Namesto \u017eivo rde\u010de je majica Belgije 2024 v glavnem vinsko rde\u010da. Uradno je barva novega doma\u010dega dresa Belgije 2024 \u201cTeam College Burgundy\u201d. To barvo je \u017ee uporabil za ekipe, kot sta N\u00fcrnberg in Atlanta United.Zdru\u017euje novo majico doma\u010dega nogometa Belgija 2024 z [&hellip;]<\/p>","protected":false},"featured_media":17639,"comment_status":"open","ping_status":"closed","template":"","meta":[],"product_brand":[],"product_cat":[778,74,78],"product_tag":[785,1020,1369,1153,153,148,147,1371,1370,1368],"class_list":{"0":"post-17638","1":"product","2":"type-product","3":"status-publish","4":"has-post-thumbnail","6":"product_cat-euro-2024","7":"product_cat-zenski","8":"product_cat-dresi-belgija-reprezentance","9":"product_tag-anglija-euro-2024-dresi","10":"product_tag-anglija-nogometni-dresi","11":"product_tag-dresi-belgija-za-zenske","12":"product_tag-leandro-trossard-dresi","13":"product_tag-nogometni-dresi","14":"product_tag-poceni-nogometni-dresi","15":"product_tag-slovenski-nogometni-dresi","16":"product_tag-zenske-belgija-ep-2024-dresi-za-nogomet","17":"product_tag-zenske-dresi-belgija-z-lastnim-imenom","18":"product_tag-zenske-nogometni-dresi-belgija","20":"first","21":"instock","22":"shipping-taxable","23":"purchasable","24":"product-type-variable"},"_links":{"self":[{"href":"https:\/\/www.nogometnizaotroke.com\/nb\/wp-json\/wp\/v2\/product\/17638","targetHints":{"allow":["GET"]}}],"collection":[{"href":"https:\/\/www.nogometnizaotroke.com\/nb\/wp-json\/wp\/v2\/product"}],"about":[{"href":"https:\/\/www.nogometnizaotroke.com\/nb\/wp-json\/wp\/v2\/types\/product"}],"replies":[{"embeddable":true,"href":"https:\/\/www.nogometnizaotroke.com\/nb\/wp-json\/wp\/v2\/comments?post=17638"}],"wp:featuredmedia":[{"embeddable":true,"href":"https:\/\/www.nogometnizaotroke.com\/nb\/wp-json\/wp\/v2\/media\/17639"}],"wp:attachment":[{"href":"https:\/\/www.nogometnizaotroke.com\/nb\/wp-json\/wp\/v2\/media?parent=17638"}],"wp:term":[{"taxonomy":"product_brand","embeddable":true,"href":"https:\/\/www.nogometnizaotroke.com\/nb\/wp-json\/wp\/v2\/product_brand?post=17638"},{"taxonomy":"product_cat","embeddable":true,"href":"https:\/\/www.nogometnizaotroke.com\/nb\/wp-json\/wp\/v2\/product_cat?post=17638"},{"taxonomy":"product_tag","embeddable":true,"href":"https:\/\/www.nogometnizaotroke.com\/nb\/wp-json\/wp\/v2\/product_tag?post=17638"}],"curies":[{"name":"wp","href":"https:\/\/api.w.org\/{rel}","templated":true}]}}