{"id":17454,"date":"2024-09-23T11:43:55","date_gmt":"2024-09-23T11:43:55","guid":{"rendered":"https:\/\/www.nogometnionline.com\/?post_type=product&#038;p=17454"},"modified":"2024-09-23T11:44:41","modified_gmt":"2024-09-23T11:44:41","slug":"otroski-nogometni-dresi-kompleti-real-madrid-domaci-2024-25-aurelien-tchouameni-18","status":"publish","type":"product","link":"https:\/\/www.nogometnizaotroke.com\/nb\/product\/otroski-nogometni-dresi-kompleti-real-madrid-domaci-2024-25-aurelien-tchouameni-18\/","title":{"rendered":"Fotballtr\u00f8yer for barn Real Madrid Hjem 2024-25 Aurelien Tchouameni 18"},"content":{"rendered":"<p>Real Madrid 2024\/25-hjemmedrakttr\u00f8yen har en overveiende hvit base med subtile detaljer, og representerer det reneste hjemmedraktdesignet som har prydet Santiago Bernab\u00e9u Stadium i nyere tid. Den lyse hvite tr\u00f8yen har v\u00e6rt et kjennetegn for klubben gjennom hele dens dekorerte historie, en stil som er elsket av de trofaste madrilenerne og b\u00e5ret av noen av de st\u00f8rste spillerne som noensinne har prydet fotballbanen. N\u00e5 som Real Madrid \u00f8nsker en ny \u00e6ra med spennende talenter velkommen, vender 2024\/25-designet tilbake til klubbens r\u00f8tter med en minimalistisk estetikk som hyller den varige arven og hengivenheten til alle som er knyttet til klubben.<\/p>\n<p>Tips for sokker: T-skjorten inkluderer ikke sokker som standard. Hvis du vil ha sokker, velger du sokkealternativene for \u00e5 betale for dem.<\/p>\n<p>Utskriftstips: Hvis navnet og nummeret i bildet er n\u00f8yaktig det du vil ha, trenger du ikke \u00e5 skrive det inn p\u00e5 nytt. Hvis det ikke er det, skriver du inn det navnet og nummeret du vil ha.<\/p>\n<p>Vasketips: Det anbefales \u00e5 vaske fotballtr\u00f8yene for h\u00e5nd. Hvis du vil bruke vaskemaskin, m\u00e5 du huske \u00e5 snu tr\u00f8yen og deretter vaske den. Fyll maskinen med kaldt vann og bruk en sk\u00e5nsom vaskesyklus for \u00e5 beskytte fargene bedre.<\/p>","protected":false},"excerpt":{"rendered":"<p>Dres Real Madrid 2024\/25 Doma\u010di Kit se pona\u0161a s prete\u017eno belo osnovo s subtilnimi detajli, ki predstavlja naj\u010distej\u0161i dizajn doma\u010de opreme, ki je krasil stadion Santiago Bernab\u00e9u v zadnjem \u010dasu.Jasno bela majica je bila za\u0161\u010ditni znak kluba skozi celotno okra\u0161eno zgodovino, stil, ki ga obo\u017eujejo verniki Madrid in ga nosijo nekateri najve\u010dji igralci, ki so [&hellip;]<\/p>","protected":false},"featured_media":17456,"comment_status":"open","ping_status":"closed","template":"","meta":[],"product_brand":[],"product_cat":[73,33],"product_tag":[1365,290,837,464,1114,463,220,148,1113,751,147],"class_list":{"0":"post-17454","1":"product","2":"type-product","3":"status-publish","4":"has-post-thumbnail","6":"product_cat-otroski","7":"product_cat-nogometni-dresi-real-madrid","8":"product_tag-aurelien-tchouameni-dresi","9":"product_tag-dresi-real-madrid-za-otroke","10":"product_tag-dresi-za-nogomet","11":"product_tag-nogometni-dresi-real-madrid-prodaja","12":"product_tag-nogometni-dresi-real-madrid-z-lastnim-imenom","13":"product_tag-nogometni-dresi-real-madrid-z-lastnim-tiskom","14":"product_tag-nogometni-dresi-za-otroke","15":"product_tag-poceni-nogometni-dresi","16":"product_tag-poceni-nogometni-dresi-real-madrid","17":"product_tag-real-madrid-dresi-2024","18":"product_tag-slovenski-nogometni-dresi","20":"first","21":"instock","22":"shipping-taxable","23":"purchasable","24":"product-type-variable"},"_links":{"self":[{"href":"https:\/\/www.nogometnizaotroke.com\/nb\/wp-json\/wp\/v2\/product\/17454","targetHints":{"allow":["GET"]}}],"collection":[{"href":"https:\/\/www.nogometnizaotroke.com\/nb\/wp-json\/wp\/v2\/product"}],"about":[{"href":"https:\/\/www.nogometnizaotroke.com\/nb\/wp-json\/wp\/v2\/types\/product"}],"replies":[{"embeddable":true,"href":"https:\/\/www.nogometnizaotroke.com\/nb\/wp-json\/wp\/v2\/comments?post=17454"}],"wp:featuredmedia":[{"embeddable":true,"href":"https:\/\/www.nogometnizaotroke.com\/nb\/wp-json\/wp\/v2\/media\/17456"}],"wp:attachment":[{"href":"https:\/\/www.nogometnizaotroke.com\/nb\/wp-json\/wp\/v2\/media?parent=17454"}],"wp:term":[{"taxonomy":"product_brand","embeddable":true,"href":"https:\/\/www.nogometnizaotroke.com\/nb\/wp-json\/wp\/v2\/product_brand?post=17454"},{"taxonomy":"product_cat","embeddable":true,"href":"https:\/\/www.nogometnizaotroke.com\/nb\/wp-json\/wp\/v2\/product_cat?post=17454"},{"taxonomy":"product_tag","embeddable":true,"href":"https:\/\/www.nogometnizaotroke.com\/nb\/wp-json\/wp\/v2\/product_tag?post=17454"}],"curies":[{"name":"wp","href":"https:\/\/api.w.org\/{rel}","templated":true}]}}