{"id":17419,"date":"2024-09-20T08:57:17","date_gmt":"2024-09-20T08:57:17","guid":{"rendered":"https:\/\/www.nogometnionline.com\/?post_type=product&#038;p=17419"},"modified":"2024-09-20T08:57:22","modified_gmt":"2024-09-20T08:57:22","slug":"otroski-nogometni-dresi-kompleti-za-otroke-everton-gostujoci-2024-25-vitaliy-mykolenko-19","status":"publish","type":"product","link":"https:\/\/www.nogometnizaotroke.com\/nb\/product\/otroski-nogometni-dresi-kompleti-za-otroke-everton-gostujoci-2024-25-vitaliy-mykolenko-19\/","title":{"rendered":"Fotballtr\u00f8yer for barn Everton borte 2024-25 Vitaliy Mykolenko 19"},"content":{"rendered":"<p>Poceni Everton Gostujo\u010di 2024-25 dresi je poklon tekmam, odigranim pod sojem reflektorjev Goodison. Prete\u017eno temno siva ima geometrijski vzorec po celotnem dresu v \u010drni barvi, podrobnosti pa prevzamejo \u017eivo rumeno barvo. Tradicionalni grb je nadome\u0161\u010den s stolpom princa Ruperta z okroglim ovratnikom, ki prevzame svetlo rumeno obrobo, da dopolni komplet.<\/p>\n<p>Tips for sokker: T-skjorten inkluderer ikke sokker som standard. Hvis du vil ha sokker, velger du sokkealternativene for \u00e5 betale for dem.<\/p>\n<p>Utskriftstips: Hvis navnet og nummeret i bildet er n\u00f8yaktig det du vil ha, trenger du ikke \u00e5 skrive det inn p\u00e5 nytt. Hvis det ikke er det, skriver du inn det navnet og nummeret du vil ha.<\/p>\n<p>Vasketips: Det anbefales \u00e5 vaske fotballtr\u00f8yene for h\u00e5nd. Hvis du vil bruke vaskemaskin, m\u00e5 du huske \u00e5 snu tr\u00f8yen og deretter vaske den. Fyll maskinen med kaldt vann og bruk en sk\u00e5nsom vaskesyklus for \u00e5 beskytte fargene bedre.<\/p>","protected":false},"excerpt":{"rendered":"<p>Poceni Everton Gostujo\u010di 2024-25 dresi je poklon tekmam, odigranim pod sojem reflektorjev Goodison. Prete\u017eno temno siva ima geometrijski vzorec po celotnem dresu v \u010drni barvi, podrobnosti pa prevzamejo \u017eivo rumeno barvo. Tradicionalni grb je nadome\u0161\u010den s stolpom princa Ruperta z okroglim ovratnikom, ki prevzame svetlo rumeno obrobo, da dopolni komplet. Nasveti za nogavice: Majica ne [&hellip;]<\/p>","protected":false},"featured_media":17421,"comment_status":"open","ping_status":"closed","template":"","meta":[],"product_brand":[],"product_cat":[73,49],"product_tag":[1101,153,220,1102,159,1100,148,774,147,1104],"class_list":{"0":"post-17419","1":"product","2":"type-product","3":"status-publish","4":"has-post-thumbnail","6":"product_cat-otroski","7":"product_cat-nogometni-dresi-everton","8":"product_tag-dresi-everton-za-otroke","9":"product_tag-nogometni-dresi","10":"product_tag-nogometni-dresi-za-otroke","11":"product_tag-otroski-dresi-everton-z-lastnim-imenom","12":"product_tag-otroski-nogometni-dresi","13":"product_tag-otroski-nogometni-dresi-everton","14":"product_tag-poceni-nogometni-dresi","15":"product_tag-poceni-otroski-nogometni-dresi-everton-z-lastnim-imenom","16":"product_tag-slovenski-nogometni-dresi","17":"product_tag-vitaliy-mykolenko-dresi","19":"first","20":"instock","21":"shipping-taxable","22":"purchasable","23":"product-type-variable"},"_links":{"self":[{"href":"https:\/\/www.nogometnizaotroke.com\/nb\/wp-json\/wp\/v2\/product\/17419","targetHints":{"allow":["GET"]}}],"collection":[{"href":"https:\/\/www.nogometnizaotroke.com\/nb\/wp-json\/wp\/v2\/product"}],"about":[{"href":"https:\/\/www.nogometnizaotroke.com\/nb\/wp-json\/wp\/v2\/types\/product"}],"replies":[{"embeddable":true,"href":"https:\/\/www.nogometnizaotroke.com\/nb\/wp-json\/wp\/v2\/comments?post=17419"}],"wp:featuredmedia":[{"embeddable":true,"href":"https:\/\/www.nogometnizaotroke.com\/nb\/wp-json\/wp\/v2\/media\/17421"}],"wp:attachment":[{"href":"https:\/\/www.nogometnizaotroke.com\/nb\/wp-json\/wp\/v2\/media?parent=17419"}],"wp:term":[{"taxonomy":"product_brand","embeddable":true,"href":"https:\/\/www.nogometnizaotroke.com\/nb\/wp-json\/wp\/v2\/product_brand?post=17419"},{"taxonomy":"product_cat","embeddable":true,"href":"https:\/\/www.nogometnizaotroke.com\/nb\/wp-json\/wp\/v2\/product_cat?post=17419"},{"taxonomy":"product_tag","embeddable":true,"href":"https:\/\/www.nogometnizaotroke.com\/nb\/wp-json\/wp\/v2\/product_tag?post=17419"}],"curies":[{"name":"wp","href":"https:\/\/api.w.org\/{rel}","templated":true}]}}