{"id":17379,"date":"2024-09-18T12:51:26","date_gmt":"2024-09-18T12:51:26","guid":{"rendered":"https:\/\/www.nogometnionline.com\/?post_type=product&#038;p=17379"},"modified":"2024-09-18T12:51:31","modified_gmt":"2024-09-18T12:51:31","slug":"poceni-zenski-nogometni-dresi-fc-bayern-munich-gostujoci-2024-2025","status":"publish","type":"product","link":"https:\/\/www.nogometnizaotroke.com\/nb\/product\/poceni-zenski-nogometni-dresi-fc-bayern-munich-gostujoci-2024-2025\/","title":{"rendered":"Billige fotballtr\u00f8yer for kvinner FC Bayern M\u00fcnchen borte 2024-2025"},"content":{"rendered":"<p>Bayern M\u00fcnchens bortetr\u00f8yer for 2024-25 er inspirert av \"Bayern\"-statuen, som symboliserer styrken til klubbens hjemland og som st\u00e5r midt p\u00e5 Theresienwiese i M\u00fcnchen. Tr\u00f8yen har bl\u00e5 og gr\u00f8nne skriftruller p\u00e5 en elegant svart bakgrunn, som gjenspeiler fargetonene som er synlige p\u00e5 overflaten av statuen; detaljene er malt med bronsemaling, merket som Glimmers of \"Bavaria\" med det ber\u00f8mte \"Mia San Mia\" p\u00e5 den \u00f8vre baksiden.<\/p>\n<p>Tips for sokker: T-skjorten inkluderer ikke sokker som standard. Hvis du vil ha sokker, velger du sokkealternativene for \u00e5 betale for dem.<\/p>\n<p>Utskriftstips: Hvis navnet og nummeret i bildet er n\u00f8yaktig det du vil ha, trenger du ikke \u00e5 skrive det inn p\u00e5 nytt. Hvis det ikke er det, skriver du inn det navnet og nummeret du vil ha.<\/p>\n<p>Vasketips: Det anbefales \u00e5 vaske fotballtr\u00f8yene for h\u00e5nd. Hvis du vil bruke vaskemaskin, m\u00e5 du huske \u00e5 snu tr\u00f8yen og deretter vaske den. Fyll maskinen med kaldt vann og bruk en sk\u00e5nsom vaskesyklus for \u00e5 beskytte fargene bedre.<\/p>","protected":false},"excerpt":{"rendered":"<p>Gostujo\u010di dresi Bayern Munich 2024\u201325 je navdihnil kip \u2018Bavarske\u2019, ki pooseblja mo\u010d domovine kluba in stoji v sredi\u0161\u010du Theresienwiese v M\u00fcnchnu. Jersey vklju\u010duje modre in zelene vijuge na elegantni \u010drni podlagi, ki odseva barvne odtenke, vidne na povr\u0161ini kipa; podrobnosti uporabljajo bronasto barvo, ozna\u010deno kot Glimmers of \u2018Bavaria\u2019 z znamenitim \u2018Mia San Mia\u2019 na zgornji [&hellip;]<\/p>","protected":false},"featured_media":17381,"comment_status":"open","ping_status":"closed","template":"","meta":[],"product_brand":[],"product_cat":[74,40],"product_tag":[153,1197,148,1196,147,320],"class_list":{"0":"post-17379","1":"product","2":"type-product","3":"status-publish","4":"has-post-thumbnail","6":"product_cat-zenski","7":"product_cat-nogometni-dresi-bayern-munich","8":"product_tag-nogometni-dresi","9":"product_tag-nogometni-dresi-bayern-munich-z-lastnim-imenom","10":"product_tag-poceni-nogometni-dresi","11":"product_tag-poceni-nogometni-dresi-bayern-munich","12":"product_tag-slovenski-nogometni-dresi","13":"product_tag-zenski-nogometni-dresi","15":"first","16":"instock","17":"shipping-taxable","18":"purchasable","19":"product-type-variable"},"_links":{"self":[{"href":"https:\/\/www.nogometnizaotroke.com\/nb\/wp-json\/wp\/v2\/product\/17379","targetHints":{"allow":["GET"]}}],"collection":[{"href":"https:\/\/www.nogometnizaotroke.com\/nb\/wp-json\/wp\/v2\/product"}],"about":[{"href":"https:\/\/www.nogometnizaotroke.com\/nb\/wp-json\/wp\/v2\/types\/product"}],"replies":[{"embeddable":true,"href":"https:\/\/www.nogometnizaotroke.com\/nb\/wp-json\/wp\/v2\/comments?post=17379"}],"wp:featuredmedia":[{"embeddable":true,"href":"https:\/\/www.nogometnizaotroke.com\/nb\/wp-json\/wp\/v2\/media\/17381"}],"wp:attachment":[{"href":"https:\/\/www.nogometnizaotroke.com\/nb\/wp-json\/wp\/v2\/media?parent=17379"}],"wp:term":[{"taxonomy":"product_brand","embeddable":true,"href":"https:\/\/www.nogometnizaotroke.com\/nb\/wp-json\/wp\/v2\/product_brand?post=17379"},{"taxonomy":"product_cat","embeddable":true,"href":"https:\/\/www.nogometnizaotroke.com\/nb\/wp-json\/wp\/v2\/product_cat?post=17379"},{"taxonomy":"product_tag","embeddable":true,"href":"https:\/\/www.nogometnizaotroke.com\/nb\/wp-json\/wp\/v2\/product_tag?post=17379"}],"curies":[{"name":"wp","href":"https:\/\/api.w.org\/{rel}","templated":true}]}}