{"id":17351,"date":"2024-09-17T08:16:37","date_gmt":"2024-09-17T08:16:37","guid":{"rendered":"https:\/\/www.nogometnionline.com\/?post_type=product&#038;p=17351"},"modified":"2024-09-17T08:16:42","modified_gmt":"2024-09-17T08:16:42","slug":"moski-nogometni-dresi-argentina-domaci-copa-america-2024-l-s","status":"publish","type":"product","link":"https:\/\/www.nogometnizaotroke.com\/nb\/product\/moski-nogometni-dresi-argentina-domaci-copa-america-2024-l-s\/","title":{"rendered":"Fotballtr\u00f8yer Argentina Hjem Copa America 2024 L\/S for menn"},"content":{"rendered":"<p>Nogometni dresi Argentina 2024\/25 Doma\u010di zdru\u017euje ikoni\u010dno nebesno modro in belo ekipo z zlatom, kar predstavlja slavo, ki so jo kapetan Lionel Messi in njegova ekipa dosegli v finalu svetovnega prvenstva v nogometu 20222 proti Franciji.Igralska razli\u010dica majic Argentina 2024\/25 vklju\u010duje materiale s tehnologijo HEAT.RDY, ki so zasnovani za udobje in podpirajo u\u010dinkovitost igralcev na tekmah. Replike dresov uporabljajo tkanino AERO READY s tehnologijo vpijanja vlage. Oba kompleta sta izdelana iz 100 % recikliranih materialov.<\/p>\n<p>Tips for sokker: T-skjorten inkluderer ikke sokker som standard. Hvis du vil ha sokker, velger du sokkealternativene for \u00e5 betale for dem.<\/p>\n<p>Utskriftstips: Hvis navnet og nummeret i bildet er n\u00f8yaktig det du vil ha, trenger du ikke \u00e5 skrive det inn p\u00e5 nytt. Hvis det ikke er det, skriver du inn det navnet og nummeret du vil ha.<\/p>\n<p>Vasketips: Det anbefales \u00e5 vaske fotballtr\u00f8yene for h\u00e5nd. Hvis du vil bruke vaskemaskin, m\u00e5 du huske \u00e5 snu tr\u00f8yen og deretter vaske den. Fyll maskinen med kaldt vann og bruk en sk\u00e5nsom vaskesyklus for \u00e5 beskytte fargene bedre.<\/p>","protected":false},"excerpt":{"rendered":"<p>Nogometni dresi Argentina 2024\/25 Doma\u010di zdru\u017euje ikoni\u010dno nebesno modro in belo ekipo z zlatom, kar predstavlja slavo, ki so jo kapetan Lionel Messi in njegova ekipa dosegli v finalu svetovnega prvenstva v nogometu 20222 proti Franciji.Igralska razli\u010dica majic Argentina 2024\/25 vklju\u010duje materiale s tehnologijo HEAT.RDY, ki so zasnovani za udobje in podpirajo u\u010dinkovitost igralcev na [&hellip;]<\/p>","protected":false},"featured_media":17353,"comment_status":"open","ping_status":"closed","template":"","meta":[],"product_brand":[],"product_cat":[140,81],"product_tag":[816,150,153,148,147],"class_list":{"0":"post-17351","1":"product","2":"type-product","3":"status-publish","4":"has-post-thumbnail","6":"product_cat-moski","7":"product_cat-dresi-argentina-reprezentance","8":"product_tag-argentina-copa-america-2024-dresi","9":"product_tag-moski-nogometni-dresi","10":"product_tag-nogometni-dresi","11":"product_tag-poceni-nogometni-dresi","12":"product_tag-slovenski-nogometni-dresi","14":"first","15":"instock","16":"shipping-taxable","17":"purchasable","18":"product-type-variable"},"_links":{"self":[{"href":"https:\/\/www.nogometnizaotroke.com\/nb\/wp-json\/wp\/v2\/product\/17351","targetHints":{"allow":["GET"]}}],"collection":[{"href":"https:\/\/www.nogometnizaotroke.com\/nb\/wp-json\/wp\/v2\/product"}],"about":[{"href":"https:\/\/www.nogometnizaotroke.com\/nb\/wp-json\/wp\/v2\/types\/product"}],"replies":[{"embeddable":true,"href":"https:\/\/www.nogometnizaotroke.com\/nb\/wp-json\/wp\/v2\/comments?post=17351"}],"wp:featuredmedia":[{"embeddable":true,"href":"https:\/\/www.nogometnizaotroke.com\/nb\/wp-json\/wp\/v2\/media\/17353"}],"wp:attachment":[{"href":"https:\/\/www.nogometnizaotroke.com\/nb\/wp-json\/wp\/v2\/media?parent=17351"}],"wp:term":[{"taxonomy":"product_brand","embeddable":true,"href":"https:\/\/www.nogometnizaotroke.com\/nb\/wp-json\/wp\/v2\/product_brand?post=17351"},{"taxonomy":"product_cat","embeddable":true,"href":"https:\/\/www.nogometnizaotroke.com\/nb\/wp-json\/wp\/v2\/product_cat?post=17351"},{"taxonomy":"product_tag","embeddable":true,"href":"https:\/\/www.nogometnizaotroke.com\/nb\/wp-json\/wp\/v2\/product_tag?post=17351"}],"curies":[{"name":"wp","href":"https:\/\/api.w.org\/{rel}","templated":true}]}}