{"id":17297,"date":"2024-09-16T08:31:11","date_gmt":"2024-09-16T08:31:11","guid":{"rendered":"https:\/\/www.nogometnionline.com\/?post_type=product&#038;p=17297"},"modified":"2024-10-17T06:22:45","modified_gmt":"2024-10-17T06:22:45","slug":"moski-nogometni-dresi-kompleti-liverpool-domaci-2024-25-rdeca-federico-chiesa-14","status":"publish","type":"product","link":"https:\/\/www.nogometnizaotroke.com\/nb\/product\/moski-nogometni-dresi-kompleti-liverpool-domaci-2024-25-rdeca-federico-chiesa-14\/","title":{"rendered":"Fotballtr\u00f8yer for menn drakter Liverpool Home 2024-25 Red Federico Chiesa 14"},"content":{"rendered":"<p>Liverpool Hjemmebanetr\u00f8ye 2024-25 er en kombinasjon av r\u00f8dt, hvitt og kromgult. Kroppen er r\u00f8d, logoene er gule og hvitt brukes til sponsorlogoer og detaljer. Det som gj\u00f8r at Liverpool 24-25-hjemmedrakten skiller seg ut er designet p\u00e5 forsiden. Den har gule striper som danner YNWA-designet.<\/p>\n<p>Tips for sokker: T-skjorten inkluderer ikke sokker som standard. Hvis du vil ha sokker, velger du sokkealternativene for \u00e5 betale for dem.<\/p>\n<p>Utskriftstips: Hvis navnet og nummeret i bildet er n\u00f8yaktig det du vil ha, trenger du ikke \u00e5 skrive det inn p\u00e5 nytt. Hvis det ikke er det, skriver du inn det navnet og nummeret du vil ha.<\/p>\n<p>Vasketips: Det anbefales \u00e5 vaske fotballtr\u00f8yene for h\u00e5nd. Hvis du vil bruke vaskemaskin, m\u00e5 du huske \u00e5 snu tr\u00f8yen og deretter vaske den. Fyll maskinen med kaldt vann og bruk en sk\u00e5nsom vaskesyklus for \u00e5 beskytte fargene bedre.<\/p>","protected":false},"excerpt":{"rendered":"<p>Majica za Liverpool Doma\u010di dresi 2024-25 je kombinacija rde\u010da, Bela in v krom rumeni barvi. Telo je rde\u010de, logotipi so rumeni, bela pa je uporabljena za sponzorske logotipe in podrobnosti.Kar omogo\u010da, da doma\u010di komplet Liverpool 24-25 izstopa, je dizajn na sprednji strani. Ima rumene \u010drte, ki tvorijo dizajn YNWA. Nasveti za nogavice: Majica ne vsebuje [&hellip;]<\/p>","protected":false},"featured_media":17299,"comment_status":"open","ping_status":"closed","template":"","meta":[],"product_brand":[],"product_cat":[140,39],"product_tag":[589,1347,296,150,148,295,147],"class_list":{"0":"post-17297","1":"product","2":"type-product","3":"status-publish","4":"has-post-thumbnail","6":"product_cat-moski","7":"product_cat-nogometni-dresi-liverpool","8":"product_tag-dresi-liverpool-za-moski","9":"product_tag-federico-chiesa-dresi","10":"product_tag-moski-dresi-liverpool-z-lastnim-imenom","11":"product_tag-moski-nogometni-dresi","12":"product_tag-poceni-nogometni-dresi","13":"product_tag-poceni-nogometni-dresi-liverpool-z-lastnim-imenom-online","14":"product_tag-slovenski-nogometni-dresi","16":"first","17":"instock","18":"shipping-taxable","19":"purchasable","20":"product-type-variable"},"_links":{"self":[{"href":"https:\/\/www.nogometnizaotroke.com\/nb\/wp-json\/wp\/v2\/product\/17297","targetHints":{"allow":["GET"]}}],"collection":[{"href":"https:\/\/www.nogometnizaotroke.com\/nb\/wp-json\/wp\/v2\/product"}],"about":[{"href":"https:\/\/www.nogometnizaotroke.com\/nb\/wp-json\/wp\/v2\/types\/product"}],"replies":[{"embeddable":true,"href":"https:\/\/www.nogometnizaotroke.com\/nb\/wp-json\/wp\/v2\/comments?post=17297"}],"wp:featuredmedia":[{"embeddable":true,"href":"https:\/\/www.nogometnizaotroke.com\/nb\/wp-json\/wp\/v2\/media\/17299"}],"wp:attachment":[{"href":"https:\/\/www.nogometnizaotroke.com\/nb\/wp-json\/wp\/v2\/media?parent=17297"}],"wp:term":[{"taxonomy":"product_brand","embeddable":true,"href":"https:\/\/www.nogometnizaotroke.com\/nb\/wp-json\/wp\/v2\/product_brand?post=17297"},{"taxonomy":"product_cat","embeddable":true,"href":"https:\/\/www.nogometnizaotroke.com\/nb\/wp-json\/wp\/v2\/product_cat?post=17297"},{"taxonomy":"product_tag","embeddable":true,"href":"https:\/\/www.nogometnizaotroke.com\/nb\/wp-json\/wp\/v2\/product_tag?post=17297"}],"curies":[{"name":"wp","href":"https:\/\/api.w.org\/{rel}","templated":true}]}}