{"id":17268,"date":"2024-09-15T07:24:14","date_gmt":"2024-09-15T07:24:14","guid":{"rendered":"https:\/\/www.nogometnionline.com\/?post_type=product&#038;p=17268"},"modified":"2024-09-15T07:24:18","modified_gmt":"2024-09-15T07:24:18","slug":"najcenejsi-moski-nogometni-dresi-reprezentance-kolumbija-domaci-copa-america-2024","status":"publish","type":"product","link":"https:\/\/www.nogometnizaotroke.com\/nb\/product\/najcenejsi-moski-nogometni-dresi-reprezentance-kolumbija-domaci-copa-america-2024\/","title":{"rendered":"Najcenej\u0161i Mo\u0161ki Nogometni dresi reprezentance Kolumbija Doma\u010di Copa America 2024"},"content":{"rendered":"<p>Doma\u010da majica Kolumbija 2024 je poklon feniksovim krilom. Svetlo rumeno podno\u017eje gosti podrobne oran\u017ene obloge \u2013 zadevna krila \u2013 ki potujejo do hrbtne strani. Logotip je temno modre barve, ki se lepo ujema z modrimi kratkimi hla\u010dami za popoln komplet. Nov doma\u010di dres bodo nosili na prihajajo\u010dem Copa America 2024.<\/p>\n<p>Tips for sokker: T-skjorten inkluderer ikke sokker som standard. Hvis du vil ha sokker, velger du sokkealternativene for \u00e5 betale for dem.<\/p>\n<p>Utskriftstips: Hvis navnet og nummeret i bildet er n\u00f8yaktig det du vil ha, trenger du ikke \u00e5 skrive det inn p\u00e5 nytt. Hvis det ikke er det, skriver du inn det navnet og nummeret du vil ha.<\/p>\n<p>Vasketips: Det anbefales \u00e5 vaske fotballtr\u00f8yene for h\u00e5nd. Hvis du vil bruke vaskemaskin, m\u00e5 du huske \u00e5 snu tr\u00f8yen og deretter vaske den. Fyll maskinen med kaldt vann og bruk en sk\u00e5nsom vaskesyklus for \u00e5 beskytte fargene bedre.<\/p>","protected":false},"excerpt":{"rendered":"<p>Doma\u010da majica Kolumbija 2024 je poklon feniksovim krilom. Svetlo rumeno podno\u017eje gosti podrobne oran\u017ene obloge \u2013 zadevna krila \u2013 ki potujejo do hrbtne strani. Logotip je temno modre barve, ki se lepo ujema z modrimi kratkimi hla\u010dami za popoln komplet. Nov doma\u010di dres bodo nosili na prihajajo\u010dem Copa America 2024. Nasveti za nogavice: Majica ne [&hellip;]<\/p>","protected":false},"featured_media":17270,"comment_status":"open","ping_status":"closed","template":"","meta":[],"product_brand":[],"product_cat":[140,83],"product_tag":[847,848,150,153,1338,148,1337,147],"class_list":{"0":"post-17268","1":"product","2":"type-product","3":"status-publish","4":"has-post-thumbnail","6":"product_cat-moski","7":"product_cat-dresi-kolumbija-reprezentance","8":"product_tag-copa-america-2024","9":"product_tag-kolumbija-copa-america-2024-dresi","10":"product_tag-moski-nogometni-dresi","11":"product_tag-nogometni-dresi","12":"product_tag-nogometni-dresi-kolumbija-z-lastnim-imenom","13":"product_tag-poceni-nogometni-dresi","14":"product_tag-poceni-nogometni-dresi-kolumbija","15":"product_tag-slovenski-nogometni-dresi","17":"first","18":"instock","19":"shipping-taxable","20":"purchasable","21":"product-type-variable"},"_links":{"self":[{"href":"https:\/\/www.nogometnizaotroke.com\/nb\/wp-json\/wp\/v2\/product\/17268","targetHints":{"allow":["GET"]}}],"collection":[{"href":"https:\/\/www.nogometnizaotroke.com\/nb\/wp-json\/wp\/v2\/product"}],"about":[{"href":"https:\/\/www.nogometnizaotroke.com\/nb\/wp-json\/wp\/v2\/types\/product"}],"replies":[{"embeddable":true,"href":"https:\/\/www.nogometnizaotroke.com\/nb\/wp-json\/wp\/v2\/comments?post=17268"}],"wp:featuredmedia":[{"embeddable":true,"href":"https:\/\/www.nogometnizaotroke.com\/nb\/wp-json\/wp\/v2\/media\/17270"}],"wp:attachment":[{"href":"https:\/\/www.nogometnizaotroke.com\/nb\/wp-json\/wp\/v2\/media?parent=17268"}],"wp:term":[{"taxonomy":"product_brand","embeddable":true,"href":"https:\/\/www.nogometnizaotroke.com\/nb\/wp-json\/wp\/v2\/product_brand?post=17268"},{"taxonomy":"product_cat","embeddable":true,"href":"https:\/\/www.nogometnizaotroke.com\/nb\/wp-json\/wp\/v2\/product_cat?post=17268"},{"taxonomy":"product_tag","embeddable":true,"href":"https:\/\/www.nogometnizaotroke.com\/nb\/wp-json\/wp\/v2\/product_tag?post=17268"}],"curies":[{"name":"wp","href":"https:\/\/api.w.org\/{rel}","templated":true}]}}