{"id":17207,"date":"2024-09-13T07:44:43","date_gmt":"2024-09-13T07:44:43","guid":{"rendered":"https:\/\/www.nogometnionline.com\/?post_type=product&#038;p=17207"},"modified":"2024-09-30T08:47:18","modified_gmt":"2024-09-30T08:47:18","slug":"moski-nogometni-dresi-paris-saint-germain-psg-domaci-2024-25-z-lastnim-imenom-online","status":"publish","type":"product","link":"https:\/\/www.nogometnizaotroke.com\/nb\/product\/moski-nogometni-dresi-paris-saint-germain-psg-domaci-2024-25-z-lastnim-imenom-online\/","title":{"rendered":"Fotballtr\u00f8yer for menn Paris Saint-Germain PSG Home 2024-25 med ditt eget navn online"},"content":{"rendered":"<p>Majica PSG Doma\u010di 2024-25 dresi se vra\u010da k klubskemu klasi\u010dnemu Hechterju. Zadnji dres Paris Saint-Germaina s klasi\u010dnim Hechterjem je bil doma\u010di dres 2020-21.Majica Hechter je legendarni simbol zgodovine in identitete Paris Saint-Germaina. Oblikoval ga je modna ikona Daniel Hechter, navdihnili pa so ga avto Mustang in barve Ajaxa.<\/p>\n<p>Tips for sokker: T-skjorten inkluderer ikke sokker som standard. Hvis du vil ha sokker, velger du sokkealternativene for \u00e5 betale for dem.<\/p>\n<p>Utskriftstips: Hvis navnet og nummeret i bildet er n\u00f8yaktig det du vil ha, trenger du ikke \u00e5 skrive det inn p\u00e5 nytt. Hvis det ikke er det, skriver du inn det navnet og nummeret du vil ha.<\/p>\n<p>Vasketips: Det anbefales \u00e5 vaske fotballtr\u00f8yene for h\u00e5nd. Hvis du vil bruke vaskemaskin, m\u00e5 du huske \u00e5 snu tr\u00f8yen og deretter vaske den. Fyll maskinen med kaldt vann og bruk en sk\u00e5nsom vaskesyklus for \u00e5 beskytte fargene bedre.<\/p>","protected":false},"excerpt":{"rendered":"<p>Majica PSG Doma\u010di 2024-25 dresi se vra\u010da k klubskemu klasi\u010dnemu Hechterju. Zadnji dres Paris Saint-Germaina s klasi\u010dnim Hechterjem je bil doma\u010di dres 2020-21.Majica Hechter je legendarni simbol zgodovine in identitete Paris Saint-Germaina. Oblikoval ga je modna ikona Daniel Hechter, navdihnili pa so ga avto Mustang in barve Ajaxa. Nasveti za nogavice: Majica ne vsebuje nogavic [&hellip;]<\/p>","protected":false},"featured_media":17209,"comment_status":"open","ping_status":"closed","template":"","meta":[],"product_brand":[],"product_cat":[140,37],"product_tag":[150,153,155,260,148,149,753],"class_list":{"0":"post-17207","1":"product","2":"type-product","3":"status-publish","4":"has-post-thumbnail","6":"product_cat-moski","7":"product_cat-nogometni-dresi-psg","8":"product_tag-moski-nogometni-dresi","9":"product_tag-nogometni-dresi","10":"product_tag-paris-saint-germain-psg-dres","11":"product_tag-poceni-moski-nogometni-dresi-psg-z-lastnim-imenom","12":"product_tag-poceni-nogometni-dresi","13":"product_tag-poceni-nogometni-dresi-psg-z-lastnim-imenom-online","14":"product_tag-psg-dresi-2024","16":"first","17":"instock","18":"featured","19":"shipping-taxable","20":"purchasable","21":"product-type-variable"},"_links":{"self":[{"href":"https:\/\/www.nogometnizaotroke.com\/nb\/wp-json\/wp\/v2\/product\/17207","targetHints":{"allow":["GET"]}}],"collection":[{"href":"https:\/\/www.nogometnizaotroke.com\/nb\/wp-json\/wp\/v2\/product"}],"about":[{"href":"https:\/\/www.nogometnizaotroke.com\/nb\/wp-json\/wp\/v2\/types\/product"}],"replies":[{"embeddable":true,"href":"https:\/\/www.nogometnizaotroke.com\/nb\/wp-json\/wp\/v2\/comments?post=17207"}],"wp:featuredmedia":[{"embeddable":true,"href":"https:\/\/www.nogometnizaotroke.com\/nb\/wp-json\/wp\/v2\/media\/17209"}],"wp:attachment":[{"href":"https:\/\/www.nogometnizaotroke.com\/nb\/wp-json\/wp\/v2\/media?parent=17207"}],"wp:term":[{"taxonomy":"product_brand","embeddable":true,"href":"https:\/\/www.nogometnizaotroke.com\/nb\/wp-json\/wp\/v2\/product_brand?post=17207"},{"taxonomy":"product_cat","embeddable":true,"href":"https:\/\/www.nogometnizaotroke.com\/nb\/wp-json\/wp\/v2\/product_cat?post=17207"},{"taxonomy":"product_tag","embeddable":true,"href":"https:\/\/www.nogometnizaotroke.com\/nb\/wp-json\/wp\/v2\/product_tag?post=17207"}],"curies":[{"name":"wp","href":"https:\/\/api.w.org\/{rel}","templated":true}]}}