{"id":17066,"date":"2024-09-10T07:54:06","date_gmt":"2024-09-10T07:54:06","guid":{"rendered":"https:\/\/www.nogometnionline.com\/?post_type=product&#038;p=17066"},"modified":"2024-09-10T07:54:10","modified_gmt":"2024-09-10T07:54:10","slug":"moski-nogometni-dresi-kompleti-reprezentance-anglija-gostujoci-euro-2024-david-beckham-7","status":"publish","type":"product","link":"https:\/\/www.nogometnizaotroke.com\/nb\/product\/moski-nogometni-dresi-kompleti-reprezentance-anglija-gostujoci-euro-2024-david-beckham-7\/","title":{"rendered":"Englands fotballdrakter for menn, bortesett Euro 2024 David Beckham 7"},"content":{"rendered":"<p>England 2024\/25-banetr\u00f8yen tar en dristig tiln\u00e6rming ved \u00e5 gjenskape ikoniske landslagsdrakter med en forfriskende vri. I motsetning til tradisjonelle normer er bortetr\u00f8yen dekorert i en i\u00f8ynefallende lilla nyanse, som symboliserer den ungdommelige og energiske \u00e5nden som gjennomsyrer b\u00e5de p\u00e5 og utenfor banen.<\/p>\n<p>Tips for sokker: T-skjorten inkluderer ikke sokker som standard. Hvis du vil ha sokker, velger du sokkealternativene for \u00e5 betale for dem.<\/p>\n<p>Utskriftstips: Hvis navnet og nummeret i bildet er n\u00f8yaktig det du vil ha, trenger du ikke \u00e5 skrive det inn p\u00e5 nytt. Hvis det ikke er det, skriver du inn det navnet og nummeret du vil ha.<\/p>\n<p>Vasketips: Det anbefales \u00e5 vaske fotballtr\u00f8yene for h\u00e5nd. Hvis du vil bruke vaskemaskin, m\u00e5 du huske \u00e5 snu tr\u00f8yen og deretter vaske den. Fyll maskinen med kaldt vann og bruk en sk\u00e5nsom vaskesyklus for \u00e5 beskytte fargene bedre.<\/p>","protected":false},"excerpt":{"rendered":"<p>Gostujo\u010di dres Anglije 2024\/25 ima drzen pristop s preoblikovanjem ikoni\u010dnih reprezentan\u010dnih kompletov z osve\u017eujo\u010dim pridihom. Za razliko od tradicionalnih norm je majica za goste okra\u0161ena v privla\u010dnem vijoli\u010dnem odtenku, ki simbolizira mladosten in energi\u010den duh, ki pre\u017eema tako na igri\u0161\u010du kot izven njega. Nasveti za nogavice: Majica ne vsebuje nogavic privzeto. \u010ce \u017eelite nogavice, izberite [&hellip;]<\/p>","protected":false},"featured_media":17068,"comment_status":"open","ping_status":"closed","template":"","meta":[],"product_brand":[],"product_cat":[778,140,79],"product_tag":[785,1136,150,153,1318,148,147],"class_list":{"0":"post-17066","1":"product","2":"type-product","3":"status-publish","4":"has-post-thumbnail","6":"product_cat-euro-2024","7":"product_cat-moski","8":"product_cat-dresi-anglija-reprezentance","9":"product_tag-anglija-euro-2024-dresi","10":"product_tag-david-beckham-dresi","11":"product_tag-moski-nogometni-dresi","12":"product_tag-nogometni-dresi","13":"product_tag-nogometni-dresi-za-nogomet","14":"product_tag-poceni-nogometni-dresi","15":"product_tag-slovenski-nogometni-dresi","17":"first","18":"instock","19":"shipping-taxable","20":"purchasable","21":"product-type-variable"},"_links":{"self":[{"href":"https:\/\/www.nogometnizaotroke.com\/nb\/wp-json\/wp\/v2\/product\/17066","targetHints":{"allow":["GET"]}}],"collection":[{"href":"https:\/\/www.nogometnizaotroke.com\/nb\/wp-json\/wp\/v2\/product"}],"about":[{"href":"https:\/\/www.nogometnizaotroke.com\/nb\/wp-json\/wp\/v2\/types\/product"}],"replies":[{"embeddable":true,"href":"https:\/\/www.nogometnizaotroke.com\/nb\/wp-json\/wp\/v2\/comments?post=17066"}],"wp:featuredmedia":[{"embeddable":true,"href":"https:\/\/www.nogometnizaotroke.com\/nb\/wp-json\/wp\/v2\/media\/17068"}],"wp:attachment":[{"href":"https:\/\/www.nogometnizaotroke.com\/nb\/wp-json\/wp\/v2\/media?parent=17066"}],"wp:term":[{"taxonomy":"product_brand","embeddable":true,"href":"https:\/\/www.nogometnizaotroke.com\/nb\/wp-json\/wp\/v2\/product_brand?post=17066"},{"taxonomy":"product_cat","embeddable":true,"href":"https:\/\/www.nogometnizaotroke.com\/nb\/wp-json\/wp\/v2\/product_cat?post=17066"},{"taxonomy":"product_tag","embeddable":true,"href":"https:\/\/www.nogometnizaotroke.com\/nb\/wp-json\/wp\/v2\/product_tag?post=17066"}],"curies":[{"name":"wp","href":"https:\/\/api.w.org\/{rel}","templated":true}]}}