{"id":17023,"date":"2024-09-10T02:47:48","date_gmt":"2024-09-10T02:47:48","guid":{"rendered":"https:\/\/www.nogometnionline.com\/?post_type=product&#038;p=17023"},"modified":"2024-09-10T02:47:53","modified_gmt":"2024-09-10T02:47:53","slug":"moski-nogometni-dresi-za-nogomet-reprezentance-anglija-domaci-euro-2024-phil-foden-7","status":"publish","type":"product","link":"https:\/\/www.nogometnizaotroke.com\/nb\/product\/moski-nogometni-dresi-za-nogomet-reprezentance-anglija-domaci-euro-2024-phil-foden-7\/","title":{"rendered":"Herrelandslaget England Fotballtr\u00f8yer Hjem EM 2024 Phil Foden 7"},"content":{"rendered":"<p>Englands hjemmebanetr\u00f8ye for EM 2024 er en stor forandring fra de tidligere engelske hjemmebanetr\u00f8yene. England 2024-fotballtr\u00f8yen kombinerer klassisk landhvit med m\u00f8rke marinebl\u00e5 og r\u00f8dbrune\/lysr\u00f8de detaljer, og har en spesialdesignet krage som er en kombinasjon av den klassiske V-kragen. Mansjettene p\u00e5 ermene p\u00e5 England 2024-hjemmedrakten har elegante detaljer i marinebl\u00e5\/lysr\u00f8d\/kastanjebrun stripe.<\/p>\n<p>Tips for sokker: T-skjorten inkluderer ikke sokker som standard. Hvis du vil ha sokker, velger du sokkealternativene for \u00e5 betale for dem.<\/p>\n<p>Utskriftstips: Hvis navnet og nummeret i bildet er n\u00f8yaktig det du vil ha, trenger du ikke \u00e5 skrive det inn p\u00e5 nytt. Hvis det ikke er det, skriver du inn det navnet og nummeret du vil ha.<\/p>\n<p>Vasketips: Det anbefales \u00e5 vaske fotballtr\u00f8yene for h\u00e5nd. Hvis du vil bruke vaskemaskin, m\u00e5 du huske \u00e5 snu tr\u00f8yen og deretter vaske den. Fyll maskinen med kaldt vann og bruk en sk\u00e5nsom vaskesyklus for \u00e5 beskytte fargene bedre.<\/p>","protected":false},"excerpt":{"rendered":"<p>Anglija Doma\u010di Euro 2024 dresi za Evropsko prvenstvo 2024 je velika sprememba prej\u0161njih doma\u010dih dresov Anglije. Nogometni dres Anglije 2024 zdru\u017euje klasi\u010dno belo dr\u017eavo s temno mornarsko modro barvo in kostanjevimi\/svetlo rde\u010dimi detajli.Uporablja posebno konstruiran ovratnik, ki je kombinacija klasi\u010dnega V ovratnika. Man\u0161ete rokavov doma\u010dega kompleta za Anglijo 2024 so opremljene z elegantnimi detajli mornarsko-modro-svetlo [&hellip;]<\/p>","protected":false},"featured_media":17025,"comment_status":"open","ping_status":"closed","template":"","meta":[],"product_brand":[],"product_cat":[778,140,79],"product_tag":[785,150,153,1318,898,148,147],"class_list":{"0":"post-17023","1":"product","2":"type-product","3":"status-publish","4":"has-post-thumbnail","6":"product_cat-euro-2024","7":"product_cat-moski","8":"product_cat-dresi-anglija-reprezentance","9":"product_tag-anglija-euro-2024-dresi","10":"product_tag-moski-nogometni-dresi","11":"product_tag-nogometni-dresi","12":"product_tag-nogometni-dresi-za-nogomet","13":"product_tag-phil-foden-dresi","14":"product_tag-poceni-nogometni-dresi","15":"product_tag-slovenski-nogometni-dresi","17":"first","18":"instock","19":"shipping-taxable","20":"purchasable","21":"product-type-variable"},"_links":{"self":[{"href":"https:\/\/www.nogometnizaotroke.com\/nb\/wp-json\/wp\/v2\/product\/17023","targetHints":{"allow":["GET"]}}],"collection":[{"href":"https:\/\/www.nogometnizaotroke.com\/nb\/wp-json\/wp\/v2\/product"}],"about":[{"href":"https:\/\/www.nogometnizaotroke.com\/nb\/wp-json\/wp\/v2\/types\/product"}],"replies":[{"embeddable":true,"href":"https:\/\/www.nogometnizaotroke.com\/nb\/wp-json\/wp\/v2\/comments?post=17023"}],"wp:featuredmedia":[{"embeddable":true,"href":"https:\/\/www.nogometnizaotroke.com\/nb\/wp-json\/wp\/v2\/media\/17025"}],"wp:attachment":[{"href":"https:\/\/www.nogometnizaotroke.com\/nb\/wp-json\/wp\/v2\/media?parent=17023"}],"wp:term":[{"taxonomy":"product_brand","embeddable":true,"href":"https:\/\/www.nogometnizaotroke.com\/nb\/wp-json\/wp\/v2\/product_brand?post=17023"},{"taxonomy":"product_cat","embeddable":true,"href":"https:\/\/www.nogometnizaotroke.com\/nb\/wp-json\/wp\/v2\/product_cat?post=17023"},{"taxonomy":"product_tag","embeddable":true,"href":"https:\/\/www.nogometnizaotroke.com\/nb\/wp-json\/wp\/v2\/product_tag?post=17023"}],"curies":[{"name":"wp","href":"https:\/\/api.w.org\/{rel}","templated":true}]}}