{"id":16920,"date":"2024-09-08T06:35:40","date_gmt":"2024-09-08T06:35:40","guid":{"rendered":"https:\/\/www.nogometnionline.com\/?post_type=product&#038;p=16920"},"modified":"2024-09-08T06:35:44","modified_gmt":"2024-09-08T06:35:44","slug":"poceni-moski-nogometni-dresi-celtic-domaci-2024-2025","status":"publish","type":"product","link":"https:\/\/www.nogometnizaotroke.com\/nb\/product\/poceni-moski-nogometni-dresi-celtic-domaci-2024-2025\/","title":{"rendered":"Poceni Mo\u0161ki Nogometni dresi Celtic Doma\u010di 2024-2025"},"content":{"rendered":"<p>Ikoni\u010dna majica Bhoys ohranja tradicionalne klubske zeleno-bele obro\u010de, okra\u0161ene z edinstvenim dizajnom keltskega vozla na ovratniku, ki simbolizira enotnost med igralci in predanimi navija\u010di.Doma\u010di dres za sezono 2024\/25 vklju\u010duje moderen zaobljen vratni izrez z zna\u010dilnimi tremi \u010drtami Footballa v temno zeleni barvi, vidno prikazanimi na ramenih.<\/p>\n<p>Tips for sokker: T-skjorten inkluderer ikke sokker som standard. Hvis du vil ha sokker, velger du sokkealternativene for \u00e5 betale for dem.<\/p>\n<p>Utskriftstips: Hvis navnet og nummeret i bildet er n\u00f8yaktig det du vil ha, trenger du ikke \u00e5 skrive det inn p\u00e5 nytt. Hvis det ikke er det, skriver du inn det navnet og nummeret du vil ha.<\/p>\n<p>Vasketips: Det anbefales \u00e5 vaske fotballtr\u00f8yene for h\u00e5nd. Hvis du vil bruke vaskemaskin, m\u00e5 du huske \u00e5 snu tr\u00f8yen og deretter vaske den. Fyll maskinen med kaldt vann og bruk en sk\u00e5nsom vaskesyklus for \u00e5 beskytte fargene bedre.<\/p>","protected":false},"excerpt":{"rendered":"<p>Ikoni\u010dna majica Bhoys ohranja tradicionalne klubske zeleno-bele obro\u010de, okra\u0161ene z edinstvenim dizajnom keltskega vozla na ovratniku, ki simbolizira enotnost med igralci in predanimi navija\u010di.Doma\u010di dres za sezono 2024\/25 vklju\u010duje moderen zaobljen vratni izrez z zna\u010dilnimi tremi \u010drtami Footballa v temno zeleni barvi, vidno prikazanimi na ramenih. Nasveti za nogavice: Majica ne vsebuje nogavic privzeto. \u010ce [&hellip;]<\/p>","protected":false},"featured_media":16918,"comment_status":"open","ping_status":"closed","template":"","meta":[],"product_brand":[],"product_cat":[69],"product_tag":[1303,153,220,1304,159,1305,148,147],"class_list":{"0":"post-16920","1":"product","2":"type-product","3":"status-publish","4":"has-post-thumbnail","6":"product_cat-nogometni-dresi-celtic","7":"product_tag-dresi-celtic-za-otroke","8":"product_tag-nogometni-dresi","9":"product_tag-nogometni-dresi-za-otroke","10":"product_tag-otroski-dresi-celtic-z-lastnim-imenom","11":"product_tag-otroski-nogometni-dresi","12":"product_tag-otroski-nogometni-dresi-celtic","13":"product_tag-poceni-nogometni-dresi","14":"product_tag-slovenski-nogometni-dresi","16":"first","17":"instock","18":"shipping-taxable","19":"purchasable","20":"product-type-variable"},"_links":{"self":[{"href":"https:\/\/www.nogometnizaotroke.com\/nb\/wp-json\/wp\/v2\/product\/16920","targetHints":{"allow":["GET"]}}],"collection":[{"href":"https:\/\/www.nogometnizaotroke.com\/nb\/wp-json\/wp\/v2\/product"}],"about":[{"href":"https:\/\/www.nogometnizaotroke.com\/nb\/wp-json\/wp\/v2\/types\/product"}],"replies":[{"embeddable":true,"href":"https:\/\/www.nogometnizaotroke.com\/nb\/wp-json\/wp\/v2\/comments?post=16920"}],"wp:featuredmedia":[{"embeddable":true,"href":"https:\/\/www.nogometnizaotroke.com\/nb\/wp-json\/wp\/v2\/media\/16918"}],"wp:attachment":[{"href":"https:\/\/www.nogometnizaotroke.com\/nb\/wp-json\/wp\/v2\/media?parent=16920"}],"wp:term":[{"taxonomy":"product_brand","embeddable":true,"href":"https:\/\/www.nogometnizaotroke.com\/nb\/wp-json\/wp\/v2\/product_brand?post=16920"},{"taxonomy":"product_cat","embeddable":true,"href":"https:\/\/www.nogometnizaotroke.com\/nb\/wp-json\/wp\/v2\/product_cat?post=16920"},{"taxonomy":"product_tag","embeddable":true,"href":"https:\/\/www.nogometnizaotroke.com\/nb\/wp-json\/wp\/v2\/product_tag?post=16920"}],"curies":[{"name":"wp","href":"https:\/\/api.w.org\/{rel}","templated":true}]}}