{"id":16760,"date":"2024-09-04T03:31:10","date_gmt":"2024-09-04T03:31:10","guid":{"rendered":"https:\/\/www.nogometnionline.com\/?post_type=product&#038;p=16760"},"modified":"2024-09-04T03:31:15","modified_gmt":"2024-09-04T03:31:15","slug":"poceni-nogometni-dresi-lille-osc-domaci-2024-25-rdeca-kratki-rokavi","status":"publish","type":"product","link":"https:\/\/www.nogometnizaotroke.com\/nb\/product\/poceni-nogometni-dresi-lille-osc-domaci-2024-25-rdeca-kratki-rokavi\/","title":{"rendered":"Poceni Nogometni dresi Lille OSC Doma\u010di 2024-25 rde\u010da Kratki rokavi"},"content":{"rendered":"<p>Nogometni dresi Lille OSC Doma\u010di 2024-25 praznuje 80. obletnico kluba. Je rde\u010de barve in ima na prsih velik \u0161ivron, sestavljen iz cik-cak \u010drt v temnej\u0161em odtenku, ki je poklon mestni tekstilni industriji.Dres Lille 24-25 ima ovratnik MU v obliki \u010drke V v mornarsko modri in beli barvi. Na zadnji strani pod ovratnikom je posebna zna\u010dka za 80. obletnico.<\/p>\n<p>Tips for sokker: T-skjorten inkluderer ikke sokker som standard. Hvis du vil ha sokker, velger du sokkealternativene for \u00e5 betale for dem.<\/p>\n<p>Utskriftstips: Hvis navnet og nummeret i bildet er n\u00f8yaktig det du vil ha, trenger du ikke \u00e5 skrive det inn p\u00e5 nytt. Hvis det ikke er det, skriver du inn det navnet og nummeret du vil ha.<\/p>\n<p>Vasketips: Det anbefales \u00e5 vaske fotballtr\u00f8yene for h\u00e5nd. Hvis du vil bruke vaskemaskin, m\u00e5 du huske \u00e5 snu tr\u00f8yen og deretter vaske den. Fyll maskinen med kaldt vann og bruk en sk\u00e5nsom vaskesyklus for \u00e5 beskytte fargene bedre.<\/p>","protected":false},"excerpt":{"rendered":"<p>Nogometni dresi Lille OSC Doma\u010di 2024-25 praznuje 80. obletnico kluba. Je rde\u010de barve in ima na prsih velik \u0161ivron, sestavljen iz cik-cak \u010drt v temnej\u0161em odtenku, ki je poklon mestni tekstilni industriji.Dres Lille 24-25 ima ovratnik MU v obliki \u010drke V v mornarsko modri in beli barvi. Na zadnji strani pod ovratnikom je posebna zna\u010dka [&hellip;]<\/p>","protected":false},"featured_media":16762,"comment_status":"open","ping_status":"closed","template":"","meta":[],"product_brand":[],"product_cat":[140,64],"product_tag":[150,217,153,1279,148,1280,1281,147],"class_list":{"0":"post-16760","1":"product","2":"type-product","3":"status-publish","4":"has-post-thumbnail","6":"product_cat-moski","7":"product_cat-nogometni-dresi-lille-osc","8":"product_tag-moski-nogometni-dresi","9":"product_tag-najcenejsi-nogometni-dresi","10":"product_tag-nogometni-dresi","11":"product_tag-nogometni-dresi-lille-osc-z-lastnim-imenom","12":"product_tag-poceni-nogometni-dresi","13":"product_tag-poceni-nogometni-dresi-lille-osc","14":"product_tag-poceni-nogometni-dresi-lille-osc-z-lastnim-imenom-online","15":"product_tag-slovenski-nogometni-dresi","17":"first","18":"instock","19":"shipping-taxable","20":"purchasable","21":"product-type-variable"},"_links":{"self":[{"href":"https:\/\/www.nogometnizaotroke.com\/nb\/wp-json\/wp\/v2\/product\/16760","targetHints":{"allow":["GET"]}}],"collection":[{"href":"https:\/\/www.nogometnizaotroke.com\/nb\/wp-json\/wp\/v2\/product"}],"about":[{"href":"https:\/\/www.nogometnizaotroke.com\/nb\/wp-json\/wp\/v2\/types\/product"}],"replies":[{"embeddable":true,"href":"https:\/\/www.nogometnizaotroke.com\/nb\/wp-json\/wp\/v2\/comments?post=16760"}],"wp:featuredmedia":[{"embeddable":true,"href":"https:\/\/www.nogometnizaotroke.com\/nb\/wp-json\/wp\/v2\/media\/16762"}],"wp:attachment":[{"href":"https:\/\/www.nogometnizaotroke.com\/nb\/wp-json\/wp\/v2\/media?parent=16760"}],"wp:term":[{"taxonomy":"product_brand","embeddable":true,"href":"https:\/\/www.nogometnizaotroke.com\/nb\/wp-json\/wp\/v2\/product_brand?post=16760"},{"taxonomy":"product_cat","embeddable":true,"href":"https:\/\/www.nogometnizaotroke.com\/nb\/wp-json\/wp\/v2\/product_cat?post=16760"},{"taxonomy":"product_tag","embeddable":true,"href":"https:\/\/www.nogometnizaotroke.com\/nb\/wp-json\/wp\/v2\/product_tag?post=16760"}],"curies":[{"name":"wp","href":"https:\/\/api.w.org\/{rel}","templated":true}]}}