{"id":16611,"date":"2024-08-31T05:31:09","date_gmt":"2024-08-31T05:31:09","guid":{"rendered":"https:\/\/www.nogometnionline.com\/?post_type=product&#038;p=16611"},"modified":"2024-08-31T05:31:13","modified_gmt":"2024-08-31T05:31:13","slug":"poceni-moski-nogometni-dresi-ssc-napoli-domaci-2024-25-dresi-za-nogomet","status":"publish","type":"product","link":"https:\/\/www.nogometnizaotroke.com\/nb\/product\/poceni-moski-nogometni-dresi-ssc-napoli-domaci-2024-25-dresi-za-nogomet\/","title":{"rendered":"Poceni Mo\u0161ki Nogometni dresi SSC Napoli Doma\u010di 2024-25 dresi za nogomet"},"content":{"rendered":"<p>Najbolj presenetljiva zna\u010dilnost doma\u010dega dresa SSC Napoli 24\/25 EA7 je njegov prefinjen dizajn z Izrezom, izbolj\u0161an s pletenim rebrastim jadrom, ki celotnemu videzu doda pridih retro. Ta premi\u0161ljena podrobnost se poklanja bogati zgodovini kluba in dokazuje predanost EA7 ustvarjanju kompleta, ki odmeva tako pri dolgoletnih navija\u010dih kot pri novih navija\u010dih.<\/p>\n<p>Pomembna posodobitev majice te sezone je spremenjena velikost logotipa SSC Napoli, ki se zdaj pona\u0161a s 3D u\u010dinkom. Ta inovativni oblikovni element majici doda globino in razse\u017enost, kar odra\u017ea napreden pristop kluba in pozornost do podrobnosti. Novi napisi SSC Napoli to dopolnjujejo moderni, dinami\u010dni znaki, ki kompletu dajejo sodoben in o\u010darljiv videz.<\/p>\n<p>Sam dres je izdelan iz visokozmogljivega poliestra, kar zagotavlja optimalno udobje in funkcionalnost za igralce na igri\u0161\u010du. Izstopajo\u010da zna\u010dilnost je nov vro\u010de vtisnjen vzorec ikoni\u010dnega logotipa \u00bbN\u00ab, ki se pojavi v celotnem dizajnu \u010dez majico.<\/p>\n<p>Tips for sokker: T-skjorten inkluderer ikke sokker som standard. Hvis du vil ha sokker, velger du sokkealternativene for \u00e5 betale for dem.<\/p>\n<p>Utskriftstips: Hvis navnet og nummeret i bildet er n\u00f8yaktig det du vil ha, trenger du ikke \u00e5 skrive det inn p\u00e5 nytt. Hvis det ikke er det, skriver du inn det navnet og nummeret du vil ha.<\/p>\n<p>Vasketips: Det anbefales \u00e5 vaske fotballtr\u00f8yene for h\u00e5nd. Hvis du vil bruke vaskemaskin, m\u00e5 du huske \u00e5 snu tr\u00f8yen og deretter vaske den. Fyll maskinen med kaldt vann og bruk en sk\u00e5nsom vaskesyklus for \u00e5 beskytte fargene bedre.<\/p>","protected":false},"excerpt":{"rendered":"<p>Najbolj presenetljiva zna\u010dilnost doma\u010dega dresa SSC Napoli 24\/25 EA7 je njegov prefinjen dizajn z Izrezom, izbolj\u0161an s pletenim rebrastim jadrom, ki celotnemu videzu doda pridih retro. Ta premi\u0161ljena podrobnost se poklanja bogati zgodovini kluba in dokazuje predanost EA7 ustvarjanju kompleta, ki odmeva tako pri dolgoletnih navija\u010dih kot pri novih navija\u010dih. Pomembna posodobitev majice te sezone [&hellip;]<\/p>","protected":false},"featured_media":16613,"comment_status":"open","ping_status":"closed","template":"","meta":[],"product_brand":[],"product_cat":[140,55],"product_tag":[150,153,1243,148,1242,305,147],"class_list":{"0":"post-16611","1":"product","2":"type-product","3":"status-publish","4":"has-post-thumbnail","6":"product_cat-moski","7":"product_cat-nogometni-dresi-ssc-napoli","8":"product_tag-moski-nogometni-dresi","9":"product_tag-nogometni-dresi","10":"product_tag-nogometni-dresi-ssc-napoli-z-lastnim-imenom","11":"product_tag-poceni-nogometni-dresi","12":"product_tag-poceni-nogometni-dresi-ssc-napoli","13":"product_tag-poceni-nogometni-dresi-ssc-napoli-z-lastnim-imenom-online","14":"product_tag-slovenski-nogometni-dresi","16":"first","17":"instock","18":"shipping-taxable","19":"purchasable","20":"product-type-variable"},"_links":{"self":[{"href":"https:\/\/www.nogometnizaotroke.com\/nb\/wp-json\/wp\/v2\/product\/16611","targetHints":{"allow":["GET"]}}],"collection":[{"href":"https:\/\/www.nogometnizaotroke.com\/nb\/wp-json\/wp\/v2\/product"}],"about":[{"href":"https:\/\/www.nogometnizaotroke.com\/nb\/wp-json\/wp\/v2\/types\/product"}],"replies":[{"embeddable":true,"href":"https:\/\/www.nogometnizaotroke.com\/nb\/wp-json\/wp\/v2\/comments?post=16611"}],"wp:featuredmedia":[{"embeddable":true,"href":"https:\/\/www.nogometnizaotroke.com\/nb\/wp-json\/wp\/v2\/media\/16613"}],"wp:attachment":[{"href":"https:\/\/www.nogometnizaotroke.com\/nb\/wp-json\/wp\/v2\/media?parent=16611"}],"wp:term":[{"taxonomy":"product_brand","embeddable":true,"href":"https:\/\/www.nogometnizaotroke.com\/nb\/wp-json\/wp\/v2\/product_brand?post=16611"},{"taxonomy":"product_cat","embeddable":true,"href":"https:\/\/www.nogometnizaotroke.com\/nb\/wp-json\/wp\/v2\/product_cat?post=16611"},{"taxonomy":"product_tag","embeddable":true,"href":"https:\/\/www.nogometnizaotroke.com\/nb\/wp-json\/wp\/v2\/product_tag?post=16611"}],"curies":[{"name":"wp","href":"https:\/\/api.w.org\/{rel}","templated":true}]}}