{"id":16606,"date":"2024-08-31T05:18:55","date_gmt":"2024-08-31T05:18:55","guid":{"rendered":"https:\/\/www.nogometnionline.com\/?post_type=product&#038;p=16606"},"modified":"2024-08-31T05:18:59","modified_gmt":"2024-08-31T05:18:59","slug":"novo-moski-nogometni-dresi-west-ham-united-tretji-2024-25-z-lastnim-imenom-online","status":"publish","type":"product","link":"https:\/\/www.nogometnizaotroke.com\/nb\/product\/novo-moski-nogometni-dresi-west-ham-united-tretji-2024-25-z-lastnim-imenom-online\/","title":{"rendered":"Nye Herrefotballtr\u00f8yer West Ham United Third 2024-25 med ditt eget navn p\u00e5 nett"},"content":{"rendered":"<p>Dresi West Ham United Tretji 2024-25 je ve\u010dinoma bel, z bordo ovratnikom in bordo man\u0161etami ter zlatimi obrobami, kar ustvarja \u010dist in eleganten videz. Dresi West Ham United Tretji 2024-25 ima vtisnjen cikcak vzorec s kladivi v grbu West Ham. Ta elegantna oblika je poklon skupni dedi\u0161\u010dini kluba in Umbra.<\/p>\n<p>Tips for sokker: T-skjorten inkluderer ikke sokker som standard. Hvis du vil ha sokker, velger du sokkealternativene for \u00e5 betale for dem.<\/p>\n<p>Utskriftstips: Hvis navnet og nummeret i bildet er n\u00f8yaktig det du vil ha, trenger du ikke \u00e5 skrive det inn p\u00e5 nytt. Hvis det ikke er det, skriver du inn det navnet og nummeret du vil ha.<\/p>\n<p>Vasketips: Det anbefales \u00e5 vaske fotballtr\u00f8yene for h\u00e5nd. Hvis du vil bruke vaskemaskin, m\u00e5 du huske \u00e5 snu tr\u00f8yen og deretter vaske den. Fyll maskinen med kaldt vann og bruk en sk\u00e5nsom vaskesyklus for \u00e5 beskytte fargene bedre.<\/p>","protected":false},"excerpt":{"rendered":"<p>Dresi West Ham United Tretji 2024-25 je ve\u010dinoma bel, z bordo ovratnikom in bordo man\u0161etami ter zlatimi obrobami, kar ustvarja \u010dist in eleganten videz. Dresi West Ham United Tretji 2024-25 ima vtisnjen cikcak vzorec s kladivi v grbu West Ham. Ta elegantna oblika je poklon skupni dedi\u0161\u010dini kluba in Umbra. Nasveti za nogavice: Majica ne [&hellip;]<\/p>","protected":false},"featured_media":16608,"comment_status":"open","ping_status":"closed","template":"","meta":[],"product_brand":[],"product_cat":[140,53],"product_tag":[150,153,1239,220,148,1238,147],"class_list":{"0":"post-16606","1":"product","2":"type-product","3":"status-publish","4":"has-post-thumbnail","6":"product_cat-moski","7":"product_cat-nogometni-dresi-west-ham-united","8":"product_tag-moski-nogometni-dresi","9":"product_tag-nogometni-dresi","10":"product_tag-nogometni-dresi-west-ham-united-z-lastnim-imenom","11":"product_tag-nogometni-dresi-za-otroke","12":"product_tag-poceni-nogometni-dresi","13":"product_tag-poceni-nogometni-dresi-west-ham-united","14":"product_tag-slovenski-nogometni-dresi","16":"first","17":"instock","18":"shipping-taxable","19":"purchasable","20":"product-type-variable"},"_links":{"self":[{"href":"https:\/\/www.nogometnizaotroke.com\/nb\/wp-json\/wp\/v2\/product\/16606","targetHints":{"allow":["GET"]}}],"collection":[{"href":"https:\/\/www.nogometnizaotroke.com\/nb\/wp-json\/wp\/v2\/product"}],"about":[{"href":"https:\/\/www.nogometnizaotroke.com\/nb\/wp-json\/wp\/v2\/types\/product"}],"replies":[{"embeddable":true,"href":"https:\/\/www.nogometnizaotroke.com\/nb\/wp-json\/wp\/v2\/comments?post=16606"}],"wp:featuredmedia":[{"embeddable":true,"href":"https:\/\/www.nogometnizaotroke.com\/nb\/wp-json\/wp\/v2\/media\/16608"}],"wp:attachment":[{"href":"https:\/\/www.nogometnizaotroke.com\/nb\/wp-json\/wp\/v2\/media?parent=16606"}],"wp:term":[{"taxonomy":"product_brand","embeddable":true,"href":"https:\/\/www.nogometnizaotroke.com\/nb\/wp-json\/wp\/v2\/product_brand?post=16606"},{"taxonomy":"product_cat","embeddable":true,"href":"https:\/\/www.nogometnizaotroke.com\/nb\/wp-json\/wp\/v2\/product_cat?post=16606"},{"taxonomy":"product_tag","embeddable":true,"href":"https:\/\/www.nogometnizaotroke.com\/nb\/wp-json\/wp\/v2\/product_tag?post=16606"}],"curies":[{"name":"wp","href":"https:\/\/api.w.org\/{rel}","templated":true}]}}