{"id":16341,"date":"2024-08-24T14:17:34","date_gmt":"2024-08-24T14:17:34","guid":{"rendered":"https:\/\/www.nogometnionline.com\/?post_type=product&#038;p=16341"},"modified":"2024-08-24T14:17:39","modified_gmt":"2024-08-24T14:17:39","slug":"poceni-nogometni-dresi-atletico-madrid-domaci-2024-25-nahuel-molina-16","status":"publish","type":"product","link":"https:\/\/www.nogometnizaotroke.com\/nb\/product\/poceni-nogometni-dresi-atletico-madrid-domaci-2024-25-nahuel-molina-16\/","title":{"rendered":"Poceni Nogometni dresi Atletico Madrid Doma\u010di 2024-25 Nahuel Molina 16"},"content":{"rendered":"<p>Den nye Atl\u00e9tico de Madrid 2024-25-fotballtr\u00f8yen har en unik versjon av klubbens klassiske r\u00f8de og hvite striper. Atl\u00e9tico Madrid 24-25-tr\u00f8yen er for det meste r\u00f8d med unike hvite striper og en bl\u00e5 kant p\u00e5 utsiden. P\u00e5 innsiden av stripene er det vekslende bl\u00e5 og r\u00f8de striper med en falmende effekt som skaper et unikt utseende.<\/p>\n<p>Majica za doma\u010di nogomet Atleti 24-2025 ima kraljevsko moder logotip z belim robom. Ikoni\u010dni logotip Atl\u00e9tica se vrne na doma\u010di dres Atl\u00e9tico Madrid 24-25, potem ko so \u010dlani glasovali za vrnitev. Ima tudi rumeno obrobo starega grebena.<\/p>\n<p>Tips for sokker: T-skjorten inkluderer ikke sokker som standard. Hvis du vil ha sokker, velger du sokkealternativene for \u00e5 betale for dem.<\/p>\n<p>Utskriftstips: Hvis navnet og nummeret i bildet er n\u00f8yaktig det du vil ha, trenger du ikke \u00e5 skrive det inn p\u00e5 nytt. Hvis det ikke er det, skriver du inn det navnet og nummeret du vil ha.<\/p>\n<p>Vasketips: Det anbefales \u00e5 vaske fotballtr\u00f8yene for h\u00e5nd. Hvis du vil bruke vaskemaskin, m\u00e5 du huske \u00e5 snu tr\u00f8yen og deretter vaske den. Fyll maskinen med kaldt vann og bruk en sk\u00e5nsom vaskesyklus for \u00e5 beskytte fargene bedre.<\/p>","protected":false},"excerpt":{"rendered":"<p>Novi nogometni dres Atl\u00e9tico de Madrid 2024-25 ima edinstven pogled na klasi\u010dne rde\u010de-bele \u010drte kluba. Dres Atl\u00e9tico Madrid 24-25 je ve\u010dinoma rde\u010d z edinstvenimi belimi \u010drtami in modro obrobo na zunanji strani. Znotraj \u010drt se izmenjujejo modre in rde\u010de \u010drte z u\u010dinkom bledenja, ki ustvarjajo edinstven videz. Majica za doma\u010di nogomet Atleti 24-2025 ima kraljevsko [&hellip;]<\/p>","protected":false},"featured_media":16343,"comment_status":"open","ping_status":"closed","template":"","meta":[],"product_brand":[],"product_cat":[140,41],"product_tag":[150,1203,514,1201,513,148,1200,193,147],"class_list":{"0":"post-16341","1":"product","2":"type-product","3":"status-publish","4":"has-post-thumbnail","6":"product_cat-moski","7":"product_cat-nogometni-dresi-atletico-madrid","8":"product_tag-moski-nogometni-dresi","9":"product_tag-nahuel-molina-dresi","10":"product_tag-nogometni-dresi-atletico-madrid-prodaja","11":"product_tag-nogometni-dresi-atletico-madrid-z-lastnim-imenom","12":"product_tag-nogometni-dresi-atletico-madrid-z-lastnim-tiskom","13":"product_tag-poceni-nogometni-dresi","14":"product_tag-poceni-nogometni-dresi-atletico-madrid","15":"product_tag-poceni-nogometni-dresi-atletico-madrid-z-lastnim-imenom-online","16":"product_tag-slovenski-nogometni-dresi","18":"first","19":"instock","20":"shipping-taxable","21":"purchasable","22":"product-type-variable"},"_links":{"self":[{"href":"https:\/\/www.nogometnizaotroke.com\/nb\/wp-json\/wp\/v2\/product\/16341","targetHints":{"allow":["GET"]}}],"collection":[{"href":"https:\/\/www.nogometnizaotroke.com\/nb\/wp-json\/wp\/v2\/product"}],"about":[{"href":"https:\/\/www.nogometnizaotroke.com\/nb\/wp-json\/wp\/v2\/types\/product"}],"replies":[{"embeddable":true,"href":"https:\/\/www.nogometnizaotroke.com\/nb\/wp-json\/wp\/v2\/comments?post=16341"}],"wp:featuredmedia":[{"embeddable":true,"href":"https:\/\/www.nogometnizaotroke.com\/nb\/wp-json\/wp\/v2\/media\/16343"}],"wp:attachment":[{"href":"https:\/\/www.nogometnizaotroke.com\/nb\/wp-json\/wp\/v2\/media?parent=16341"}],"wp:term":[{"taxonomy":"product_brand","embeddable":true,"href":"https:\/\/www.nogometnizaotroke.com\/nb\/wp-json\/wp\/v2\/product_brand?post=16341"},{"taxonomy":"product_cat","embeddable":true,"href":"https:\/\/www.nogometnizaotroke.com\/nb\/wp-json\/wp\/v2\/product_cat?post=16341"},{"taxonomy":"product_tag","embeddable":true,"href":"https:\/\/www.nogometnizaotroke.com\/nb\/wp-json\/wp\/v2\/product_tag?post=16341"}],"curies":[{"name":"wp","href":"https:\/\/api.w.org\/{rel}","templated":true}]}}