{"id":16287,"date":"2024-08-23T09:13:35","date_gmt":"2024-08-23T09:13:35","guid":{"rendered":"https:\/\/www.nogometnionline.com\/?post_type=product&#038;p=16287"},"modified":"2024-08-23T09:13:39","modified_gmt":"2024-08-23T09:13:39","slug":"moski-nogometni-dresi-rb-leipzig-domaci-2024-25-bela-rdeca-kurzarm-mohamed-simakan-2","status":"publish","type":"product","link":"https:\/\/www.nogometnizaotroke.com\/nb\/product\/moski-nogometni-dresi-rb-leipzig-domaci-2024-25-bela-rdeca-kurzarm-mohamed-simakan-2\/","title":{"rendered":"Herrer fotballtr\u00f8yer RB Leipzig Hjem 2024-25 hvit r\u00f8d Kurzarm Mohamed Simakan 2"},"content":{"rendered":"<p>Dres RB Leipzig 2024-2025 ima sodoben dizajn v beli in rde\u010di klubski barvi. Kar \u0161e posebej odlikuje dres RB Leipzig 2024-2025, je dizajn na sprednji strani.44.Dres RB Leipzig 24-25 ima edinstveno rde\u010do grafi\u010dno podobo. Vzorec se zgleduje po Univerzi v Leipzigu.Tako ovratnik kot man\u0161ete doma\u010dega dresa RasenBallsport Leipzig 24-25 so rde\u010de barve.<\/p>\n<p>Tips for sokker: T-skjorten inkluderer ikke sokker som standard. Hvis du vil ha sokker, velger du sokkealternativene for \u00e5 betale for dem.<\/p>\n<p>Utskriftstips: Hvis navnet og nummeret i bildet er n\u00f8yaktig det du vil ha, trenger du ikke \u00e5 skrive det inn p\u00e5 nytt. Hvis det ikke er det, skriver du inn det navnet og nummeret du vil ha.<\/p>\n<p>Vasketips: Det anbefales \u00e5 vaske fotballtr\u00f8yene for h\u00e5nd. Hvis du vil bruke vaskemaskin, m\u00e5 du huske \u00e5 snu tr\u00f8yen og deretter vaske den. Fyll maskinen med kaldt vann og bruk en sk\u00e5nsom vaskesyklus for \u00e5 beskytte fargene bedre.<\/p>","protected":false},"excerpt":{"rendered":"<p>Dres RB Leipzig 2024-2025 ima sodoben dizajn v beli in rde\u010di klubski barvi. Kar \u0161e posebej odlikuje dres RB Leipzig 2024-2025, je dizajn na sprednji strani.44.Dres RB Leipzig 24-25 ima edinstveno rde\u010do grafi\u010dno podobo. Vzorec se zgleduje po Univerzi v Leipzigu.Tako ovratnik kot man\u0161ete doma\u010dega dresa RasenBallsport Leipzig 24-25 so rde\u010de barve. Nasveti za nogavice: [&hellip;]<\/p>","protected":false},"featured_media":16289,"comment_status":"open","ping_status":"closed","template":"","meta":[],"product_brand":[],"product_cat":[140,62],"product_tag":[1194,153,555,1193,554,545,159,148,1192,199],"class_list":{"0":"post-16287","1":"product","2":"type-product","3":"status-publish","4":"has-post-thumbnail","6":"product_cat-moski","7":"product_cat-nogometni-dresi-rb-leipzig","8":"product_tag-mohamed-simakan-dresi","9":"product_tag-nogometni-dresi","10":"product_tag-nogometni-dresi-rb-leipzig-prodaja","11":"product_tag-nogometni-dresi-rb-leipzig-z-lastnim-imenom","12":"product_tag-nogometni-dresi-rb-leipzig-z-lastnim-tiskom","13":"product_tag-nogometni-dresi-slovenija","14":"product_tag-otroski-nogometni-dresi","15":"product_tag-poceni-nogometni-dresi","16":"product_tag-poceni-nogometni-dresi-rb-leipzig","17":"product_tag-poceni-nogometni-dresi-rb-leipzig-z-lastnim-imenom-online","19":"first","20":"instock","21":"shipping-taxable","22":"purchasable","23":"product-type-variable"},"_links":{"self":[{"href":"https:\/\/www.nogometnizaotroke.com\/nb\/wp-json\/wp\/v2\/product\/16287","targetHints":{"allow":["GET"]}}],"collection":[{"href":"https:\/\/www.nogometnizaotroke.com\/nb\/wp-json\/wp\/v2\/product"}],"about":[{"href":"https:\/\/www.nogometnizaotroke.com\/nb\/wp-json\/wp\/v2\/types\/product"}],"replies":[{"embeddable":true,"href":"https:\/\/www.nogometnizaotroke.com\/nb\/wp-json\/wp\/v2\/comments?post=16287"}],"wp:featuredmedia":[{"embeddable":true,"href":"https:\/\/www.nogometnizaotroke.com\/nb\/wp-json\/wp\/v2\/media\/16289"}],"wp:attachment":[{"href":"https:\/\/www.nogometnizaotroke.com\/nb\/wp-json\/wp\/v2\/media?parent=16287"}],"wp:term":[{"taxonomy":"product_brand","embeddable":true,"href":"https:\/\/www.nogometnizaotroke.com\/nb\/wp-json\/wp\/v2\/product_brand?post=16287"},{"taxonomy":"product_cat","embeddable":true,"href":"https:\/\/www.nogometnizaotroke.com\/nb\/wp-json\/wp\/v2\/product_cat?post=16287"},{"taxonomy":"product_tag","embeddable":true,"href":"https:\/\/www.nogometnizaotroke.com\/nb\/wp-json\/wp\/v2\/product_tag?post=16287"}],"curies":[{"name":"wp","href":"https:\/\/api.w.org\/{rel}","templated":true}]}}