{"id":16203,"date":"2024-08-21T03:53:24","date_gmt":"2024-08-21T03:53:24","guid":{"rendered":"https:\/\/www.nogometnionline.com\/?post_type=product&#038;p=16203"},"modified":"2024-08-21T03:53:28","modified_gmt":"2024-08-21T03:53:28","slug":"otroski-nogometni-dresi-kompleti-za-otroke-liverpool-gostujoci-2024-25-mohamed-salah-11","status":"publish","type":"product","link":"https:\/\/www.nogometnizaotroke.com\/nb\/product\/otroski-nogometni-dresi-kompleti-za-otroke-liverpool-gostujoci-2024-25-mohamed-salah-11\/","title":{"rendered":"Fotballtr\u00f8yer for barn drakter for barn Liverpool borte 2024-25 Mohamed Salah 11"},"content":{"rendered":"<p>Designet p\u00e5 Liverpool FC 2024\/25-banetr\u00f8yen blander mesterlig tradisjon med modernitet, med en m\u00f8rkegr\u00f8nn base aksentuert med antracitt, vasket tees og seilfarger. Disse kontrasterende elementene er fremtredende p\u00e5 mansjettene og innerforet p\u00e5 fotballtr\u00f8yen og shortsen, noe som skaper et visuelt tiltalende og sammenhengende utseende.<\/p>\n<p>Liverpool FC 2024\/25-banetr\u00f8yen har et unikt navn og nummer inspirert av Liverpools historiske gateskilt. Dette kreative grepet skaper en personlig forbindelse mellom laget, byen og den lidenskapelige supporterbasen. I tillegg er draktens grafikk trykt med vannbasert blekk, noe som viser klubbens forpliktelse til b\u00e6rekraft, som er i tr\u00e5d med milj\u00f8vennlig praksis innen produksjon av sportskl\u00e6r.<\/p>\n<p>Tips for sokker: T-skjorten inkluderer ikke sokker som standard. Hvis du vil ha sokker, velger du sokkealternativene for \u00e5 betale for dem.<\/p>\n<p>Utskriftstips: Hvis navnet og nummeret i bildet er n\u00f8yaktig det du vil ha, trenger du ikke \u00e5 skrive det inn p\u00e5 nytt. Hvis det ikke er det, skriver du inn det navnet og nummeret du vil ha.<\/p>\n<p>Vasketips: Det anbefales \u00e5 vaske fotballtr\u00f8yene for h\u00e5nd. Hvis du vil bruke vaskemaskin, m\u00e5 du huske \u00e5 snu tr\u00f8yen og deretter vaske den. Fyll maskinen med kaldt vann og bruk en sk\u00e5nsom vaskesyklus for \u00e5 beskytte fargene bedre.<\/p>","protected":false},"excerpt":{"rendered":"<p>Dizajn gostujo\u010dega dresa Liverpool FC 2024\/25 mojstrsko zdru\u017euje tradicijo s sodobnostjo in vklju\u010duje temno zeleno osnovo s poudarkom na antracitih, spranih Tea odtenkih in odtenkih jader. Ti kontrastni elementi so vidno prikazani na man\u0161etah in notranji oblogi nogometne majice in kratkih hla\u010d ter ustvarjajo vizualno privla\u010den in koheziven videz. Gostujo\u010di dres Liverpool FC 2024\/25 ima [&hellip;]<\/p>","protected":false},"featured_media":16205,"comment_status":"open","ping_status":"closed","template":"","meta":[],"product_brand":[],"product_cat":[73,39],"product_tag":[876,837,875,943,284,159,148,295,147],"class_list":{"0":"post-16203","1":"product","2":"type-product","3":"status-publish","4":"has-post-thumbnail","6":"product_cat-otroski","7":"product_cat-nogometni-dresi-liverpool","8":"product_tag-dresi-liverpool-za-otroski","9":"product_tag-dresi-za-nogomet","10":"product_tag-liverpool-dresi-2024","11":"product_tag-mohamed-salah-dresi","12":"product_tag-otroski-dresi-liverpool-z-lastnim-imenom","13":"product_tag-otroski-nogometni-dresi","14":"product_tag-poceni-nogometni-dresi","15":"product_tag-poceni-nogometni-dresi-liverpool-z-lastnim-imenom-online","16":"product_tag-slovenski-nogometni-dresi","18":"first","19":"instock","20":"shipping-taxable","21":"purchasable","22":"product-type-variable"},"_links":{"self":[{"href":"https:\/\/www.nogometnizaotroke.com\/nb\/wp-json\/wp\/v2\/product\/16203","targetHints":{"allow":["GET"]}}],"collection":[{"href":"https:\/\/www.nogometnizaotroke.com\/nb\/wp-json\/wp\/v2\/product"}],"about":[{"href":"https:\/\/www.nogometnizaotroke.com\/nb\/wp-json\/wp\/v2\/types\/product"}],"replies":[{"embeddable":true,"href":"https:\/\/www.nogometnizaotroke.com\/nb\/wp-json\/wp\/v2\/comments?post=16203"}],"wp:featuredmedia":[{"embeddable":true,"href":"https:\/\/www.nogometnizaotroke.com\/nb\/wp-json\/wp\/v2\/media\/16205"}],"wp:attachment":[{"href":"https:\/\/www.nogometnizaotroke.com\/nb\/wp-json\/wp\/v2\/media?parent=16203"}],"wp:term":[{"taxonomy":"product_brand","embeddable":true,"href":"https:\/\/www.nogometnizaotroke.com\/nb\/wp-json\/wp\/v2\/product_brand?post=16203"},{"taxonomy":"product_cat","embeddable":true,"href":"https:\/\/www.nogometnizaotroke.com\/nb\/wp-json\/wp\/v2\/product_cat?post=16203"},{"taxonomy":"product_tag","embeddable":true,"href":"https:\/\/www.nogometnizaotroke.com\/nb\/wp-json\/wp\/v2\/product_tag?post=16203"}],"curies":[{"name":"wp","href":"https:\/\/api.w.org\/{rel}","templated":true}]}}