{"id":15295,"date":"2024-08-04T03:02:48","date_gmt":"2024-08-04T03:02:48","guid":{"rendered":"https:\/\/www.nogometnionline.com\/?post_type=product&#038;p=15295"},"modified":"2024-08-04T03:02:53","modified_gmt":"2024-08-04T03:02:53","slug":"otroski-nogometni-dresi-kompleti-za-otroke-aston-villa-domaci-2024-25-z-lastnim-imenom","status":"publish","type":"product","link":"https:\/\/www.nogometnizaotroke.com\/nb\/product\/otroski-nogometni-dresi-kompleti-za-otroke-aston-villa-domaci-2024-25-z-lastnim-imenom\/","title":{"rendered":"Fotballtr\u00f8yer for barn drakter for barn Aston Villa Home 2024-25 med eget navn"},"content":{"rendered":"<p>Dizajn Doma\u010di dresi 2024\/25 je prefinjen naklon bogati zgodovini Aston Villa. Poseben simbol &#8220;AV 150&#8221; je elegantno prikazan v kaligrafiji na hrbtni strani majice, s \u010dimer se pokloni stoletju in pol zapu\u0161\u010dini kluba. Ta premi\u0161ljena vklju\u010ditev doda sodobnemu dizajnu pridih dedi\u0161\u010dine, zaradi \u010desar je primeren poklon za tako pomemben mejnik.Doma\u010di dres 24\/25 dopolnjujejo enobarvne bele kratke hla\u010de in zna\u010dilne modre nogavice, ki ohranjajo tradicionalno barvno shemo Aston Villa. Novi klubski grb ponosno krasi dres in simbolizira nenehen razvoj kluba.Poleg tega ima komplet ikoni\u010dno znamko s tremi \u010drtami na ramenih in okoli ovratnika, ki brezhibno zdru\u017euje tradicijo s sodobnim stilom. Napis &#8220;1874&#8221; \u0161e dodatno obele\u017euje leto ustanovitve kluba in krepi globoko zakoreninjeno zgodovino, ki jo praznuje ta komplet.<\/p>\n<p>Tips for sokker: T-skjorten inkluderer ikke sokker som standard. Hvis du vil ha sokker, velger du sokkealternativene for \u00e5 betale for dem.<\/p>\n<p>Utskriftstips: Hvis navnet og nummeret i bildet er n\u00f8yaktig det du vil ha, trenger du ikke \u00e5 skrive det inn p\u00e5 nytt. Hvis det ikke er det, skriver du inn det navnet og nummeret du vil ha.<\/p>\n<p>Vasketips: Det anbefales \u00e5 vaske fotballtr\u00f8yene for h\u00e5nd. Hvis du vil bruke vaskemaskin, m\u00e5 du huske \u00e5 snu tr\u00f8yen og deretter vaske den. Fyll maskinen med kaldt vann og bruk en sk\u00e5nsom vaskesyklus for \u00e5 beskytte fargene bedre.<\/p>","protected":false},"excerpt":{"rendered":"<p>Dizajn Doma\u010di dresi 2024\/25 je prefinjen naklon bogati zgodovini Aston Villa. Poseben simbol &#8220;AV 150&#8221; je elegantno prikazan v kaligrafiji na hrbtni strani majice, s \u010dimer se pokloni stoletju in pol zapu\u0161\u010dini kluba. Ta premi\u0161ljena vklju\u010ditev doda sodobnemu dizajnu pridih dedi\u0161\u010dine, zaradi \u010desar je primeren poklon za tako pomemben mejnik.Doma\u010di dres 24\/25 dopolnjujejo enobarvne bele [&hellip;]<\/p>","protected":false},"featured_media":15297,"comment_status":"open","ping_status":"closed","template":"","meta":[],"product_brand":[],"product_cat":[73,66],"product_tag":[1073,153,693,1074,684,159,692,148,147],"class_list":{"0":"post-15295","1":"product","2":"type-product","3":"status-publish","4":"has-post-thumbnail","6":"product_cat-otroski","7":"product_cat-nogometni-dresi-aston-villa","8":"product_tag-dresi-aston-villa-za-otroke","9":"product_tag-nogometni-dresi","10":"product_tag-nogometni-dresi-aston-villa-z-lastnim-imenom","11":"product_tag-otroski-dresi-aston-villa-z-lastnim-imenom","12":"product_tag-otroski-dresi-za-nogomet","13":"product_tag-otroski-nogometni-dresi","14":"product_tag-otroski-nogometni-dresi-aston-villa","15":"product_tag-poceni-nogometni-dresi","16":"product_tag-slovenski-nogometni-dresi","18":"first","19":"instock","20":"shipping-taxable","21":"purchasable","22":"product-type-variable"},"_links":{"self":[{"href":"https:\/\/www.nogometnizaotroke.com\/nb\/wp-json\/wp\/v2\/product\/15295","targetHints":{"allow":["GET"]}}],"collection":[{"href":"https:\/\/www.nogometnizaotroke.com\/nb\/wp-json\/wp\/v2\/product"}],"about":[{"href":"https:\/\/www.nogometnizaotroke.com\/nb\/wp-json\/wp\/v2\/types\/product"}],"replies":[{"embeddable":true,"href":"https:\/\/www.nogometnizaotroke.com\/nb\/wp-json\/wp\/v2\/comments?post=15295"}],"wp:featuredmedia":[{"embeddable":true,"href":"https:\/\/www.nogometnizaotroke.com\/nb\/wp-json\/wp\/v2\/media\/15297"}],"wp:attachment":[{"href":"https:\/\/www.nogometnizaotroke.com\/nb\/wp-json\/wp\/v2\/media?parent=15295"}],"wp:term":[{"taxonomy":"product_brand","embeddable":true,"href":"https:\/\/www.nogometnizaotroke.com\/nb\/wp-json\/wp\/v2\/product_brand?post=15295"},{"taxonomy":"product_cat","embeddable":true,"href":"https:\/\/www.nogometnizaotroke.com\/nb\/wp-json\/wp\/v2\/product_cat?post=15295"},{"taxonomy":"product_tag","embeddable":true,"href":"https:\/\/www.nogometnizaotroke.com\/nb\/wp-json\/wp\/v2\/product_tag?post=15295"}],"curies":[{"name":"wp","href":"https:\/\/api.w.org\/{rel}","templated":true}]}}