{"id":15248,"date":"2024-08-03T02:50:09","date_gmt":"2024-08-03T02:50:09","guid":{"rendered":"https:\/\/www.nogometnionline.com\/?post_type=product&#038;p=15248"},"modified":"2024-08-03T02:50:14","modified_gmt":"2024-08-03T02:50:14","slug":"poceni-moski-nogometni-dresi-arsenal-gostujoci-2024-25-crna","status":"publish","type":"product","link":"https:\/\/www.nogometnizaotroke.com\/nb\/product\/poceni-moski-nogometni-dresi-arsenal-gostujoci-2024-25-crna\/","title":{"rendered":"Billige Arsenal Borte Fotballtr\u00f8yer for menn 2024-25 Svart"},"content":{"rendered":"<p>Arsenal-banetr\u00f8yen 2024-25 har en svart grunnfarge kombinert med r\u00f8dt og gr\u00f8nt som en hyllest til de tidligere Arsenal-spillerne David Rocastle og Ian Wright. Disse fargene har allerede v\u00e6rt \u00e5 finne p\u00e5 den limited edition-tr\u00f8yen, som ble designet for \u00e5 feire vennskapet mellom klubblegendene Wrighty og Rocky Rocastle (Ian Wright &amp; David Rocastle). Trenerens navn, Honor Oak, er et nikk til omr\u00e5det i London der begge spillerne vokste opp. Toppen av Arsenal 2024-2025-banetr\u00f8yen er r\u00f8d, logoen er gr\u00f8nn og Emirates Fly Better-logoen er hvit. Arsenal 2024-25-banetr\u00f8yen har et hvitt grafisk m\u00f8nster \u00f8verst foran og nederst.<\/p>\n<p>Tips for sokker: T-skjorten inkluderer ikke sokker som standard. Hvis du vil ha sokker, velger du sokkealternativene for \u00e5 betale for dem.<\/p>\n<p>Utskriftstips: Hvis navnet og nummeret i bildet er n\u00f8yaktig det du vil ha, trenger du ikke \u00e5 skrive det inn p\u00e5 nytt. Hvis det ikke er det, skriver du inn det navnet og nummeret du vil ha.<\/p>\n<p>Vasketips: Det anbefales \u00e5 vaske fotballtr\u00f8yene for h\u00e5nd. Hvis du vil bruke vaskemaskin, m\u00e5 du huske \u00e5 snu tr\u00f8yen og deretter vaske den. Fyll maskinen med kaldt vann og bruk en sk\u00e5nsom vaskesyklus for \u00e5 beskytte fargene bedre.<\/p>","protected":false},"excerpt":{"rendered":"<p>Gostujo\u010di dres Arsenala 2024-25 ima \u010drno osnovno barvo v kombinaciji z rde\u010do in zeleno kot poklon nekdanjima igralcema Arsenala Davidu Rocastlu in Ianu Wrightu.Te barve so \u017ee bile predstavljene na dresu iz omejene izdaje, ki je bil zasnovan za praznovanje prijateljstva med klubskima legendama Wrightyjem in Rockyjem Rocastlom (Ian Wright &amp; David Rocastle). Trenerjevo ime, [&hellip;]<\/p>","protected":false},"featured_media":15239,"comment_status":"open","ping_status":"closed","template":"","meta":[],"product_brand":[],"product_cat":[140,38],"product_tag":[152,150,153,1049,148,1048,189,147],"class_list":{"0":"post-15248","1":"product","2":"type-product","3":"status-publish","4":"has-post-thumbnail","6":"product_cat-moski","7":"product_cat-nogometni-dresi-arsenal","8":"product_tag-moski-nogometni-dres","9":"product_tag-moski-nogometni-dresi","10":"product_tag-nogometni-dresi","11":"product_tag-nogometni-dresi-arsenal-z-lastnim-imenom","12":"product_tag-poceni-nogometni-dresi","13":"product_tag-poceni-nogometni-dresi-arsenal","14":"product_tag-poceni-nogometni-dresi-arsenal-z-lastnim-imenom-online","15":"product_tag-slovenski-nogometni-dresi","17":"first","18":"instock","19":"shipping-taxable","20":"purchasable","21":"product-type-variable"},"_links":{"self":[{"href":"https:\/\/www.nogometnizaotroke.com\/nb\/wp-json\/wp\/v2\/product\/15248","targetHints":{"allow":["GET"]}}],"collection":[{"href":"https:\/\/www.nogometnizaotroke.com\/nb\/wp-json\/wp\/v2\/product"}],"about":[{"href":"https:\/\/www.nogometnizaotroke.com\/nb\/wp-json\/wp\/v2\/types\/product"}],"replies":[{"embeddable":true,"href":"https:\/\/www.nogometnizaotroke.com\/nb\/wp-json\/wp\/v2\/comments?post=15248"}],"wp:featuredmedia":[{"embeddable":true,"href":"https:\/\/www.nogometnizaotroke.com\/nb\/wp-json\/wp\/v2\/media\/15239"}],"wp:attachment":[{"href":"https:\/\/www.nogometnizaotroke.com\/nb\/wp-json\/wp\/v2\/media?parent=15248"}],"wp:term":[{"taxonomy":"product_brand","embeddable":true,"href":"https:\/\/www.nogometnizaotroke.com\/nb\/wp-json\/wp\/v2\/product_brand?post=15248"},{"taxonomy":"product_cat","embeddable":true,"href":"https:\/\/www.nogometnizaotroke.com\/nb\/wp-json\/wp\/v2\/product_cat?post=15248"},{"taxonomy":"product_tag","embeddable":true,"href":"https:\/\/www.nogometnizaotroke.com\/nb\/wp-json\/wp\/v2\/product_tag?post=15248"}],"curies":[{"name":"wp","href":"https:\/\/api.w.org\/{rel}","templated":true}]}}