{"id":15157,"date":"2024-08-01T05:49:22","date_gmt":"2024-08-01T05:49:22","guid":{"rendered":"https:\/\/www.nogometnionline.com\/?post_type=product&#038;p=15157"},"modified":"2024-08-01T05:49:26","modified_gmt":"2024-08-01T05:49:26","slug":"poceni-moski-nogometni-dresi-ajax-domaci-2024-25-bela-rdeca-chuba-akpom-10","status":"publish","type":"product","link":"https:\/\/www.nogometnizaotroke.com\/nb\/product\/poceni-moski-nogometni-dresi-ajax-domaci-2024-25-bela-rdeca-chuba-akpom-10\/","title":{"rendered":"Poceni Mo\u0161ki Nogometni dresi Ajax Doma\u010di 2024-25 bela rde\u010da Chuba Akpom 10"},"content":{"rendered":"<p>Majica Nogometni dresi Ajax Doma\u010di 2024-2025 se zgleduje po klubskih polo majicah z ovratnikom iz devetdesetih in dvajsetega stoletja. Ve\u010dinoma je bel z ikoni\u010dno veliko rde\u010do \u010drto spredaj in rde\u010dim polo ovratnikom.<br \/>\nMinimalisti\u010den, klasi\u010den videz je \u0161e posebej poklon ekipi ekipe Super Invincible iz leta 1995. V sezoni 1994-95 je Ajax zmagal v Eredivisie in Ligi prvakov brez ene same izgubljene tekme.<\/p>\n<p>Tips for sokker: T-skjorten inkluderer ikke sokker som standard. Hvis du vil ha sokker, velger du sokkealternativene for \u00e5 betale for dem.<\/p>\n<p>Utskriftstips: Hvis navnet og nummeret i bildet er n\u00f8yaktig det du vil ha, trenger du ikke \u00e5 skrive det inn p\u00e5 nytt. Hvis det ikke er det, skriver du inn det navnet og nummeret du vil ha.<\/p>\n<p>Vasketips: Det anbefales \u00e5 vaske fotballtr\u00f8yene for h\u00e5nd. Hvis du vil bruke vaskemaskin, m\u00e5 du huske \u00e5 snu tr\u00f8yen og deretter vaske den. Fyll maskinen med kaldt vann og bruk en sk\u00e5nsom vaskesyklus for \u00e5 beskytte fargene bedre.<\/p>","protected":false},"excerpt":{"rendered":"<p>Majica Nogometni dresi Ajax Doma\u010di 2024-2025 se zgleduje po klubskih polo majicah z ovratnikom iz devetdesetih in dvajsetega stoletja. Ve\u010dinoma je bel z ikoni\u010dno veliko rde\u010do \u010drto spredaj in rde\u010dim polo ovratnikom. Minimalisti\u010den, klasi\u010den videz je \u0161e posebej poklon ekipi ekipe Super Invincible iz leta 1995. V sezoni 1994-95 je Ajax zmagal v Eredivisie in [&hellip;]<\/p>","protected":false},"featured_media":15159,"comment_status":"open","ping_status":"closed","template":"","meta":[],"product_brand":[],"product_cat":[140,57],"product_tag":[1029,1022,150,1023,153,1028,148,1027,147],"class_list":{"0":"post-15157","1":"product","2":"type-product","3":"status-publish","4":"has-post-thumbnail","6":"product_cat-moski","7":"product_cat-nogometni-dresi-ajax","8":"product_tag-chuba-akpom-dresi","9":"product_tag-moski-dresi-ajax-z-lastnim-imenom","10":"product_tag-moski-nogometni-dresi","11":"product_tag-moski-nogometni-dresi-ajax","12":"product_tag-nogometni-dresi","13":"product_tag-nogometni-dresi-ajax-z-lastnim-imenom","14":"product_tag-poceni-nogometni-dresi","15":"product_tag-poceni-nogometni-dresi-ajax","16":"product_tag-slovenski-nogometni-dresi","18":"first","19":"instock","20":"shipping-taxable","21":"purchasable","22":"product-type-variable"},"_links":{"self":[{"href":"https:\/\/www.nogometnizaotroke.com\/nb\/wp-json\/wp\/v2\/product\/15157","targetHints":{"allow":["GET"]}}],"collection":[{"href":"https:\/\/www.nogometnizaotroke.com\/nb\/wp-json\/wp\/v2\/product"}],"about":[{"href":"https:\/\/www.nogometnizaotroke.com\/nb\/wp-json\/wp\/v2\/types\/product"}],"replies":[{"embeddable":true,"href":"https:\/\/www.nogometnizaotroke.com\/nb\/wp-json\/wp\/v2\/comments?post=15157"}],"wp:featuredmedia":[{"embeddable":true,"href":"https:\/\/www.nogometnizaotroke.com\/nb\/wp-json\/wp\/v2\/media\/15159"}],"wp:attachment":[{"href":"https:\/\/www.nogometnizaotroke.com\/nb\/wp-json\/wp\/v2\/media?parent=15157"}],"wp:term":[{"taxonomy":"product_brand","embeddable":true,"href":"https:\/\/www.nogometnizaotroke.com\/nb\/wp-json\/wp\/v2\/product_brand?post=15157"},{"taxonomy":"product_cat","embeddable":true,"href":"https:\/\/www.nogometnizaotroke.com\/nb\/wp-json\/wp\/v2\/product_cat?post=15157"},{"taxonomy":"product_tag","embeddable":true,"href":"https:\/\/www.nogometnizaotroke.com\/nb\/wp-json\/wp\/v2\/product_tag?post=15157"}],"curies":[{"name":"wp","href":"https:\/\/api.w.org\/{rel}","templated":true}]}}