{"id":14830,"date":"2024-07-25T04:01:43","date_gmt":"2024-07-25T04:01:43","guid":{"rendered":"https:\/\/www.nogometnionline.com\/?post_type=product&#038;p=14830"},"modified":"2024-07-25T04:01:54","modified_gmt":"2024-07-25T04:01:54","slug":"moski-nogometni-dresi-ceska-domaci-euro-2024-rdeca-kratek-rokav","status":"publish","type":"product","link":"https:\/\/www.nogometnizaotroke.com\/nb\/product\/moski-nogometni-dresi-ceska-domaci-euro-2024-rdeca-kratek-rokav\/","title":{"rendered":"Tsjekkia Hjem EM 2024 Fotballtr\u00f8yer for menn, r\u00f8de, kortermet"},"content":{"rendered":"<p>\u010ce\u0161ka Doma\u010di Euro 2024 dresi je tradicionalnega rde\u010dega dizajna z modro obrobo na ovratniku in man\u0161etah ter belimi detajli na straneh in spodnjem delu hrbta. Sprednji del \u010de\u0161ke majice za Euro 2024 se pona\u0161a s subtilnim vzorcem.<\/p>\n<p>Tips for sokker: T-skjorten inkluderer ikke sokker som standard. Hvis du vil ha sokker, velger du sokkealternativene for \u00e5 betale for dem.<\/p>\n<p>Utskriftstips: Hvis navnet og nummeret i bildet er n\u00f8yaktig det du vil ha, trenger du ikke \u00e5 skrive det inn p\u00e5 nytt. Hvis det ikke er det, skriver du inn det navnet og nummeret du vil ha.<\/p>\n<p>Vasketips: Det anbefales \u00e5 vaske fotballtr\u00f8yene for h\u00e5nd. Hvis du vil bruke vaskemaskin, m\u00e5 du huske \u00e5 snu tr\u00f8yen og deretter vaske den. Fyll maskinen med kaldt vann og bruk en sk\u00e5nsom vaskesyklus for \u00e5 beskytte fargene bedre.<\/p>","protected":false},"excerpt":{"rendered":"<p>\u010ce\u0161ka Doma\u010di Euro 2024 dresi je tradicionalnega rde\u010dega dizajna z modro obrobo na ovratniku in man\u0161etah ter belimi detajli na straneh in spodnjem delu hrbta. Sprednji del \u010de\u0161ke majice za Euro 2024 se pona\u0161a s subtilnim vzorcem. Nasveti za nogavice: Majica ne vsebuje nogavic privzeto. \u010ce \u017eelite nogavice, izberite mo\u017enosti nogavic, da jih pla\u010date. Nasveti [&hellip;]<\/p>","protected":false},"featured_media":14832,"comment_status":"open","ping_status":"closed","template":"","meta":[],"product_brand":[],"product_cat":[795,778,140],"product_tag":[796,782,150,153,768,148,147],"class_list":{"0":"post-14830","1":"product","2":"type-product","3":"status-publish","4":"has-post-thumbnail","6":"product_cat-dresi-ceska-reprezentance","7":"product_cat-euro-2024","8":"product_cat-moski","9":"product_tag-ceska-euro-2024-dresi","10":"product_tag-euro-2024-dresi","11":"product_tag-moski-nogometni-dresi","12":"product_tag-nogometni-dresi","13":"product_tag-poceni-moski-nogometni-dresi","14":"product_tag-poceni-nogometni-dresi","15":"product_tag-slovenski-nogometni-dresi","17":"first","18":"instock","19":"shipping-taxable","20":"purchasable","21":"product-type-variable"},"_links":{"self":[{"href":"https:\/\/www.nogometnizaotroke.com\/nb\/wp-json\/wp\/v2\/product\/14830","targetHints":{"allow":["GET"]}}],"collection":[{"href":"https:\/\/www.nogometnizaotroke.com\/nb\/wp-json\/wp\/v2\/product"}],"about":[{"href":"https:\/\/www.nogometnizaotroke.com\/nb\/wp-json\/wp\/v2\/types\/product"}],"replies":[{"embeddable":true,"href":"https:\/\/www.nogometnizaotroke.com\/nb\/wp-json\/wp\/v2\/comments?post=14830"}],"wp:featuredmedia":[{"embeddable":true,"href":"https:\/\/www.nogometnizaotroke.com\/nb\/wp-json\/wp\/v2\/media\/14832"}],"wp:attachment":[{"href":"https:\/\/www.nogometnizaotroke.com\/nb\/wp-json\/wp\/v2\/media?parent=14830"}],"wp:term":[{"taxonomy":"product_brand","embeddable":true,"href":"https:\/\/www.nogometnizaotroke.com\/nb\/wp-json\/wp\/v2\/product_brand?post=14830"},{"taxonomy":"product_cat","embeddable":true,"href":"https:\/\/www.nogometnizaotroke.com\/nb\/wp-json\/wp\/v2\/product_cat?post=14830"},{"taxonomy":"product_tag","embeddable":true,"href":"https:\/\/www.nogometnizaotroke.com\/nb\/wp-json\/wp\/v2\/product_tag?post=14830"}],"curies":[{"name":"wp","href":"https:\/\/api.w.org\/{rel}","templated":true}]}}