{"id":14821,"date":"2024-07-25T03:48:31","date_gmt":"2024-07-25T03:48:31","guid":{"rendered":"https:\/\/www.nogometnionline.com\/?post_type=product&#038;p=14821"},"modified":"2024-07-25T03:48:42","modified_gmt":"2024-07-25T03:48:42","slug":"poceni-moski-nogometni-dresi-prodaja-svica-domaci-euro-2024-rdeca","status":"publish","type":"product","link":"https:\/\/www.nogometnizaotroke.com\/nb\/product\/poceni-moski-nogometni-dresi-prodaja-svica-domaci-euro-2024-rdeca\/","title":{"rendered":"Billige fotballtr\u00f8yer for menn salg Sveits Hjem Euro 2024 Red"},"content":{"rendered":"<p>\u0160vica Doma\u010di Euro 2024 dresi je prete\u017eno rde\u010d v kombinaciji z belo in kostanjevo za poudarke in ima subtilen \u010drtast vzorec na sprednji strani.Ta subtilen vzorec se zgleduje po tradicionalnih \u0161vicarskih obla\u010dilih.<\/p>\n<p>Tips for sokker: T-skjorten inkluderer ikke sokker som standard. Hvis du vil ha sokker, velger du sokkealternativene for \u00e5 betale for dem.<\/p>\n<p>Utskriftstips: Hvis navnet og nummeret i bildet er n\u00f8yaktig det du vil ha, trenger du ikke \u00e5 skrive det inn p\u00e5 nytt. Hvis det ikke er det, skriver du inn det navnet og nummeret du vil ha.<\/p>\n<p>Vasketips: Det anbefales \u00e5 vaske fotballtr\u00f8yene for h\u00e5nd. Hvis du vil bruke vaskemaskin, m\u00e5 du huske \u00e5 snu tr\u00f8yen og deretter vaske den. Fyll maskinen med kaldt vann og bruk en sk\u00e5nsom vaskesyklus for \u00e5 beskytte fargene bedre.<\/p>","protected":false},"excerpt":{"rendered":"<p>\u0160vica Doma\u010di Euro 2024 dresi je prete\u017eno rde\u010d v kombinaciji z belo in kostanjevo za poudarke in ima subtilen \u010drtast vzorec na sprednji strani.Ta subtilen vzorec se zgleduje po tradicionalnih \u0161vicarskih obla\u010dilih. Nasveti za nogavice: Majica ne vsebuje nogavic privzeto. \u010ce \u017eelite nogavice, izberite mo\u017enosti nogavic, da jih pla\u010date. Nasveti za tiskom: \u010ce sta ime [&hellip;]<\/p>","protected":false},"featured_media":14823,"comment_status":"open","ping_status":"closed","template":"","meta":[],"product_brand":[],"product_cat":[778,140,105],"product_tag":[782,150,153,768,148,147,798],"class_list":{"0":"post-14821","1":"product","2":"type-product","3":"status-publish","4":"has-post-thumbnail","6":"product_cat-euro-2024","7":"product_cat-moski","8":"product_cat-dresi-svica-reprezentance","9":"product_tag-euro-2024-dresi","10":"product_tag-moski-nogometni-dresi","11":"product_tag-nogometni-dresi","12":"product_tag-poceni-moski-nogometni-dresi","13":"product_tag-poceni-nogometni-dresi","14":"product_tag-slovenski-nogometni-dresi","15":"product_tag-svica-euro-2024-dresi","17":"first","18":"instock","19":"shipping-taxable","20":"purchasable","21":"product-type-variable"},"_links":{"self":[{"href":"https:\/\/www.nogometnizaotroke.com\/nb\/wp-json\/wp\/v2\/product\/14821","targetHints":{"allow":["GET"]}}],"collection":[{"href":"https:\/\/www.nogometnizaotroke.com\/nb\/wp-json\/wp\/v2\/product"}],"about":[{"href":"https:\/\/www.nogometnizaotroke.com\/nb\/wp-json\/wp\/v2\/types\/product"}],"replies":[{"embeddable":true,"href":"https:\/\/www.nogometnizaotroke.com\/nb\/wp-json\/wp\/v2\/comments?post=14821"}],"wp:featuredmedia":[{"embeddable":true,"href":"https:\/\/www.nogometnizaotroke.com\/nb\/wp-json\/wp\/v2\/media\/14823"}],"wp:attachment":[{"href":"https:\/\/www.nogometnizaotroke.com\/nb\/wp-json\/wp\/v2\/media?parent=14821"}],"wp:term":[{"taxonomy":"product_brand","embeddable":true,"href":"https:\/\/www.nogometnizaotroke.com\/nb\/wp-json\/wp\/v2\/product_brand?post=14821"},{"taxonomy":"product_cat","embeddable":true,"href":"https:\/\/www.nogometnizaotroke.com\/nb\/wp-json\/wp\/v2\/product_cat?post=14821"},{"taxonomy":"product_tag","embeddable":true,"href":"https:\/\/www.nogometnizaotroke.com\/nb\/wp-json\/wp\/v2\/product_tag?post=14821"}],"curies":[{"name":"wp","href":"https:\/\/api.w.org\/{rel}","templated":true}]}}