{"id":14542,"date":"2024-07-17T13:50:20","date_gmt":"2024-07-17T13:50:20","guid":{"rendered":"https:\/\/www.nogometnionline.com\/?post_type=product&#038;p=14542"},"modified":"2024-07-17T13:50:25","modified_gmt":"2024-07-17T13:50:25","slug":"otroski-nogometni-dresi-za-otroke-anglija-domaci-euro-2024-kieran-trippier-12","status":"publish","type":"product","link":"https:\/\/www.nogometnizaotroke.com\/nb\/product\/otroski-nogometni-dresi-za-otroke-anglija-domaci-euro-2024-kieran-trippier-12\/","title":{"rendered":"Fotballtr\u00f8yer for barn England Hjem EM 2024 Kieran Trippier 12"},"content":{"rendered":"<p>England Home Euro 2024-tr\u00f8yen er en stor forandring fra de tidligere engelske hjemmebanetr\u00f8yene. England 2024-fotballtr\u00f8yen kombinerer klassisk landhvit med m\u00f8rke marinebl\u00e5 og r\u00f8dbrune\/lysr\u00f8de detaljer, med en spesialdesignet krage som er en kombinasjon av den klassiske V-kragen og en polokrage. Ermavslutningene p\u00e5 England 2024-hjemmedrakten har elegante detaljer i marinebl\u00e5\/lysr\u00f8d\/kastanjebrun stripe.<\/p>\n<p>Tips for sokker: T-skjorten inkluderer ikke sokker som standard. Hvis du vil ha sokker, velger du sokkealternativene for \u00e5 betale for dem.<\/p>\n<p>Utskriftstips: Hvis navnet og nummeret i bildet er n\u00f8yaktig det du vil ha, trenger du ikke \u00e5 skrive det inn p\u00e5 nytt. Hvis det ikke er det, skriver du inn det navnet og nummeret du vil ha.<\/p>\n<p>Vasketips: Det anbefales \u00e5 vaske fotballtr\u00f8yene for h\u00e5nd. Hvis du vil bruke vaskemaskin, m\u00e5 du huske \u00e5 snu tr\u00f8yen og deretter vaske den. Fyll maskinen med kaldt vann og bruk en sk\u00e5nsom vaskesyklus for \u00e5 beskytte fargene bedre.<\/p>","protected":false},"excerpt":{"rendered":"<p>Anglija Doma\u010di Euro 2024 dresi je velika sprememba prej\u0161njih doma\u010dih majic Anglija. Nogometni dres Anglije 2024 zdru\u017euje klasi\u010dno belo dr\u017eavo s temno mornarsko modro barvo in kostanjevimi\/svetlo rde\u010dimi detajli.S posebno izdelanim ovratnikom, ki je kombinacija klasi\u010dnega V ovratnika s Polo ovratnikom. Man\u0161ete rokavov doma\u010dega kompleta za Anglijo 2024 so opremljene z elegantnimi detajli mornarsko-modro-svetlo rde\u010de\/kostanjeve [&hellip;]<\/p>","protected":false},"featured_media":14544,"comment_status":"open","ping_status":"closed","template":"","meta":[],"product_brand":[],"product_cat":[778,73,79],"product_tag":[964,785,961,968,153,220,969,159,960,148,970,147],"class_list":{"0":"post-14542","1":"product","2":"type-product","3":"status-publish","4":"has-post-thumbnail","6":"product_cat-euro-2024","7":"product_cat-otroski","8":"product_cat-dresi-anglija-reprezentance","9":"product_tag-anglija-ep-2024-nogometni-dresi-za-otroske","10":"product_tag-anglija-euro-2024-dresi","11":"product_tag-dresi-anglija-za-otroke","12":"product_tag-kieran-trippier-dresi","13":"product_tag-nogometni-dresi","14":"product_tag-nogometni-dresi-za-otroke","15":"product_tag-otroske-nogometni-dresi-kieran-trippier","16":"product_tag-otroski-nogometni-dresi","17":"product_tag-otroski-nogometni-dresi-anglija","18":"product_tag-poceni-nogometni-dresi","19":"product_tag-poceni-nogometni-dresi-kieran-trippier","20":"product_tag-slovenski-nogometni-dresi","22":"first","23":"instock","24":"shipping-taxable","25":"purchasable","26":"product-type-variable"},"_links":{"self":[{"href":"https:\/\/www.nogometnizaotroke.com\/nb\/wp-json\/wp\/v2\/product\/14542","targetHints":{"allow":["GET"]}}],"collection":[{"href":"https:\/\/www.nogometnizaotroke.com\/nb\/wp-json\/wp\/v2\/product"}],"about":[{"href":"https:\/\/www.nogometnizaotroke.com\/nb\/wp-json\/wp\/v2\/types\/product"}],"replies":[{"embeddable":true,"href":"https:\/\/www.nogometnizaotroke.com\/nb\/wp-json\/wp\/v2\/comments?post=14542"}],"wp:featuredmedia":[{"embeddable":true,"href":"https:\/\/www.nogometnizaotroke.com\/nb\/wp-json\/wp\/v2\/media\/14544"}],"wp:attachment":[{"href":"https:\/\/www.nogometnizaotroke.com\/nb\/wp-json\/wp\/v2\/media?parent=14542"}],"wp:term":[{"taxonomy":"product_brand","embeddable":true,"href":"https:\/\/www.nogometnizaotroke.com\/nb\/wp-json\/wp\/v2\/product_brand?post=14542"},{"taxonomy":"product_cat","embeddable":true,"href":"https:\/\/www.nogometnizaotroke.com\/nb\/wp-json\/wp\/v2\/product_cat?post=14542"},{"taxonomy":"product_tag","embeddable":true,"href":"https:\/\/www.nogometnizaotroke.com\/nb\/wp-json\/wp\/v2\/product_tag?post=14542"}],"curies":[{"name":"wp","href":"https:\/\/api.w.org\/{rel}","templated":true}]}}