{"id":14329,"date":"2024-07-10T09:22:50","date_gmt":"2024-07-10T09:22:50","guid":{"rendered":"https:\/\/www.nogometnionline.com\/?post_type=product&#038;p=14329"},"modified":"2024-07-10T09:22:55","modified_gmt":"2024-07-10T09:22:55","slug":"moski-nogometni-dresi-paris-saint-germain-psg-gostujoci-2024-2025-bela-prodaja","status":"publish","type":"product","link":"https:\/\/www.nogometnizaotroke.com\/nb\/product\/moski-nogometni-dresi-paris-saint-germain-psg-gostujoci-2024-2025-bela-prodaja\/","title":{"rendered":"Mo\u0161ki Nogometni dresi Paris Saint-Germain PSG Gostujo\u010di 2024-2025 Bela prodaja"},"content":{"rendered":"<p>Mo\u0161ki Nogometni dresi Paris Saint-Germain PSG Gostujo\u010di 2024-2025 Bela prodaja<\/p>","protected":false},"excerpt":{"rendered":"<p>Mo\u0161ki Nogometni dresi Paris Saint-Germain PSG Gostujo\u010di 2024-2025 Bela prodaja<\/p>","protected":false},"featured_media":14331,"comment_status":"open","ping_status":"closed","template":"","meta":[],"product_brand":[],"product_cat":[140,37],"product_tag":[150,359,153,358,155,260,148],"class_list":{"0":"post-14329","1":"product","2":"type-product","3":"status-publish","4":"has-post-thumbnail","6":"product_cat-moski","7":"product_cat-nogometni-dresi-psg","8":"product_tag-moski-nogometni-dresi","9":"product_tag-moski-nogometni-dresi-paris-saint-germain-z-lastnim-imenom","10":"product_tag-nogometni-dresi","11":"product_tag-nogometni-dresi-paris-saint-germain-za-moski-z-lastnim-tiskom","12":"product_tag-paris-saint-germain-psg-dres","13":"product_tag-poceni-moski-nogometni-dresi-psg-z-lastnim-imenom","14":"product_tag-poceni-nogometni-dresi","16":"first","17":"instock","18":"shipping-taxable","19":"purchasable","20":"product-type-variable"},"_links":{"self":[{"href":"https:\/\/www.nogometnizaotroke.com\/nb\/wp-json\/wp\/v2\/product\/14329","targetHints":{"allow":["GET"]}}],"collection":[{"href":"https:\/\/www.nogometnizaotroke.com\/nb\/wp-json\/wp\/v2\/product"}],"about":[{"href":"https:\/\/www.nogometnizaotroke.com\/nb\/wp-json\/wp\/v2\/types\/product"}],"replies":[{"embeddable":true,"href":"https:\/\/www.nogometnizaotroke.com\/nb\/wp-json\/wp\/v2\/comments?post=14329"}],"wp:featuredmedia":[{"embeddable":true,"href":"https:\/\/www.nogometnizaotroke.com\/nb\/wp-json\/wp\/v2\/media\/14331"}],"wp:attachment":[{"href":"https:\/\/www.nogometnizaotroke.com\/nb\/wp-json\/wp\/v2\/media?parent=14329"}],"wp:term":[{"taxonomy":"product_brand","embeddable":true,"href":"https:\/\/www.nogometnizaotroke.com\/nb\/wp-json\/wp\/v2\/product_brand?post=14329"},{"taxonomy":"product_cat","embeddable":true,"href":"https:\/\/www.nogometnizaotroke.com\/nb\/wp-json\/wp\/v2\/product_cat?post=14329"},{"taxonomy":"product_tag","embeddable":true,"href":"https:\/\/www.nogometnizaotroke.com\/nb\/wp-json\/wp\/v2\/product_tag?post=14329"}],"curies":[{"name":"wp","href":"https:\/\/api.w.org\/{rel}","templated":true}]}}