{"id":14184,"date":"2024-07-06T11:02:10","date_gmt":"2024-07-06T11:02:10","guid":{"rendered":"https:\/\/www.nogometnionline.com\/?post_type=product&#038;p=14184"},"modified":"2024-07-06T11:02:14","modified_gmt":"2024-07-06T11:02:14","slug":"otroski-nogometni-dresi-reprezentance-za-otroke-anglija-gostujoci-euro-2024-harry-kane-9","status":"publish","type":"product","link":"https:\/\/www.nogometnizaotroke.com\/nb\/product\/otroski-nogometni-dresi-reprezentance-za-otroke-anglija-gostujoci-euro-2024-harry-kane-9\/","title":{"rendered":"Otro\u0161ki Nogometni Dresi Reprezentance za otroke Anglija Gostujo\u010di Euro 2024 Harry Kane 9"},"content":{"rendered":"<p>Anglija Gostujo\u010di Euro 2024 dresi ima temno bledo kostanjevo barvo, imenovano \u201cDark Raisin\u201d, v kombinaciji s \u201cSesame\u201d za logotipe, ki je zlat barvni odtenek. Tisto, po \u010demer izstopa gostujo\u010di dres Anglije 2024, je ve\u010dbarvni dizajn na obeh straneh. Znotraj ovratnika je kri\u017e sv. Gerorga v enakih barvah, kot so bile uporabljene za oblikovanje stranskih \u010drt. Ta nova barvna shema je pomemben odmik od tradicionalnih modrih ali rde\u010dih kompletov za goste, ki jih je Anglija uporabljala v preteklosti, vendar bi lahko bila zelo priljubljena pri navija\u010dih.<\/p>\n<p>Tips for sokker: T-skjorten inkluderer ikke sokker som standard. Hvis du vil ha sokker, velger du sokkealternativene for \u00e5 betale for dem.<\/p>\n<p>Utskriftstips: Hvis navnet og nummeret i bildet er n\u00f8yaktig det du vil ha, trenger du ikke \u00e5 skrive det inn p\u00e5 nytt. Hvis det ikke er det, skriver du inn det navnet og nummeret du vil ha.<\/p>\n<p>Vasketips: Det anbefales \u00e5 vaske fotballtr\u00f8yene for h\u00e5nd. Hvis du vil bruke vaskemaskin, m\u00e5 du huske \u00e5 snu tr\u00f8yen og deretter vaske den. Fyll maskinen med kaldt vann og bruk en sk\u00e5nsom vaskesyklus for \u00e5 beskytte fargene bedre.<\/p>","protected":false},"excerpt":{"rendered":"<p>Anglija Gostujo\u010di Euro 2024 dresi ima temno bledo kostanjevo barvo, imenovano \u201cDark Raisin\u201d, v kombinaciji s \u201cSesame\u201d za logotipe, ki je zlat barvni odtenek. Tisto, po \u010demer izstopa gostujo\u010di dres Anglije 2024, je ve\u010dbarvni dizajn na obeh straneh. Znotraj ovratnika je kri\u017e sv. Gerorga v enakih barvah, kot so bile uporabljene za oblikovanje stranskih \u010drt. [&hellip;]<\/p>","protected":false},"featured_media":14186,"comment_status":"open","ping_status":"closed","template":"","meta":[],"product_brand":[],"product_cat":[778,73,79],"product_tag":[785,153,220,159,148,147],"class_list":{"0":"post-14184","1":"product","2":"type-product","3":"status-publish","4":"has-post-thumbnail","6":"product_cat-euro-2024","7":"product_cat-otroski","8":"product_cat-dresi-anglija-reprezentance","9":"product_tag-anglija-euro-2024-dresi","10":"product_tag-nogometni-dresi","11":"product_tag-nogometni-dresi-za-otroke","12":"product_tag-otroski-nogometni-dresi","13":"product_tag-poceni-nogometni-dresi","14":"product_tag-slovenski-nogometni-dresi","16":"first","17":"instock","18":"shipping-taxable","19":"purchasable","20":"product-type-variable"},"_links":{"self":[{"href":"https:\/\/www.nogometnizaotroke.com\/nb\/wp-json\/wp\/v2\/product\/14184","targetHints":{"allow":["GET"]}}],"collection":[{"href":"https:\/\/www.nogometnizaotroke.com\/nb\/wp-json\/wp\/v2\/product"}],"about":[{"href":"https:\/\/www.nogometnizaotroke.com\/nb\/wp-json\/wp\/v2\/types\/product"}],"replies":[{"embeddable":true,"href":"https:\/\/www.nogometnizaotroke.com\/nb\/wp-json\/wp\/v2\/comments?post=14184"}],"wp:featuredmedia":[{"embeddable":true,"href":"https:\/\/www.nogometnizaotroke.com\/nb\/wp-json\/wp\/v2\/media\/14186"}],"wp:attachment":[{"href":"https:\/\/www.nogometnizaotroke.com\/nb\/wp-json\/wp\/v2\/media?parent=14184"}],"wp:term":[{"taxonomy":"product_brand","embeddable":true,"href":"https:\/\/www.nogometnizaotroke.com\/nb\/wp-json\/wp\/v2\/product_brand?post=14184"},{"taxonomy":"product_cat","embeddable":true,"href":"https:\/\/www.nogometnizaotroke.com\/nb\/wp-json\/wp\/v2\/product_cat?post=14184"},{"taxonomy":"product_tag","embeddable":true,"href":"https:\/\/www.nogometnizaotroke.com\/nb\/wp-json\/wp\/v2\/product_tag?post=14184"}],"curies":[{"name":"wp","href":"https:\/\/api.w.org\/{rel}","templated":true}]}}