{"id":14079,"date":"2024-07-04T02:34:50","date_gmt":"2024-07-04T02:34:50","guid":{"rendered":"https:\/\/www.nogometnionline.com\/?post_type=product&#038;p=14079"},"modified":"2024-07-04T02:34:54","modified_gmt":"2024-07-04T02:34:54","slug":"zenski-nogometni-dresi-trgovine-francija-reprezentance-gostujoci-em-2024-ibrahima-konate-24","status":"publish","type":"product","link":"https:\/\/www.nogometnizaotroke.com\/nb\/product\/zenski-nogometni-dresi-trgovine-francija-reprezentance-gostujoci-em-2024-ibrahima-konate-24\/","title":{"rendered":"Fotballtr\u00f8yer for kvinner Shop Frankrikes landslag borte EM 2024 Ibrahima Konate 24"},"content":{"rendered":"<p>Francija Reprezentance Gostujo\u010di EM 2024 dresi zdru\u017euje belo osnovo s kraljevsko modro barvo. Kar je najbolj presenetljivo, je gradientna \u010drtasta zasnova \u2013 prehaja od modre (desna stran) do rde\u010de (leva stran).<\/p>","protected":false},"excerpt":{"rendered":"<p>Francija Reprezentance Gostujo\u010di EM 2024 dresi zdru\u017euje belo osnovo s kraljevsko modro barvo. Kar je najbolj presenetljivo, je gradientna \u010drtasta zasnova \u2013 prehaja od modre (desna stran) do rde\u010de (leva stran).<\/p>","protected":false},"featured_media":14081,"comment_status":"open","ping_status":"closed","template":"","meta":[],"product_brand":[],"product_cat":[778,74,76],"product_tag":[831,832,916,153,148,147,320,917],"class_list":{"0":"post-14079","1":"product","2":"type-product","3":"status-publish","4":"has-post-thumbnail","6":"product_cat-euro-2024","7":"product_cat-zenski","8":"product_cat-dresi-francija-reprezentance","9":"product_tag-dresi-francija-reprezentance","10":"product_tag-euro-2024","11":"product_tag-francija-em-2024-ibrahima-konate-dresi","12":"product_tag-nogometni-dresi","13":"product_tag-poceni-nogometni-dresi","14":"product_tag-slovenski-nogometni-dresi","15":"product_tag-zenski-nogometni-dresi","16":"product_tag-zenski-nogometni-dresi-trgovine","18":"first","19":"instock","20":"shipping-taxable","21":"purchasable","22":"product-type-variable"},"_links":{"self":[{"href":"https:\/\/www.nogometnizaotroke.com\/nb\/wp-json\/wp\/v2\/product\/14079","targetHints":{"allow":["GET"]}}],"collection":[{"href":"https:\/\/www.nogometnizaotroke.com\/nb\/wp-json\/wp\/v2\/product"}],"about":[{"href":"https:\/\/www.nogometnizaotroke.com\/nb\/wp-json\/wp\/v2\/types\/product"}],"replies":[{"embeddable":true,"href":"https:\/\/www.nogometnizaotroke.com\/nb\/wp-json\/wp\/v2\/comments?post=14079"}],"wp:featuredmedia":[{"embeddable":true,"href":"https:\/\/www.nogometnizaotroke.com\/nb\/wp-json\/wp\/v2\/media\/14081"}],"wp:attachment":[{"href":"https:\/\/www.nogometnizaotroke.com\/nb\/wp-json\/wp\/v2\/media?parent=14079"}],"wp:term":[{"taxonomy":"product_brand","embeddable":true,"href":"https:\/\/www.nogometnizaotroke.com\/nb\/wp-json\/wp\/v2\/product_brand?post=14079"},{"taxonomy":"product_cat","embeddable":true,"href":"https:\/\/www.nogometnizaotroke.com\/nb\/wp-json\/wp\/v2\/product_cat?post=14079"},{"taxonomy":"product_tag","embeddable":true,"href":"https:\/\/www.nogometnizaotroke.com\/nb\/wp-json\/wp\/v2\/product_tag?post=14079"}],"curies":[{"name":"wp","href":"https:\/\/api.w.org\/{rel}","templated":true}]}}