{"id":14001,"date":"2024-07-01T08:45:43","date_gmt":"2024-07-01T08:45:43","guid":{"rendered":"https:\/\/www.nogometnionline.com\/?post_type=product&#038;p=14001"},"modified":"2024-07-01T08:45:48","modified_gmt":"2024-07-01T08:45:48","slug":"zenski-nogometni-dresi-nemcija-reprezentance-gostujoci-euro-2024-thomas-muller-13","status":"publish","type":"product","link":"https:\/\/www.nogometnizaotroke.com\/nb\/product\/zenski-nogometni-dresi-nemcija-reprezentance-gostujoci-euro-2024-thomas-muller-13\/","title":{"rendered":"Fotballtr\u00f8yer for kvinner Tyskland landslag borte EM 2024 Thomas M\u00fcller 13"},"content":{"rendered":"<p><strong>Tyskland Euro 2024 bortetr\u00f8yer<\/strong> har en dristig ny fargekombinasjon for det tyske landslaget. DFB 2024-fotballtr\u00f8yen kombinerer rosa og lilla. Offisielt er fargene Semi Lucid Fuchsia \/ Team College Purple.<\/p>","protected":false},"excerpt":{"rendered":"<p>Nem\u010dija Gostujo\u010di Euro 2024 dresi ima drzno in novo barvno kombinacijo za nem\u0161ko reprezentanco. Nogometni dres DFB 2024 zdru\u017euje roza in vijoli\u010dno. Uradno sta barvi Semi Lucid Fuchsia \/ Team College Purple.<\/p>","protected":false},"featured_media":14003,"comment_status":"open","ping_status":"closed","template":"","meta":[],"product_brand":[],"product_cat":[778,74,80],"product_tag":[900,779,153,148,901,147,904,320],"class_list":{"0":"post-14001","1":"product","2":"type-product","3":"status-publish","4":"has-post-thumbnail","6":"product_cat-euro-2024","7":"product_cat-zenski","8":"product_cat-dresi-nemcija-reprezentance","9":"product_tag-kupiti-zenski-dresi-nemcija-euro-2024","10":"product_tag-nemcija-euro-2024-dresi","11":"product_tag-nogometni-dresi","12":"product_tag-poceni-nogometni-dresi","13":"product_tag-poceni-zenski-dresi-nemcija-euro-2024","14":"product_tag-slovenski-nogometni-dresi","15":"product_tag-thomas-muller-nogometni-dresi","16":"product_tag-zenski-nogometni-dresi","18":"first","19":"instock","20":"shipping-taxable","21":"purchasable","22":"product-type-variable"},"_links":{"self":[{"href":"https:\/\/www.nogometnizaotroke.com\/nb\/wp-json\/wp\/v2\/product\/14001","targetHints":{"allow":["GET"]}}],"collection":[{"href":"https:\/\/www.nogometnizaotroke.com\/nb\/wp-json\/wp\/v2\/product"}],"about":[{"href":"https:\/\/www.nogometnizaotroke.com\/nb\/wp-json\/wp\/v2\/types\/product"}],"replies":[{"embeddable":true,"href":"https:\/\/www.nogometnizaotroke.com\/nb\/wp-json\/wp\/v2\/comments?post=14001"}],"wp:featuredmedia":[{"embeddable":true,"href":"https:\/\/www.nogometnizaotroke.com\/nb\/wp-json\/wp\/v2\/media\/14003"}],"wp:attachment":[{"href":"https:\/\/www.nogometnizaotroke.com\/nb\/wp-json\/wp\/v2\/media?parent=14001"}],"wp:term":[{"taxonomy":"product_brand","embeddable":true,"href":"https:\/\/www.nogometnizaotroke.com\/nb\/wp-json\/wp\/v2\/product_brand?post=14001"},{"taxonomy":"product_cat","embeddable":true,"href":"https:\/\/www.nogometnizaotroke.com\/nb\/wp-json\/wp\/v2\/product_cat?post=14001"},{"taxonomy":"product_tag","embeddable":true,"href":"https:\/\/www.nogometnizaotroke.com\/nb\/wp-json\/wp\/v2\/product_tag?post=14001"}],"curies":[{"name":"wp","href":"https:\/\/api.w.org\/{rel}","templated":true}]}}