{"id":13158,"date":"2024-06-03T05:43:45","date_gmt":"2024-06-03T05:43:45","guid":{"rendered":"https:\/\/www.nogometnionline.com\/?post_type=product&#038;p=13158"},"modified":"2024-06-03T05:43:50","modified_gmt":"2024-06-03T05:43:50","slug":"nogometni-dresi-bayern-munich-domaci-2024-25-rdeca-dresi-za-nogomet","status":"publish","type":"product","link":"https:\/\/www.nogometnizaotroke.com\/nb\/product\/nogometni-dresi-bayern-munich-domaci-2024-25-rdeca-dresi-za-nogomet\/","title":{"rendered":"Nogometni dresi Bayern Munich Doma\u010di 2024-25 rde\u010da dresi za nogomet"},"content":{"rendered":"<p>Nogometni dresi Bayern Munich Doma\u010di 2024-25 rde\u010da dresi za nogomet<\/p>","protected":false},"excerpt":{"rendered":"<p>Nogometni dresi Bayern Munich Doma\u010di 2024-25 rde\u010da dresi za nogomet<\/p>","protected":false},"featured_media":13160,"comment_status":"open","ping_status":"closed","template":"","meta":[],"product_brand":[],"product_cat":[140,40],"product_tag":[377,150,379,153,378,194,148,374,147],"class_list":{"0":"post-13158","1":"product","2":"type-product","3":"status-publish","4":"has-post-thumbnail","6":"product_cat-moski","7":"product_cat-nogometni-dresi-bayern-munich","8":"product_tag-dresi-bayern-munich-za-moski","9":"product_tag-moski-nogometni-dresi","10":"product_tag-moski-nogometni-dresi-bayern-munich-z-lastnim-imenom","11":"product_tag-nogometni-dresi","12":"product_tag-nogometni-dresi-bayern-munich-za-moski-z-lastnim-tiskom","13":"product_tag-poceni-moski-nogometni-dresi-bayern-munich-z-lastnim-imenom","14":"product_tag-poceni-nogometni-dresi","15":"product_tag-poceni-nogometni-dresi-bayern-munich-z-lastnim-imenom-online","16":"product_tag-slovenski-nogometni-dresi","18":"first","19":"instock","20":"shipping-taxable","21":"purchasable","22":"product-type-variable"},"_links":{"self":[{"href":"https:\/\/www.nogometnizaotroke.com\/nb\/wp-json\/wp\/v2\/product\/13158","targetHints":{"allow":["GET"]}}],"collection":[{"href":"https:\/\/www.nogometnizaotroke.com\/nb\/wp-json\/wp\/v2\/product"}],"about":[{"href":"https:\/\/www.nogometnizaotroke.com\/nb\/wp-json\/wp\/v2\/types\/product"}],"replies":[{"embeddable":true,"href":"https:\/\/www.nogometnizaotroke.com\/nb\/wp-json\/wp\/v2\/comments?post=13158"}],"wp:featuredmedia":[{"embeddable":true,"href":"https:\/\/www.nogometnizaotroke.com\/nb\/wp-json\/wp\/v2\/media\/13160"}],"wp:attachment":[{"href":"https:\/\/www.nogometnizaotroke.com\/nb\/wp-json\/wp\/v2\/media?parent=13158"}],"wp:term":[{"taxonomy":"product_brand","embeddable":true,"href":"https:\/\/www.nogometnizaotroke.com\/nb\/wp-json\/wp\/v2\/product_brand?post=13158"},{"taxonomy":"product_cat","embeddable":true,"href":"https:\/\/www.nogometnizaotroke.com\/nb\/wp-json\/wp\/v2\/product_cat?post=13158"},{"taxonomy":"product_tag","embeddable":true,"href":"https:\/\/www.nogometnizaotroke.com\/nb\/wp-json\/wp\/v2\/product_tag?post=13158"}],"curies":[{"name":"wp","href":"https:\/\/api.w.org\/{rel}","templated":true}]}}