{"id":13025,"date":"2024-05-30T08:37:20","date_gmt":"2024-05-30T08:37:20","guid":{"rendered":"https:\/\/www.nogometnionline.com\/?post_type=product&#038;p=13025"},"modified":"2024-05-30T08:37:31","modified_gmt":"2024-05-30T08:37:31","slug":"otroski-nogometni-dresi-za-otroke-francija-domaci-em-2024-youssouf-fofana-19","status":"publish","type":"product","link":"https:\/\/www.nogometnizaotroke.com\/nb\/product\/otroski-nogometni-dresi-za-otroke-francija-domaci-em-2024-youssouf-fofana-19\/","title":{"rendered":"Otro\u0161ki Nogometni dresi za otroke Francija Doma\u010di EM 2024 Youssouf Fofana 19"},"content":{"rendered":"<p>Otro\u0161ki Nogometni dresi za otroke Francija Doma\u010di EM 2024 Youssouf Fofana 19<\/p>","protected":false},"excerpt":{"rendered":"<p>Otro\u0161ki Nogometni dresi za otroke Francija Doma\u010di EM 2024 Youssouf Fofana 19<\/p>","protected":false},"featured_media":13031,"comment_status":"open","ping_status":"closed","template":"","meta":[],"product_brand":[],"product_cat":[778,73,76],"product_tag":[831,832,153,159,148,147],"class_list":{"0":"post-13025","1":"product","2":"type-product","3":"status-publish","4":"has-post-thumbnail","6":"product_cat-euro-2024","7":"product_cat-otroski","8":"product_cat-dresi-francija-reprezentance","9":"product_tag-dresi-francija-reprezentance","10":"product_tag-euro-2024","11":"product_tag-nogometni-dresi","12":"product_tag-otroski-nogometni-dresi","13":"product_tag-poceni-nogometni-dresi","14":"product_tag-slovenski-nogometni-dresi","16":"first","17":"instock","18":"shipping-taxable","19":"purchasable","20":"product-type-variable"},"_links":{"self":[{"href":"https:\/\/www.nogometnizaotroke.com\/nb\/wp-json\/wp\/v2\/product\/13025","targetHints":{"allow":["GET"]}}],"collection":[{"href":"https:\/\/www.nogometnizaotroke.com\/nb\/wp-json\/wp\/v2\/product"}],"about":[{"href":"https:\/\/www.nogometnizaotroke.com\/nb\/wp-json\/wp\/v2\/types\/product"}],"replies":[{"embeddable":true,"href":"https:\/\/www.nogometnizaotroke.com\/nb\/wp-json\/wp\/v2\/comments?post=13025"}],"wp:featuredmedia":[{"embeddable":true,"href":"https:\/\/www.nogometnizaotroke.com\/nb\/wp-json\/wp\/v2\/media\/13031"}],"wp:attachment":[{"href":"https:\/\/www.nogometnizaotroke.com\/nb\/wp-json\/wp\/v2\/media?parent=13025"}],"wp:term":[{"taxonomy":"product_brand","embeddable":true,"href":"https:\/\/www.nogometnizaotroke.com\/nb\/wp-json\/wp\/v2\/product_brand?post=13025"},{"taxonomy":"product_cat","embeddable":true,"href":"https:\/\/www.nogometnizaotroke.com\/nb\/wp-json\/wp\/v2\/product_cat?post=13025"},{"taxonomy":"product_tag","embeddable":true,"href":"https:\/\/www.nogometnizaotroke.com\/nb\/wp-json\/wp\/v2\/product_tag?post=13025"}],"curies":[{"name":"wp","href":"https:\/\/api.w.org\/{rel}","templated":true}]}}