{"id":12255,"date":"2024-04-27T06:52:25","date_gmt":"2024-04-27T06:52:25","guid":{"rendered":"https:\/\/www.nogometnionline.com\/?post_type=product&#038;p=12255"},"modified":"2024-04-27T06:52:30","modified_gmt":"2024-04-27T06:52:30","slug":"prodaja-moski-nogometni-dresi-inter-miami-cf-domaci-2024-25-kratek-rokav","status":"publish","type":"product","link":"https:\/\/www.nogometnizaotroke.com\/nb\/product\/prodaja-moski-nogometni-dresi-inter-miami-cf-domaci-2024-25-kratek-rokav\/","title":{"rendered":"Prodaja Mo\u0161ki Nogometni dresi Inter Miami CF Doma\u010di 2024-25 Kratek Rokav"},"content":{"rendered":"<p>Prodaja Mo\u0161ki Nogometni dresi Inter Miami CF Doma\u010di 2024-25 Kratek Rokav<\/p>","protected":false},"excerpt":{"rendered":"<p>Prodaja Mo\u0161ki Nogometni dresi Inter Miami CF Doma\u010di 2024-25 Kratek Rokav<\/p>","protected":false},"featured_media":12241,"comment_status":"open","ping_status":"closed","template":"","meta":[],"product_brand":[],"product_cat":[353,140],"product_tag":[345,346,820,150,153,148,348,147],"class_list":{"0":"post-12255","1":"product","2":"type-product","3":"status-publish","4":"has-post-thumbnail","6":"product_cat-nogometni-dresi-inter-miami","7":"product_cat-moski","8":"product_tag-inter-miami-domaci-dres","9":"product_tag-inter-miami-dres","10":"product_tag-inter-miami-dres-24-25","11":"product_tag-moski-nogometni-dresi","12":"product_tag-nogometni-dresi","13":"product_tag-poceni-nogometni-dresi","14":"product_tag-poceni-nogometni-dresi-inter-miami-z-lastnim-imenom-online","15":"product_tag-slovenski-nogometni-dresi","17":"first","18":"instock","19":"shipping-taxable","20":"purchasable","21":"product-type-variable"},"_links":{"self":[{"href":"https:\/\/www.nogometnizaotroke.com\/nb\/wp-json\/wp\/v2\/product\/12255","targetHints":{"allow":["GET"]}}],"collection":[{"href":"https:\/\/www.nogometnizaotroke.com\/nb\/wp-json\/wp\/v2\/product"}],"about":[{"href":"https:\/\/www.nogometnizaotroke.com\/nb\/wp-json\/wp\/v2\/types\/product"}],"replies":[{"embeddable":true,"href":"https:\/\/www.nogometnizaotroke.com\/nb\/wp-json\/wp\/v2\/comments?post=12255"}],"wp:featuredmedia":[{"embeddable":true,"href":"https:\/\/www.nogometnizaotroke.com\/nb\/wp-json\/wp\/v2\/media\/12241"}],"wp:attachment":[{"href":"https:\/\/www.nogometnizaotroke.com\/nb\/wp-json\/wp\/v2\/media?parent=12255"}],"wp:term":[{"taxonomy":"product_brand","embeddable":true,"href":"https:\/\/www.nogometnizaotroke.com\/nb\/wp-json\/wp\/v2\/product_brand?post=12255"},{"taxonomy":"product_cat","embeddable":true,"href":"https:\/\/www.nogometnizaotroke.com\/nb\/wp-json\/wp\/v2\/product_cat?post=12255"},{"taxonomy":"product_tag","embeddable":true,"href":"https:\/\/www.nogometnizaotroke.com\/nb\/wp-json\/wp\/v2\/product_tag?post=12255"}],"curies":[{"name":"wp","href":"https:\/\/api.w.org\/{rel}","templated":true}]}}