{"id":10263,"date":"2023-12-19T08:42:31","date_gmt":"2023-12-19T08:42:31","guid":{"rendered":"https:\/\/www.nogometnionline.com\/?post_type=product&#038;p=10263"},"modified":"2023-12-19T08:42:33","modified_gmt":"2023-12-19T08:42:33","slug":"poceni-moski-nogometni-dresi-liverpool-gostujoci-2023-2024-alexander-arnold-66","status":"publish","type":"product","link":"https:\/\/www.nogometnizaotroke.com\/nb\/product\/poceni-moski-nogometni-dresi-liverpool-gostujoci-2023-2024-alexander-arnold-66\/","title":{"rendered":"Billige fotballtr\u00f8yer for menn Liverpool borte 2023 2024 Alexander-Arnold 66"},"content":{"rendered":"<p>Tips til utskriften: Hvis navnet og nummeret p\u00e5 bildet stemmer overens med dine \u00f8nsker, m\u00e5 du ikke skrive dem inn p\u00e5 nytt. Hvis ikke, b\u00f8r du skrive inn \u00f8nsket navn og nummer.<\/p>\n<p>Tips til vask: Det anbefales \u00e5 vaske fotballtrikottene for h\u00e5nd. Hvis du vil vaske fotballtrikottene i vaskemaskinen, m\u00e5 du ikke glemme \u00e5 vaske dem for h\u00e5nd og deretter vaske dem. Fyll vaskemaskinen med kaldt vann og kj\u00f8r den i vannbad for \u00e5 beskytte fargene bedre.<\/p>","protected":false},"excerpt":{"rendered":"<p>Tipps zum Drucken: Wenn der Name und die Nummer auf dem Bild genau Ihren W\u00fcnschen entsprechen, m\u00fcssen Sie sie nicht erneut eingeben. Wenn nicht, sollten Sie Ihren gew\u00fcnschten Namen und Ihre Nummer eingeben. Tipps zum Waschen: Es wird empfohlen, Fu\u00dfballtrikots von Hand zu waschen. Wenn Sie die Waschmaschine benutzen m\u00f6chten, denken Sie daran, Fu\u00dfballtrikots umzudrehen [&hellip;]<\/p>","protected":false},"featured_media":10265,"comment_status":"open","ping_status":"closed","template":"","meta":[],"product_brand":[],"product_cat":[140,39],"product_tag":[589,296,150,148,295,147],"class_list":{"0":"post-10263","1":"product","2":"type-product","3":"status-publish","4":"has-post-thumbnail","6":"product_cat-moski","7":"product_cat-nogometni-dresi-liverpool","8":"product_tag-dresi-liverpool-za-moski","9":"product_tag-moski-dresi-liverpool-z-lastnim-imenom","10":"product_tag-moski-nogometni-dresi","11":"product_tag-poceni-nogometni-dresi","12":"product_tag-poceni-nogometni-dresi-liverpool-z-lastnim-imenom-online","13":"product_tag-slovenski-nogometni-dresi","15":"first","16":"instock","17":"shipping-taxable","18":"purchasable","19":"product-type-variable"},"_links":{"self":[{"href":"https:\/\/www.nogometnizaotroke.com\/nb\/wp-json\/wp\/v2\/product\/10263","targetHints":{"allow":["GET"]}}],"collection":[{"href":"https:\/\/www.nogometnizaotroke.com\/nb\/wp-json\/wp\/v2\/product"}],"about":[{"href":"https:\/\/www.nogometnizaotroke.com\/nb\/wp-json\/wp\/v2\/types\/product"}],"replies":[{"embeddable":true,"href":"https:\/\/www.nogometnizaotroke.com\/nb\/wp-json\/wp\/v2\/comments?post=10263"}],"wp:featuredmedia":[{"embeddable":true,"href":"https:\/\/www.nogometnizaotroke.com\/nb\/wp-json\/wp\/v2\/media\/10265"}],"wp:attachment":[{"href":"https:\/\/www.nogometnizaotroke.com\/nb\/wp-json\/wp\/v2\/media?parent=10263"}],"wp:term":[{"taxonomy":"product_brand","embeddable":true,"href":"https:\/\/www.nogometnizaotroke.com\/nb\/wp-json\/wp\/v2\/product_brand?post=10263"},{"taxonomy":"product_cat","embeddable":true,"href":"https:\/\/www.nogometnizaotroke.com\/nb\/wp-json\/wp\/v2\/product_cat?post=10263"},{"taxonomy":"product_tag","embeddable":true,"href":"https:\/\/www.nogometnizaotroke.com\/nb\/wp-json\/wp\/v2\/product_tag?post=10263"}],"curies":[{"name":"wp","href":"https:\/\/api.w.org\/{rel}","templated":true}]}}