{"id":27076,"date":"2026-01-13T09:27:47","date_gmt":"2026-01-13T09:27:47","guid":{"rendered":"https:\/\/www.nogometnizaotroke.com\/?post_type=product&#038;p=27076"},"modified":"2026-01-13T09:27:48","modified_gmt":"2026-01-13T09:27:48","slug":"otroski-nogometni-dresi-argentina-2025-26-rdec-komplet-martinez","status":"publish","type":"product","link":"https:\/\/www.nogometnizaotroke.com\/it\/product\/otroski-nogometni-dresi-argentina-2025-26-rdec-komplet-martinez\/","title":{"rendered":"Otro\u0161ki nogometni dresi Argentina 2025-26 &#8211; Rde\u010d komplet Martinez"},"content":{"rendered":"<p>Ali va\u0161 otrok obo\u017euje spektakularne obrambe? Rde\u010di otro\u0161ki nogometni dresi kompleti argentinske reprezentance za sezono 2025-26 je popolna izbira za mlade vratarje. V tem kompletu bo vsak otrok za\u010dutil samozavest in energijo legendarnega &#8220;Dibuja&#8221;, ki je Argentino popeljal na vrh sveta.<\/p>\n<p>Personalizacija \u2013 unikaten dres za va\u0161ega otroka: \u017delite, da dres postane \u0161e bolj poseben? Ponujamo storitev personaliziranega tiska. Na dres lahko natisnemo ime va\u0161ega otroka in poljubno \u0161tevilko. Uporabljamo profesionalno tehnologijo tiska, ki zagotavlja dolgo obstojnost tudi po \u0161tevilnih pranjih.<\/p>\n<p>Suggerimenti per i calzini: la maglietta non include i calzini per impostazione predefinita. Se si desiderano i calzini, selezionare le opzioni relative ai calzini per pagarli.<\/p>\n<p>Suggerimento per la stampa: se il nome e il numero nell'immagine sono esattamente quelli desiderati, non \u00e8 necessario inserirli di nuovo. In caso contrario, inserire il nome e il numero desiderati.<\/p>\n<p>Consiglio per il lavaggio: si consiglia di lavare le maglie da calcio a mano. Se si desidera utilizzare una lavatrice, ricordarsi di girare la maglia e poi lavarla. Riempire la macchina con acqua fredda e utilizzare un ciclo di lavaggio delicato per proteggere maggiormente i colori.<\/p>","protected":false},"excerpt":{"rendered":"<p>Ali va\u0161 otrok obo\u017euje spektakularne obrambe? Rde\u010di otro\u0161ki nogometni dresi kompleti argentinske reprezentance za sezono 2025-26 je popolna izbira za mlade vratarje. V tem kompletu bo vsak otrok za\u010dutil samozavest in energijo legendarnega &#8220;Dibuja&#8221;, ki je Argentino popeljal na vrh sveta. Personalizacija \u2013 unikaten dres za va\u0161ega otroka: \u017delite, da dres postane \u0161e bolj poseben? [&hellip;]<\/p>","protected":false},"featured_media":27078,"comment_status":"open","ping_status":"closed","template":"","meta":[],"product_brand":[],"product_cat":[73,81],"product_tag":[1913,1392,159,1915,1914,148],"class_list":{"0":"post-27076","1":"product","2":"type-product","3":"status-publish","4":"has-post-thumbnail","6":"product_cat-otroski","7":"product_cat-dresi-argentina-reprezentance","8":"product_tag-argentina-dresi-2025-26","9":"product_tag-emiliano-martinez-dresi","10":"product_tag-otroski-nogometni-dresi","11":"product_tag-otroski-nogometni-komplet","12":"product_tag-personaliziran-nogometni-dres","13":"product_tag-poceni-nogometni-dresi","15":"first","16":"instock","17":"shipping-taxable","18":"purchasable","19":"product-type-variable"},"_links":{"self":[{"href":"https:\/\/www.nogometnizaotroke.com\/it\/wp-json\/wp\/v2\/product\/27076","targetHints":{"allow":["GET"]}}],"collection":[{"href":"https:\/\/www.nogometnizaotroke.com\/it\/wp-json\/wp\/v2\/product"}],"about":[{"href":"https:\/\/www.nogometnizaotroke.com\/it\/wp-json\/wp\/v2\/types\/product"}],"replies":[{"embeddable":true,"href":"https:\/\/www.nogometnizaotroke.com\/it\/wp-json\/wp\/v2\/comments?post=27076"}],"wp:featuredmedia":[{"embeddable":true,"href":"https:\/\/www.nogometnizaotroke.com\/it\/wp-json\/wp\/v2\/media\/27078"}],"wp:attachment":[{"href":"https:\/\/www.nogometnizaotroke.com\/it\/wp-json\/wp\/v2\/media?parent=27076"}],"wp:term":[{"taxonomy":"product_brand","embeddable":true,"href":"https:\/\/www.nogometnizaotroke.com\/it\/wp-json\/wp\/v2\/product_brand?post=27076"},{"taxonomy":"product_cat","embeddable":true,"href":"https:\/\/www.nogometnizaotroke.com\/it\/wp-json\/wp\/v2\/product_cat?post=27076"},{"taxonomy":"product_tag","embeddable":true,"href":"https:\/\/www.nogometnizaotroke.com\/it\/wp-json\/wp\/v2\/product_tag?post=27076"}],"curies":[{"name":"wp","href":"https:\/\/api.w.org\/{rel}","templated":true}]}}