{"id":26042,"date":"2025-07-29T08:09:26","date_gmt":"2025-07-29T08:09:26","guid":{"rendered":"https:\/\/www.nogometnizaotroke.com\/?post_type=product&#038;p=26042"},"modified":"2025-07-29T08:12:50","modified_gmt":"2025-07-29T08:12:50","slug":"moske-nogometnih-dresov-atletico-madrid-domaci-2025-26-samuel-lino-12","status":"publish","type":"product","link":"https:\/\/www.nogometnizaotroke.com\/it\/product\/moske-nogometnih-dresov-atletico-madrid-domaci-2025-26-samuel-lino-12\/","title":{"rendered":"Mo\u0161ke Nogometnih dresov Atletico Madrid Doma\u010di 2025-26 Samuel Lino 12"},"content":{"rendered":"<h3>Mo\u0161ke Nogometnih dresov Atletico Madrid Doma\u010di 2025-26 Samuel Lino 12<\/h3>\n<p>Doma\u010di dres Atletica Madrida 2025\/26 ima klasi\u010den rde\u010de-bel dizajn s \u010drtami in kontrastnim modrim logotipom ekipe. \u010crte se raztezajo do hrbta, kar pu\u0161\u010da prostor za \u0161tevilko igralca. \u017denski Nogometnih dresovi Atletico Madrid 2025\/26 je prvi dres Atletica Madrida od sezone 2019\/20, ki uporablja klasi\u010den dizajn s \u010drtami brez dodatnih oblikovalskih elementov. Ta dres, ki temelji na novem dizajnu za sezono 2025, ima rde\u010de-bel ovratnik z logotipom ekipe T90, kar mu daje sodoben in retro slog.<\/p>\n<p>Suggerimenti per i calzini: la maglietta non include i calzini per impostazione predefinita. Se si desiderano i calzini, selezionare le opzioni relative ai calzini per pagarli.<\/p>\n<p>Suggerimento per la stampa: se il nome e il numero nell'immagine sono esattamente quelli desiderati, non \u00e8 necessario inserirli di nuovo. In caso contrario, inserire il nome e il numero desiderati.<\/p>\n<p>Consiglio per il lavaggio: si consiglia di lavare le maglie da calcio a mano. Se si desidera utilizzare una lavatrice, ricordarsi di girare la maglia e poi lavarla. Riempire la macchina con acqua fredda e utilizzare un ciclo di lavaggio delicato per proteggere maggiormente i colori.<\/p>","protected":false},"excerpt":{"rendered":"<p>Mo\u0161ke Nogometnih dresov Atletico Madrid Doma\u010di 2025-26 Samuel Lino 12 Doma\u010di dres Atletica Madrida 2025\/26 ima klasi\u010den rde\u010de-bel dizajn s \u010drtami in kontrastnim modrim logotipom ekipe. \u010crte se raztezajo do hrbta, kar pu\u0161\u010da prostor za \u0161tevilko igralca. \u017denski Nogometnih dresovi Atletico Madrid 2025\/26 je prvi dres Atletica Madrida od sezone 2019\/20, ki uporablja klasi\u010den dizajn [&hellip;]<\/p>","protected":false},"featured_media":26044,"comment_status":"open","ping_status":"closed","template":"","meta":[],"product_brand":[],"product_cat":[140,41],"product_tag":[999,150,153,220,148,1505,147],"class_list":{"0":"post-26042","1":"product","2":"type-product","3":"status-publish","4":"has-post-thumbnail","6":"product_cat-moski","7":"product_cat-nogometni-dresi-atletico-madrid","8":"product_tag-dresi-atletico-madrid-za-otroke","9":"product_tag-moski-nogometni-dresi","10":"product_tag-nogometni-dresi","11":"product_tag-nogometni-dresi-za-otroke","12":"product_tag-poceni-nogometni-dresi","13":"product_tag-samuel-lino-dresi","14":"product_tag-slovenski-nogometni-dresi","16":"first","17":"instock","18":"shipping-taxable","19":"purchasable","20":"product-type-variable"},"_links":{"self":[{"href":"https:\/\/www.nogometnizaotroke.com\/it\/wp-json\/wp\/v2\/product\/26042","targetHints":{"allow":["GET"]}}],"collection":[{"href":"https:\/\/www.nogometnizaotroke.com\/it\/wp-json\/wp\/v2\/product"}],"about":[{"href":"https:\/\/www.nogometnizaotroke.com\/it\/wp-json\/wp\/v2\/types\/product"}],"replies":[{"embeddable":true,"href":"https:\/\/www.nogometnizaotroke.com\/it\/wp-json\/wp\/v2\/comments?post=26042"}],"wp:featuredmedia":[{"embeddable":true,"href":"https:\/\/www.nogometnizaotroke.com\/it\/wp-json\/wp\/v2\/media\/26044"}],"wp:attachment":[{"href":"https:\/\/www.nogometnizaotroke.com\/it\/wp-json\/wp\/v2\/media?parent=26042"}],"wp:term":[{"taxonomy":"product_brand","embeddable":true,"href":"https:\/\/www.nogometnizaotroke.com\/it\/wp-json\/wp\/v2\/product_brand?post=26042"},{"taxonomy":"product_cat","embeddable":true,"href":"https:\/\/www.nogometnizaotroke.com\/it\/wp-json\/wp\/v2\/product_cat?post=26042"},{"taxonomy":"product_tag","embeddable":true,"href":"https:\/\/www.nogometnizaotroke.com\/it\/wp-json\/wp\/v2\/product_tag?post=26042"}],"curies":[{"name":"wp","href":"https:\/\/api.w.org\/{rel}","templated":true}]}}