{"id":25459,"date":"2025-06-27T08:29:06","date_gmt":"2025-06-27T08:29:06","guid":{"rendered":"https:\/\/www.nogometnizaotroke.com\/?post_type=product&#038;p=25459"},"modified":"2025-07-04T03:55:15","modified_gmt":"2025-07-04T03:55:15","slug":"otroske-nogometnih-dresov-manchester-city-domaci-klubsko-svetovno-prvenstvo-2025","status":"publish","type":"product","link":"https:\/\/www.nogometnizaotroke.com\/it\/product\/otroske-nogometnih-dresov-manchester-city-domaci-klubsko-svetovno-prvenstvo-2025\/","title":{"rendered":"Otro\u0161ke Nogometnih dresov Manchester City Doma\u010di Klubsko svetovno prvenstvo 2025"},"content":{"rendered":"<h3>Otro\u0161ke Nogometnih dresov Manchester City Doma\u010di Klubsko svetovno prvenstvo 2025<\/h3>\n<p>Klasika se vra\u010da \u2013 na novo narisana, prebarvana in pripravljena za uporabo. V kolekcijo PUMA x KIDSUPER se vra\u010da ikoni\u010dni pas, na novo interpretiran z ro\u010dno poslikano grafiko, akvarelnimi toni in, kot vedno, z osebnostjo Manchester Cityja. Ta edinstvena ekskluzivna oblika je narejena za svetovno klubsko prvenstvo FIFA\u2122 in je na voljo omejen \u010das, dokler so zaloge na voljo.<\/p>\n<p>Suggerimenti per i calzini: la maglietta non include i calzini per impostazione predefinita. Se si desiderano i calzini, selezionare le opzioni relative ai calzini per pagarli.<\/p>\n<p>Suggerimento per la stampa: se il nome e il numero nell'immagine sono esattamente quelli desiderati, non \u00e8 necessario inserirli di nuovo. In caso contrario, inserire il nome e il numero desiderati.<\/p>\n<p>Consiglio per il lavaggio: si consiglia di lavare le maglie da calcio a mano. Se si desidera utilizzare una lavatrice, ricordarsi di girare la maglia e poi lavarla. Riempire la macchina con acqua fredda e utilizzare un ciclo di lavaggio delicato per proteggere maggiormente i colori.<\/p>","protected":false},"excerpt":{"rendered":"<p>Otro\u0161ke Nogometnih dresov Manchester City Doma\u010di Klubsko svetovno prvenstvo 2025 Klasika se vra\u010da \u2013 na novo narisana, prebarvana in pripravljena za uporabo. V kolekcijo PUMA x KIDSUPER se vra\u010da ikoni\u010dni pas, na novo interpretiran z ro\u010dno poslikano grafiko, akvarelnimi toni in, kot vedno, z osebnostjo Manchester Cityja. Ta edinstvena ekskluzivna oblika je narejena za svetovno [&hellip;]<\/p>","protected":false},"featured_media":25461,"comment_status":"open","ping_status":"closed","template":"","meta":[],"product_brand":[],"product_cat":[73,44],"product_tag":[483,837,490,220,159,148,147],"class_list":{"0":"post-25459","1":"product","2":"type-product","3":"status-publish","4":"has-post-thumbnail","6":"product_cat-otroski","7":"product_cat-nogometni-dresi-manchester-city","8":"product_tag-dresi-manchester-city-za-otroke","9":"product_tag-dresi-za-nogomet","10":"product_tag-nogometni-dresi-manchester-city-prodaja","11":"product_tag-nogometni-dresi-za-otroke","12":"product_tag-otroski-nogometni-dresi","13":"product_tag-poceni-nogometni-dresi","14":"product_tag-slovenski-nogometni-dresi","16":"first","17":"instock","18":"shipping-taxable","19":"purchasable","20":"product-type-variable"},"_links":{"self":[{"href":"https:\/\/www.nogometnizaotroke.com\/it\/wp-json\/wp\/v2\/product\/25459","targetHints":{"allow":["GET"]}}],"collection":[{"href":"https:\/\/www.nogometnizaotroke.com\/it\/wp-json\/wp\/v2\/product"}],"about":[{"href":"https:\/\/www.nogometnizaotroke.com\/it\/wp-json\/wp\/v2\/types\/product"}],"replies":[{"embeddable":true,"href":"https:\/\/www.nogometnizaotroke.com\/it\/wp-json\/wp\/v2\/comments?post=25459"}],"wp:featuredmedia":[{"embeddable":true,"href":"https:\/\/www.nogometnizaotroke.com\/it\/wp-json\/wp\/v2\/media\/25461"}],"wp:attachment":[{"href":"https:\/\/www.nogometnizaotroke.com\/it\/wp-json\/wp\/v2\/media?parent=25459"}],"wp:term":[{"taxonomy":"product_brand","embeddable":true,"href":"https:\/\/www.nogometnizaotroke.com\/it\/wp-json\/wp\/v2\/product_brand?post=25459"},{"taxonomy":"product_cat","embeddable":true,"href":"https:\/\/www.nogometnizaotroke.com\/it\/wp-json\/wp\/v2\/product_cat?post=25459"},{"taxonomy":"product_tag","embeddable":true,"href":"https:\/\/www.nogometnizaotroke.com\/it\/wp-json\/wp\/v2\/product_tag?post=25459"}],"curies":[{"name":"wp","href":"https:\/\/api.w.org\/{rel}","templated":true}]}}