{"id":24295,"date":"2025-05-21T12:59:56","date_gmt":"2025-05-21T12:59:56","guid":{"rendered":"https:\/\/www.nogometnizaotroke.com\/?post_type=product&#038;p=24295"},"modified":"2025-05-24T10:28:33","modified_gmt":"2025-05-24T10:28:33","slug":"najcenejsi-otroske-nogometnih-dresov-kompleti-atletico-madrid-vratar-2024-25-oranzna","status":"publish","type":"product","link":"https:\/\/www.nogometnizaotroke.com\/it\/product\/najcenejsi-otroske-nogometnih-dresov-kompleti-atletico-madrid-vratar-2024-25-oranzna\/","title":{"rendered":"Najcenej\u0161i Otro\u0161ke Nogometnih dresov kompleti Atletico Madrid Vratar 2024-25 oran\u017ena"},"content":{"rendered":"<h3>Najcenej\u0161i Otro\u0161ki\u00a0nogometni\u00a0dresi kompleti Atletico Madrid Vratar 2024-25 oran\u017ena<\/h3>\n<p>Suggerimenti per i calzini: la maglietta non include i calzini per impostazione predefinita. Se si desiderano i calzini, selezionare le opzioni relative ai calzini per pagarli.<\/p>\n<p>Suggerimento per la stampa: se il nome e il numero nell'immagine sono esattamente quelli desiderati, non \u00e8 necessario inserirli di nuovo. In caso contrario, inserire il nome e il numero desiderati.<\/p>\n<p>Consiglio per il lavaggio: si consiglia di lavare le maglie da calcio a mano. Se si desidera utilizzare una lavatrice, ricordarsi di girare la maglia e poi lavarla. Riempire la macchina con acqua fredda e utilizzare un ciclo di lavaggio delicato per proteggere maggiormente i colori.<\/p>","protected":false},"excerpt":{"rendered":"<p>Najcenej\u0161i Otro\u0161ki\u00a0nogometni\u00a0dresi kompleti Atletico Madrid Vratar 2024-25 oran\u017ena Nasveti za nogavice: Majica ne vsebuje nogavic privzeto. \u010ce \u017eelite nogavice, izberite mo\u017enosti nogavic, da jih pla\u010date. Nasveti za tiskom: \u010ce sta ime in \u0161tevilka na sliki natanko to, kar \u017eelite, vam tega ni treba ve\u010d vna\u0161ati. \u010ce ni, potem vnesite \u017eeleno ime in \u0161tevilko. Nasveti za [&hellip;]<\/p>","protected":false},"featured_media":24297,"comment_status":"open","ping_status":"closed","template":"","meta":[],"product_brand":[],"product_cat":[73,41],"product_tag":[1804,1805,1806,1807,1808,220,159,148],"class_list":{"0":"post-24295","1":"product","2":"type-product","3":"status-publish","4":"has-post-thumbnail","6":"product_cat-otroski","7":"product_cat-nogometni-dresi-atletico-madrid","8":"product_tag-atletico-madrid-dresi-prodaja","9":"product_tag-atletico-madrid-dresi-slovenija","10":"product_tag-atletico-madrid-dresi-trgovina","11":"product_tag-atletico-madrid-dresi-za-nogomet","12":"product_tag-atletico-madrid-dresi-za-otroke","13":"product_tag-nogometni-dresi-za-otroke","14":"product_tag-otroski-nogometni-dresi","15":"product_tag-poceni-nogometni-dresi","17":"first","18":"instock","19":"shipping-taxable","20":"purchasable","21":"product-type-variable"},"_links":{"self":[{"href":"https:\/\/www.nogometnizaotroke.com\/it\/wp-json\/wp\/v2\/product\/24295","targetHints":{"allow":["GET"]}}],"collection":[{"href":"https:\/\/www.nogometnizaotroke.com\/it\/wp-json\/wp\/v2\/product"}],"about":[{"href":"https:\/\/www.nogometnizaotroke.com\/it\/wp-json\/wp\/v2\/types\/product"}],"replies":[{"embeddable":true,"href":"https:\/\/www.nogometnizaotroke.com\/it\/wp-json\/wp\/v2\/comments?post=24295"}],"wp:featuredmedia":[{"embeddable":true,"href":"https:\/\/www.nogometnizaotroke.com\/it\/wp-json\/wp\/v2\/media\/24297"}],"wp:attachment":[{"href":"https:\/\/www.nogometnizaotroke.com\/it\/wp-json\/wp\/v2\/media?parent=24295"}],"wp:term":[{"taxonomy":"product_brand","embeddable":true,"href":"https:\/\/www.nogometnizaotroke.com\/it\/wp-json\/wp\/v2\/product_brand?post=24295"},{"taxonomy":"product_cat","embeddable":true,"href":"https:\/\/www.nogometnizaotroke.com\/it\/wp-json\/wp\/v2\/product_cat?post=24295"},{"taxonomy":"product_tag","embeddable":true,"href":"https:\/\/www.nogometnizaotroke.com\/it\/wp-json\/wp\/v2\/product_tag?post=24295"}],"curies":[{"name":"wp","href":"https:\/\/api.w.org\/{rel}","templated":true}]}}